{"id":20548,"date":"2025-03-13T09:14:16","date_gmt":"2025-03-13T08:14:16","guid":{"rendered":"http:\/\/ksiegarnia-akademicka.pl\/?post_type=product&#038;p=20548"},"modified":"2025-03-13T09:14:17","modified_gmt":"2025-03-13T08:14:17","slug":"maly-ilustrowany-przewodnik-po-intymnosci-wagina-macica-lechtaczka-i-inne-sekrety-kobiecej-anatomii","status":"publish","type":"product","link":"http:\/\/ksiegarnia-akademicka.pl\/index.php\/product\/maly-ilustrowany-przewodnik-po-intymnosci-wagina-macica-lechtaczka-i-inne-sekrety-kobiecej-anatomii\/","title":{"rendered":"Ma\u0142y ilustrowany przewodnik po intymno\u015bci Wagina, macica, \u0142echtaczka i inne sekrety kobiecej anatomii"},"content":{"rendered":"<div class=\"grupa osoby\"><span class=\"meta-head\">Autor:<\/span><\/p>\n<ul>\n<li class=\"meta-value\">Tiphaine Dieumegard<\/li>\n<\/ul>\n<\/div>\n<div class=\"grupa osoby\"><span class=\"meta-head-blue\">T\u0142umacze:<\/span>\u00a0<span class=\"meta-value\">Maksymowicz-Hamann Jowita<\/span><\/div>\n<div class=\"grupa wydawca\"><span class=\"meta-head\">Wydawca:<\/span>\u00a0Mamania<\/div>\n<div class=\"grupa dane\">\n<div>Oprawa:\u00a0<span class=\"meta-value-bold\">Twarda<\/span><\/div>\n<div>Format:\u00a0<span class=\"meta-value-bold\">20.0&#215;25.0cm<\/span><\/div>\n<div>Liczba stron:\u00a0<span class=\"meta-value-bold\">56<\/span><\/div>\n<div>Wydanie:\u00a0<span class=\"meta-value-bold\">1<\/span><\/div>\n<div>Rok wydania:\u00a0<span class=\"meta-value-bold\">2025<\/span><\/div>\n<div>J\u0119zyk wydania:\u00a0<span class=\"meta-value-bold\">polski<\/span><\/div>\n<\/div>\n<div><\/div>\n<div>Wydawniczy fenomen we Francji, kilkadziesi\u0105t tysi\u0119cy sprzedanych egzemplarzy. Poradnik doceniony za otwarto\u015b\u0107 w m\u00f3wieniu o kobiecej fizjologii i pi\u0119kne ilustracje. Czym jest cykl menstruacyjny i jak wp\u0142ywa na cia\u0142o? Czym siusiamy, a jak zbudowana jest pochwa? Czy wiesz, jak rozwija si\u0119 p\u0142\u00f3d i czym jest \u0142echtaczka? Ta pi\u0119knie zilustrowana ksi\u0105\u017cka rozwiewa tabu i mity na temat budowy kobiecego cia\u0142a, odpowiada na wiele pyta\u0144 i w\u0105tpliwo\u015bci, a tak\u017ce przekazuje naukow\u0105 wiedz\u0119 w przyst\u0119pny spos\u00f3b. Lekko, prosto, obrazowo i bez wstydu \u2013 bo wiedza o w\u0142asnej intymno\u015bci to pierwszy krok do lepszego samopoczucia i pewno\u015bci siebie! Poradnik polecany przez specjalist\u00f3w jako warto\u015bciowe \u017ar\u00f3d\u0142o wiedzy dla dzieci ciekawych swojego cia\u0142a. Mathilde Baudy \u2013 autorka i ilustratorka, mama dw\u00f3ch dziewczynek. Pracowa\u0142a przy filmach animowanych oraz jako nauczycielka plastyki. Dzia\u0142a na rzecz praw kobiet oraz ekologii. Tiphaine Dieumegard \u2013 autorka, po\u0142o\u017cna, mama trzech dziewczynek.<\/div>\n","protected":false},"excerpt":{"rendered":"<p>Autor: Tiphaine Dieumegard T\u0142umacze:\u00a0Maksymowicz-Hamann Jowita Wydawca:\u00a0Mamania Oprawa:\u00a0Twarda Format:\u00a020.0&#215;25.0cm Liczba stron:\u00a056 [&hellip;]<\/p>\n","protected":false},"featured_media":20549,"template":"","meta":[],"product_brand":[],"product_cat":[7625,7530],"product_tag":[6184],"class_list":{"0":"post-20548","1":"product","2":"type-product","3":"status-publish","4":"has-post-thumbnail","6":"product_cat-nauki-o-zdrowiu","7":"product_cat-nowosci","8":"product_tag-nauki-o-zdrowiu","10":"first","11":"instock","12":"sale","13":"shipping-taxable","14":"purchasable","15":"product-type-simple"},"_links":{"self":[{"href":"http:\/\/ksiegarnia-akademicka.pl\/index.php\/wp-json\/wp\/v2\/product\/20548","targetHints":{"allow":["GET"]}}],"collection":[{"href":"http:\/\/ksiegarnia-akademicka.pl\/index.php\/wp-json\/wp\/v2\/product"}],"about":[{"href":"http:\/\/ksiegarnia-akademicka.pl\/index.php\/wp-json\/wp\/v2\/types\/product"}],"wp:featuredmedia":[{"embeddable":true,"href":"http:\/\/ksiegarnia-akademicka.pl\/index.php\/wp-json\/wp\/v2\/media\/20549"}],"wp:attachment":[{"href":"http:\/\/ksiegarnia-akademicka.pl\/index.php\/wp-json\/wp\/v2\/media?parent=20548"}],"wp:term":[{"taxonomy":"product_brand","embeddable":true,"href":"http:\/\/ksiegarnia-akademicka.pl\/index.php\/wp-json\/wp\/v2\/product_brand?post=20548"},{"taxonomy":"product_cat","embeddable":true,"href":"http:\/\/ksiegarnia-akademicka.pl\/index.php\/wp-json\/wp\/v2\/product_cat?post=20548"},{"taxonomy":"product_tag","embeddable":true,"href":"http:\/\/ksiegarnia-akademicka.pl\/index.php\/wp-json\/wp\/v2\/product_tag?post=20548"}],"curies":[{"name":"wp","href":"https:\/\/api.w.org\/{rel}","templated":true}]}}