{"id":20521,"date":"2025-03-12T10:04:41","date_gmt":"2025-03-12T09:04:41","guid":{"rendered":"http:\/\/ksiegarnia-akademicka.pl\/?post_type=product&#038;p=20521"},"modified":"2025-03-12T10:04:42","modified_gmt":"2025-03-12T09:04:42","slug":"japonia-kraj-mozliwosci","status":"publish","type":"product","link":"http:\/\/ksiegarnia-akademicka.pl\/index.php\/product\/japonia-kraj-mozliwosci\/","title":{"rendered":"Japonia. Kraj mo\u017cliwo\u015bci"},"content":{"rendered":"<div class=\"grupa osoby\"><span class=\"meta-head-blue\">Autor:<\/span><\/p>\n<ul>\n<li class=\"meta-value\">Jurczak Zofia<\/li>\n<\/ul>\n<\/div>\n<div class=\"grupa wydawca\"><span class=\"meta-head\">Wydawca:<\/span>\u00a0Bezdro\u017ca<\/div>\n<div class=\"grupa dane\">\n<div>Oprawa:\u00a0<span class=\"meta-value-bold\">Mi\u0119kka ze skrzyde\u0142kami<\/span><\/div>\n<div>Format:\u00a0<span class=\"meta-value-bold\">14.0&#215;20.8cm<\/span><\/div>\n<div>Liczba stron:\u00a0<span class=\"meta-value-bold\">272<\/span><\/div>\n<div>Rok wydania:\u00a0<span class=\"meta-value-bold\">2025<\/span><\/div>\n<div>J\u0119zyk wydania:\u00a0<span class=\"meta-value-bold\">polski<\/span><\/div>\n<\/div>\n<div><\/div>\n<div>Ta ksi\u0105\u017cka zabierze Ci\u0119 w wyj\u0105tkow\u0105 podr\u00f3\u017c po Japonii, kraju pe\u0142nym tajemnic i kontrast\u00f3w. Od futurystycznego zgie\u0142ku Tokio po owiane legendami mistyczne wyspy, od majestatycznych \u015bwi\u0105ty\u0144 Kioto po kulinarne osobliwo\u015bci \u2015 odkryjesz, jak codzienno\u015b\u0107 splata si\u0119 tu z duchowo\u015bci\u0105, a nowoczesno\u015b\u0107 harmonizuje z tradycj\u0105.<br \/>\nZanurz si\u0119 w fascynuj\u0105ce opowie\u015bci o japo\u0144skich poci\u0105gach, rytua\u0142ach k\u0105pieli, sporach o wyspy czy kulturze kopiowania. Zajrzyj do miejsc, w kt\u00f3rych natura zachwyca i przera\u017ca, a ludzie wynosz\u0105 na o\u0142tarze to, co przybyszom mo\u017ce si\u0119 wydawa\u0107 niewyobra\u017calne.<br \/>\nTo nie jest zwyk\u0142y reporta\u017c \u2015 to wyprawa pe\u0142na emocji, zaskocze\u0144 i inspiracji. Wyrusz na spotkanie z Japoni\u0105, kt\u00f3ra nie przestaje zadziwia\u0107!<br \/>\nIdealna lektura dla ka\u017cdego, kto pragnie pozna\u0107 prawdziwe oblicze tego niezwyk\u0142ego archipelagu.<\/div>\n","protected":false},"excerpt":{"rendered":"<p>Autor: Jurczak Zofia Wydawca:\u00a0Bezdro\u017ca Oprawa:\u00a0Mi\u0119kka ze skrzyde\u0142kami Format:\u00a014.0&#215;20.8cm Liczba stron:\u00a0272 [&hellip;]<\/p>\n","protected":false},"featured_media":20522,"template":"","meta":[],"product_brand":[],"product_cat":[7707,7530],"product_tag":[6639,4548],"class_list":{"0":"post-20521","1":"product","2":"type-product","3":"status-publish","4":"has-post-thumbnail","6":"product_cat-literatura","7":"product_cat-nowosci","8":"product_tag-japonia","9":"product_tag-reportaz","11":"first","12":"instock","13":"sale","14":"shipping-taxable","15":"purchasable","16":"product-type-simple"},"_links":{"self":[{"href":"http:\/\/ksiegarnia-akademicka.pl\/index.php\/wp-json\/wp\/v2\/product\/20521","targetHints":{"allow":["GET"]}}],"collection":[{"href":"http:\/\/ksiegarnia-akademicka.pl\/index.php\/wp-json\/wp\/v2\/product"}],"about":[{"href":"http:\/\/ksiegarnia-akademicka.pl\/index.php\/wp-json\/wp\/v2\/types\/product"}],"wp:featuredmedia":[{"embeddable":true,"href":"http:\/\/ksiegarnia-akademicka.pl\/index.php\/wp-json\/wp\/v2\/media\/20522"}],"wp:attachment":[{"href":"http:\/\/ksiegarnia-akademicka.pl\/index.php\/wp-json\/wp\/v2\/media?parent=20521"}],"wp:term":[{"taxonomy":"product_brand","embeddable":true,"href":"http:\/\/ksiegarnia-akademicka.pl\/index.php\/wp-json\/wp\/v2\/product_brand?post=20521"},{"taxonomy":"product_cat","embeddable":true,"href":"http:\/\/ksiegarnia-akademicka.pl\/index.php\/wp-json\/wp\/v2\/product_cat?post=20521"},{"taxonomy":"product_tag","embeddable":true,"href":"http:\/\/ksiegarnia-akademicka.pl\/index.php\/wp-json\/wp\/v2\/product_tag?post=20521"}],"curies":[{"name":"wp","href":"https:\/\/api.w.org\/{rel}","templated":true}]}}