{"id":20475,"date":"2025-03-04T08:43:10","date_gmt":"2025-03-04T07:43:10","guid":{"rendered":"http:\/\/ksiegarnia-akademicka.pl\/?post_type=product&#038;p=20475"},"modified":"2025-03-04T09:08:30","modified_gmt":"2025-03-04T08:08:30","slug":"system-bankowy-w-polsce-wobec-wyzwan-gospodarczych-i-spolecznych-wybrane-zagadnienia","status":"publish","type":"product","link":"http:\/\/ksiegarnia-akademicka.pl\/index.php\/product\/system-bankowy-w-polsce-wobec-wyzwan-gospodarczych-i-spolecznych-wybrane-zagadnienia\/","title":{"rendered":"System bankowy w Polsce wobec wyzwa\u0144 gospodarczych i spo\u0142ecznych Wybrane zagadnienia"},"content":{"rendered":"<p>Autor: Arkadiusz Durasiewicz (red.), Ireneusz Pszcz\u00f3\u0142ka (red.)<\/p>\n<p>Wydawnictwo: Wydawnictwo Uniwersytetu Radomskiego<\/p>\n<p>Seria: Monografie<\/p>\n<p>Rok wydania: 2025<\/p>\n<p>Ilo\u015b\u0107 stron: 122<\/p>\n<p>&nbsp;<\/p>\n<p>Spis tre\u015bci:<\/p>\n<p>Przedmowa<\/p>\n<p>Rozw\u00f3j owych technologii i i us\u0142ug p\u0142atniczych w polskim sektorze finansowym, Wies\u0142aw Macierzy\u0144ski, Micha\u0142 Macierzy\u0144ski<\/p>\n<p>Wzrost znaczenia CSR w okresie pandemii COVID-19 na przyk\u0142adzie wybranych przedsi\u0119biorstw sektora bankowego i paliwowego w Polsce, Arkadiusz Durasiewicz<\/p>\n<p>Kana\u0142y transmisji polityki pieni\u0119\u017cnej w Polsce, Ireneusz Pszcz\u00f3\u0142ka<\/p>\n<p>Bankowo\u015b\u0107 centralna w warunkach kryzysu, Marzena Sobol<\/p>\n<p>Mechanizmy polityki pieni\u0119\u017cnej NBP wobec wsp\u00f3\u0142czesnych kryzys\u00f3w gospodarczych, Joanna Bukowska<\/p>\n<p>Noty o autorach<\/p>\n","protected":false},"excerpt":{"rendered":"<p>Autor: Arkadiusz Durasiewicz (red.), Ireneusz Pszcz\u00f3\u0142ka (red.) Wydawnictwo: Wydawnictwo Uniwersytetu [&hellip;]<\/p>\n","protected":false},"featured_media":20478,"template":"","meta":[],"product_brand":[],"product_cat":[20,7503,7523,7530,43],"product_tag":[411,8228,434],"class_list":{"0":"post-20475","1":"product","2":"type-product","3":"status-publish","4":"has-post-thumbnail","6":"product_cat-bankowosc","7":"product_cat-bankowosc-i-prawo-bankowe","8":"product_cat-nauki-ekonomiczne","9":"product_cat-nowosci","10":"product_cat-wydawnictwo-uth","11":"product_tag-bankowosc","12":"product_tag-seria-monografie-uniwersytetu-radomskiego","13":"product_tag-system-bankowy","15":"first","16":"instock","17":"sale","18":"shipping-taxable","19":"purchasable","20":"product-type-simple"},"_links":{"self":[{"href":"http:\/\/ksiegarnia-akademicka.pl\/index.php\/wp-json\/wp\/v2\/product\/20475","targetHints":{"allow":["GET"]}}],"collection":[{"href":"http:\/\/ksiegarnia-akademicka.pl\/index.php\/wp-json\/wp\/v2\/product"}],"about":[{"href":"http:\/\/ksiegarnia-akademicka.pl\/index.php\/wp-json\/wp\/v2\/types\/product"}],"wp:featuredmedia":[{"embeddable":true,"href":"http:\/\/ksiegarnia-akademicka.pl\/index.php\/wp-json\/wp\/v2\/media\/20478"}],"wp:attachment":[{"href":"http:\/\/ksiegarnia-akademicka.pl\/index.php\/wp-json\/wp\/v2\/media?parent=20475"}],"wp:term":[{"taxonomy":"product_brand","embeddable":true,"href":"http:\/\/ksiegarnia-akademicka.pl\/index.php\/wp-json\/wp\/v2\/product_brand?post=20475"},{"taxonomy":"product_cat","embeddable":true,"href":"http:\/\/ksiegarnia-akademicka.pl\/index.php\/wp-json\/wp\/v2\/product_cat?post=20475"},{"taxonomy":"product_tag","embeddable":true,"href":"http:\/\/ksiegarnia-akademicka.pl\/index.php\/wp-json\/wp\/v2\/product_tag?post=20475"}],"curies":[{"name":"wp","href":"https:\/\/api.w.org\/{rel}","templated":true}]}}