{"id":20419,"date":"2025-02-25T13:26:32","date_gmt":"2025-02-25T12:26:32","guid":{"rendered":"http:\/\/ksiegarnia-akademicka.pl\/?post_type=product&#038;p=20419"},"modified":"2025-02-25T13:26:32","modified_gmt":"2025-02-25T12:26:32","slug":"miasto-i-dzungla-jak-natura-wrosla-w-cywilizacje","status":"publish","type":"product","link":"http:\/\/ksiegarnia-akademicka.pl\/index.php\/product\/miasto-i-dzungla-jak-natura-wrosla-w-cywilizacje\/","title":{"rendered":"Miasto i d\u017cungla Jak natura wros\u0142a w cywilizacj\u0119"},"content":{"rendered":"<div class=\"grupa osoby\"><span class=\"meta-head\">Autor:<\/span><\/p>\n<ul>\n<li class=\"meta-value\">Ben Wilson<\/li>\n<\/ul>\n<\/div>\n<div class=\"grupa osoby\"><span class=\"meta-head-blue\">T\u0142umacze:<\/span>\u00a0<span class=\"meta-value\">Skowron Monika<\/span><\/div>\n<div class=\"grupa wydawca\"><span class=\"meta-head\">Wydawca:<\/span>\u00a0Znak<\/div>\n<div class=\"grupa dane\">\n<div>Oprawa:\u00a0<span class=\"meta-value-bold\">Twarda<\/span><\/div>\n<div>Format:\u00a0<span class=\"meta-value-bold\">14.4&#215;20.5cm<\/span><\/div>\n<div>Liczba stron:\u00a0<span class=\"meta-value-bold\">416<\/span><\/div>\n<div>Rok wydania:\u00a0<span class=\"meta-value-bold\">2025<\/span><\/div>\n<div>J\u0119zyk wydania:\u00a0<span class=\"meta-value-bold\">polski<\/span><\/div>\n<\/div>\n<div><\/div>\n<div>Przedmie\u015bcia. Obrze\u017ca. Mi\u0119dzystrefy. Miejsca na styku ukrytych za murami cywilizacji i dzikiej przyrody, coraz bardziej zaw\u0142aszczanej przez cz\u0142owieka i coraz mniej go chroni\u0105cej. Nowy Jork zasypa\u0142 \u015bmieciami mokrad\u0142a wielko\u015bci Manhattanu. Nowe Delhi wyci\u0119\u0142o lasy na grzbiecie pasma Aravalli. Od tysi\u0119cy lat budowali\u015bmy miasta, \u017ceby oddzieli\u0107 si\u0119 od natury, ale epoka przemys\u0142owa gwa\u0142townie przyspieszy\u0142a ten proces. Teraz zmagamy si\u0119 z powodziami, podmuchami kurzu z pustyni, upa\u0142u z pustyni i smogiem. I zaczynamy na nowo wprowadza\u0107 do miast to, co wcze\u015bniej z nich wyrzucali\u015bmy. Do Brisbane wr\u00f3ci\u0142y koale. Nowy Jork to dom dla soko\u0142\u00f3w w\u0119drownych. A Amsterdam jest na dobrej drodze, by do 2050 roku mie\u0107 gospodark\u0119 zeroemisyjn\u0105. Przyroda powoli odradza si\u0119 nawet w najwi\u0119kszych aglomeracjach. * Ben Wilson, autor monumentalnego Metropolis, powraca z histori\u0105 fascynuj\u0105cych i nieoczywistych zale\u017cno\u015bci mi\u0119dzy ludzko\u015bci\u0105 a otaczaj\u0105c\u0105 nas natur\u0105. Czy to w staro\u017cytnych ogrodach Niniwy i Babilonu, czy we wsp\u00f3\u0142czesnych mikrod\u017cunglach Bengaluru \u2013 pokazuje miasta pe\u0142ne zieleni i \u017cycia i daje nadziej\u0119, \u017ce przysz\u0142o\u015b\u0107 ludzko\u015bci maluje si\u0119 w soczystych barwach.<\/div>\n","protected":false},"excerpt":{"rendered":"<p>Autor: Ben Wilson T\u0142umacze:\u00a0Skowron Monika Wydawca:\u00a0Znak Oprawa:\u00a0Twarda Format:\u00a014.4&#215;20.5cm Liczba stron:\u00a0416 [&hellip;]<\/p>\n","protected":false},"featured_media":20420,"template":"","meta":[],"product_brand":[],"product_cat":[38,27,7530,7508],"product_tag":[3636,4652],"class_list":{"0":"post-20419","1":"product","2":"type-product","3":"status-publish","4":"has-post-thumbnail","6":"product_cat-historia","7":"product_cat-nauki-spoleczne","8":"product_cat-nowosci","9":"product_cat-socjologia","10":"product_tag-miasto","11":"product_tag-przyroda","13":"first","14":"instock","15":"sale","16":"shipping-taxable","17":"purchasable","18":"product-type-simple"},"_links":{"self":[{"href":"http:\/\/ksiegarnia-akademicka.pl\/index.php\/wp-json\/wp\/v2\/product\/20419","targetHints":{"allow":["GET"]}}],"collection":[{"href":"http:\/\/ksiegarnia-akademicka.pl\/index.php\/wp-json\/wp\/v2\/product"}],"about":[{"href":"http:\/\/ksiegarnia-akademicka.pl\/index.php\/wp-json\/wp\/v2\/types\/product"}],"wp:featuredmedia":[{"embeddable":true,"href":"http:\/\/ksiegarnia-akademicka.pl\/index.php\/wp-json\/wp\/v2\/media\/20420"}],"wp:attachment":[{"href":"http:\/\/ksiegarnia-akademicka.pl\/index.php\/wp-json\/wp\/v2\/media?parent=20419"}],"wp:term":[{"taxonomy":"product_brand","embeddable":true,"href":"http:\/\/ksiegarnia-akademicka.pl\/index.php\/wp-json\/wp\/v2\/product_brand?post=20419"},{"taxonomy":"product_cat","embeddable":true,"href":"http:\/\/ksiegarnia-akademicka.pl\/index.php\/wp-json\/wp\/v2\/product_cat?post=20419"},{"taxonomy":"product_tag","embeddable":true,"href":"http:\/\/ksiegarnia-akademicka.pl\/index.php\/wp-json\/wp\/v2\/product_tag?post=20419"}],"curies":[{"name":"wp","href":"https:\/\/api.w.org\/{rel}","templated":true}]}}