{"id":20409,"date":"2025-02-25T13:11:54","date_gmt":"2025-02-25T12:11:54","guid":{"rendered":"http:\/\/ksiegarnia-akademicka.pl\/?post_type=product&#038;p=20409"},"modified":"2025-02-25T13:11:55","modified_gmt":"2025-02-25T12:11:55","slug":"tajemnica-pochodzenia-zycia-nieustajace-kontrowersje","status":"publish","type":"product","link":"http:\/\/ksiegarnia-akademicka.pl\/index.php\/product\/tajemnica-pochodzenia-zycia-nieustajace-kontrowersje\/","title":{"rendered":"Tajemnica pochodzenia \u017cycia Nieustaj\u0105ce kontrowersje"},"content":{"rendered":"<div class=\"grupa osoby\"><span class=\"meta-head\">Autor:<\/span><\/p>\n<ul>\n<li class=\"meta-value\">B. Thaxton Charles<\/li>\n<\/ul>\n<\/div>\n<div class=\"grupa osoby\"><span class=\"meta-head-blue\">T\u0142umacze:<\/span>\u00a0<span class=\"meta-value\">Gomola Aleksander<\/span><\/div>\n<div class=\"grupa wydawca\"><span class=\"meta-head\">Wydawca:<\/span>\u00a0FUNDACJA EN ARCHE<\/div>\n<div class=\"grupa dane\">\n<div>Oprawa:\u00a0<span class=\"meta-value-bold\">Twarda<\/span><\/div>\n<div>Format:\u00a0<span class=\"meta-value-bold\">16.0&#215;23.0cm<\/span><\/div>\n<div>Liczba stron:\u00a0<span class=\"meta-value-bold\">544<\/span><\/div>\n<div>Wydanie:\u00a0<span class=\"meta-value-bold\">1<\/span><\/div>\n<div>Rok wydania:\u00a0<span class=\"meta-value-bold\">2024<\/span><\/div>\n<div>J\u0119zyk wydania:\u00a0<span class=\"meta-value-bold\">polski<\/span><\/div>\n<\/div>\n<div><\/div>\n<div>W 1984 roku trzech odwa\u017cnych naukowc\u00f3w \u2013 Charles Thaxton, Walter Bradley i Roger Olsen \u2013 przedstawi\u0142o wnikliw\u0105 ocen\u0119 \u00f3wczesnych teorii naukowych dotycz\u0105cych pochodzenia \u017cycia. G\u0142\u00f3wna teza ich pracy by\u0142a zaskakuj\u0105ca \u2013 pr\u00f3by rozwi\u0105zania tego problemu to ci\u0105g kolosalnych pora\u017cek i dlatego nale\u017cy ponownie przemy\u015ble\u0107 to zagadnienie. 35 lat p\u00f3\u017aniej problemy przedstawione przez tych naukowc\u00f3w s\u0105 nie tylko nadal aktualne, ale i przybra\u0142y na sile.<\/p>\n<p>Tajemnica pochodzenia \u017cycia. Nieustaj\u0105ce kontrowersje to nowe wydanie tej klasycznej ju\u017c pracy. Ksi\u0105\u017cka pokazuje, \u017ce powstanie \u017cycia z \u201enie\u017cycia\u201d pozostaje jedn\u0105 z najwi\u0119kszych i nadal nierozwi\u0105zanych zagadek wsp\u00f3\u0142czesnej nauki. Autorzy \u2013 Charles B. Thaxton, Walter Bradley, Roger L. Olsen, David Klinghoffer, James Tour, Brian Miller, Guillermo Gonzalez, Jonathan Wells i Stephen C. Meyer \u2013 przedstawiaj\u0105 i omawiaj\u0105 najnowsze doniesienia naukowe w tej sprawie. Uczeni pokazuj\u0105, dlaczego rozwi\u0105zanie tajemnicy pochodzenia \u017cycia wci\u0105\u017c wymyka si\u0119 wsp\u00f3\u0142czesnej nauce. Omawiaj\u0105 nie tylko teori\u0119 abiogenezy, ale tak\u017ce wskazuj\u0105 na problemy zwi\u0105zane z termodynamik\u0105 struktur biologicznych i w\u0105skim zakresem warunk\u00f3w \u015brodowiskowych umo\u017cliwiaj\u0105cych powstanie i rozw\u00f3j \u017cycia. Ksi\u0105\u017cka przedstawia tak\u017ce najwi\u0119ksze pomy\u0142ki darwinizmu, kt\u00f3ry nadal s\u0105 powtarzane na kursach biologicznych jako \u015bwiadectwa przemawiaj\u0105ce na rzecz materialistycznej teorii ewolucji. Wnioski autor\u00f3w zainspirowa\u0142y nowe pokolenie uczonych do poszukiwania nowych podej\u015b\u0107 do tajemnicy pochodzenia \u017cycia. Badacze coraz cz\u0119\u015bciej dochodz\u0105 do wniosku, \u017ce rozwi\u0105zanie tej tajemnicy jest nieosi\u0105galne na gruncie darwinizmu, poniewa\u017c dane empiryczne wskazuj\u0105, \u017ce w przyrodzie znajduj\u0105 si\u0119 wyra\u017ane \u015blady celowo\u015bci.<\/p>\n<p>Seria Inteligentny Projekt to pierwsza tak ambitna i bogata propozycja na polskim rynku wydawniczym, w ramach kt\u00f3rej ukazuj\u0105 si\u0119 ksi\u0105\u017cki dotycz\u0105ce teorii inteligentnego projektu \u2013 Intelligent Design (ID).<\/p>\n<p>Autorzy zastanawiaj\u0105 si\u0119: czy r\u00f3\u017cnorodno\u015b\u0107 \u017cycia na Ziemi mo\u017ce by\u0107 wyja\u015bniona wy\u0142\u0105cznie przez procesy czysto przyrodnicze? Czy z\u0142o\u017cone struktury biologiczne mog\u0142y powsta\u0107 drog\u0105 przypadku i konieczno\u015bci, bez udzia\u0142u inteligencji? Czy Ziemia jest tylko jedn\u0105 z wielu niczym niewyr\u00f3\u017cniaj\u0105cych si\u0119 planet?<\/p>\n<p>Teoria inteligentnego projektu jest og\u00f3ln\u0105 teori\u0105 rozpoznawania projektu. Rozpoznawanie projektu ma szerokie zastosowanie w takich dziedzinach nauki, jak kryminalistyka, historia, kryptografia, astronomia i in\u017cynieria. Seria Inteligentny Projekt pokazuje, \u017ce koncepcja ID powinna by\u0107 stosowana r\u00f3wnie\u017c w zagadnieniach pochodzenia i rozwoju r\u00f3\u017cnych form \u017cycia, a tak\u017ce w pr\u00f3bie zrozumienia nas samych.<\/p><\/div>\n","protected":false},"excerpt":{"rendered":"<p>Autor: B. Thaxton Charles T\u0142umacze:\u00a0Gomola Aleksander Wydawca:\u00a0FUNDACJA EN ARCHE Oprawa:\u00a0Twarda [&hellip;]<\/p>\n","protected":false},"featured_media":20410,"template":"","meta":[],"product_brand":[],"product_cat":[7506,38,27,7530],"product_tag":[5978,8200,8532],"class_list":{"0":"post-20409","1":"product","2":"type-product","3":"status-publish","4":"has-post-thumbnail","6":"product_cat-filozofia","7":"product_cat-historia","8":"product_cat-nauki-spoleczne","9":"product_cat-nowosci","10":"product_tag-ewolucja","11":"product_tag-paleontologia","12":"product_tag-pochodzenie-zycia","14":"first","15":"instock","16":"sale","17":"shipping-taxable","18":"purchasable","19":"product-type-simple"},"_links":{"self":[{"href":"http:\/\/ksiegarnia-akademicka.pl\/index.php\/wp-json\/wp\/v2\/product\/20409","targetHints":{"allow":["GET"]}}],"collection":[{"href":"http:\/\/ksiegarnia-akademicka.pl\/index.php\/wp-json\/wp\/v2\/product"}],"about":[{"href":"http:\/\/ksiegarnia-akademicka.pl\/index.php\/wp-json\/wp\/v2\/types\/product"}],"wp:featuredmedia":[{"embeddable":true,"href":"http:\/\/ksiegarnia-akademicka.pl\/index.php\/wp-json\/wp\/v2\/media\/20410"}],"wp:attachment":[{"href":"http:\/\/ksiegarnia-akademicka.pl\/index.php\/wp-json\/wp\/v2\/media?parent=20409"}],"wp:term":[{"taxonomy":"product_brand","embeddable":true,"href":"http:\/\/ksiegarnia-akademicka.pl\/index.php\/wp-json\/wp\/v2\/product_brand?post=20409"},{"taxonomy":"product_cat","embeddable":true,"href":"http:\/\/ksiegarnia-akademicka.pl\/index.php\/wp-json\/wp\/v2\/product_cat?post=20409"},{"taxonomy":"product_tag","embeddable":true,"href":"http:\/\/ksiegarnia-akademicka.pl\/index.php\/wp-json\/wp\/v2\/product_tag?post=20409"}],"curies":[{"name":"wp","href":"https:\/\/api.w.org\/{rel}","templated":true}]}}