{"id":20407,"date":"2025-02-25T13:07:09","date_gmt":"2025-02-25T12:07:09","guid":{"rendered":"http:\/\/ksiegarnia-akademicka.pl\/?post_type=product&#038;p=20407"},"modified":"2025-02-25T13:07:09","modified_gmt":"2025-02-25T12:07:09","slug":"pulapka-na-darwina-michael-j-behe-odpowiada-krytykom","status":"publish","type":"product","link":"http:\/\/ksiegarnia-akademicka.pl\/index.php\/product\/pulapka-na-darwina-michael-j-behe-odpowiada-krytykom\/","title":{"rendered":"Pu\u0142apka na Darwina Michael J. Behe odpowiada krytykom"},"content":{"rendered":"<div class=\"grupa seria\"><span class=\"meta-head-blue\">Nale\u017cy do serii:<\/span><\/p>\n<ul>\n<li class=\"meta-value\">SERIA INTELIGENTNY PROJEKT<\/li>\n<\/ul>\n<\/div>\n<div class=\"grupa osoby\"><span class=\"meta-head\">Autor:<\/span><\/p>\n<ul>\n<li class=\"meta-value\">J. Behe Michael<\/li>\n<\/ul>\n<\/div>\n<div class=\"grupa osoby\"><span class=\"meta-head-blue\">T\u0142umacze:<\/span>\u00a0<span class=\"meta-value\">Dariusz Sagan<\/span><\/div>\n<div class=\"grupa wydawca\"><span class=\"meta-head\">Wydawca:<\/span>\u00a0FUNDACJA EN ARCHE<\/div>\n<div class=\"grupa dane\">\n<div>Oprawa:\u00a0<span class=\"meta-value-bold\">Mi\u0119kka<\/span><\/div>\n<div>Format:\u00a0<span class=\"meta-value-bold\">16.0&#215;23.0cm<\/span><\/div>\n<div>Liczba stron:\u00a0<span class=\"meta-value-bold\">728<\/span><\/div>\n<div>Wydanie:\u00a0<span class=\"meta-value-bold\">1<\/span><\/div>\n<div>Rok wydania:\u00a0<span class=\"meta-value-bold\">2025<\/span><\/div>\n<div>J\u0119zyk wydania:\u00a0<span class=\"meta-value-bold\">polski<\/span><\/div>\n<\/div>\n<div><\/div>\n<div>W 1996 roku \u201eCzarna skrzynka Darwina\u201d sprawi\u0142a, \u017ce wszyscy uczeni zajmuj\u0105cy si\u0119 problematyk\u0105 pochodzenia i rozwoju \u017cycia na Ziemi komentowali pogl\u0105dy ameryka\u0144skiego biochemika Michaela Behego. Jego kolejne ksi\u0105\u017cki \u2013 \u201eGranica ewolucja i Dewolucja\u201d \u2013 zawiera\u0142y ostr\u0105 krytyk\u0119 darwinizmu i r\u00f3wnie\u017c wzbudzi\u0142y gor\u0105ce dyskusje. W wi\u0119kszo\u015bci by\u0142y to opinie, na kt\u00f3re Behe regularnie odpowiada\u0142, mi\u0119dzy innymi w \u201eNew York Timesie\u201d, na blogach naukowych czy w czasopi\u015bmie \u201eScience\u201d. Te odpowiedzi, jak r\u00f3wnie\u017c kilka zupe\u0142nie nowych tekst\u00f3w, zebrano w \u201ePu\u0142apce na Darwina\u201d.<\/p>\n<p>Autor argumentuje, \u017ce najnowsze dane empiryczne \u2013 uzyskane na przyk\u0142ad w ramach bada\u0144 ewolucji drobnoustroj\u00f3w lub mutacji wyst\u0119puj\u0105cych u ps\u00f3w i nied\u017awiedzi polarnych \u2013 wskazuj\u0105, \u017ce proces ewolucji nap\u0119dzany losowymi mutacjami nie mo\u017ce wytworzy\u0107 z\u0142o\u017conej maszynerii molekularnej niezb\u0119dnej do \u017cycia. Co wi\u0119c kryje si\u0119 za z\u0142o\u017cono\u015bci\u0105 struktur biologicznych? Behe jest przekonany, \u017ce odpowiedzi dostarcza teoria inteligentnego projektu. Na stronach najnowszej ksi\u0105\u017cki pokazuje, \u017ce wi\u0119kszo\u015b\u0107 stawianych mu zarzut\u00f3w nie ma charakteru merytorycznego. Zdumiewa to tym bardziej, \u017ce autorami tych zarzut\u00f3w s\u0105 \u015bwiatowej s\u0142awy naukowcy. Ksi\u0105\u017cka Behego dowodzi, \u017ce teoria inteligentnego projektu mo\u017ce \u015bmia\u0142o rywalizowa\u0107 z dominuj\u0105cym podej\u015bciem, o ile rywalizacja ta b\u0119dzie przebiega\u0142a na gruncie nauki.<\/p>\n<p>MICHAEL J. BEHE \u2013 biochemik, zwolennik teorii inteligentnego projektu i autor ksi\u0105\u017cek Czarna skrzynka Darwina, Granica ewolucji oraz Dewolucja. Jest cz\u0142onkiem Center for Science and Culture przy Discovery Institute oraz profesorem na Wydziale Nauk Biologicznych Uniwersytetu Lehigh.<\/p>\n<p>Seria Inteligentny Projekt to pierwsza tak ambitna i bogata propozycja na polskim rynku wydawniczym, w ramach kt\u00f3rej ukazuj\u0105 si\u0119 ksi\u0105\u017cki dotycz\u0105ce teorii inteligentnego projektu \u2013 Intelligent Design (ID).<\/p>\n<p>Autorzy zastanawiaj\u0105 si\u0119: czy r\u00f3\u017cnorodno\u015b\u0107 \u017cycia na Ziemi mo\u017ce by\u0107 wyja\u015bniona wy\u0142\u0105cznie przez procesy czysto przyrodnicze? Czy z\u0142o\u017cone struktury biologiczne mog\u0142y powsta\u0107 drog\u0105 przypadku i konieczno\u015bci, bez udzia\u0142u inteligencji? Czy Ziemia jest tylko jedn\u0105 z wielu niczym niewyr\u00f3\u017cniaj\u0105cych si\u0119 planet?<\/p>\n<p>Teoria inteligentnego projektu jest og\u00f3ln\u0105 teori\u0105 rozpoznawania projektu. Rozpoznawanie projektu ma szerokie zastosowanie w takich dziedzinach nauki, jak kryminalistyka, historia, kryptografia, astronomia i in\u017cynieria. Seria Inteligentny Projekt pokazuje, \u017ce koncepcja ID powinna by\u0107 stosowana r\u00f3wnie\u017c w zagadnieniach pochodzenia i rozwoju r\u00f3\u017cnych form \u017cycia, a tak\u017ce w pr\u00f3bie zrozumienia nas samych.<\/p><\/div>\n","protected":false},"excerpt":{"rendered":"<p>Nale\u017cy do serii: SERIA INTELIGENTNY PROJEKT Autor: J. Behe Michael [&hellip;]<\/p>\n","protected":false},"featured_media":20408,"template":"","meta":[],"product_brand":[],"product_cat":[38,7530],"product_tag":[5978,8531,8200],"class_list":{"0":"post-20407","1":"product","2":"type-product","3":"status-publish","4":"has-post-thumbnail","6":"product_cat-historia","7":"product_cat-nowosci","8":"product_tag-ewolucja","9":"product_tag-karol-darwin","10":"product_tag-paleontologia","12":"first","13":"instock","14":"sale","15":"shipping-taxable","16":"purchasable","17":"product-type-simple"},"_links":{"self":[{"href":"http:\/\/ksiegarnia-akademicka.pl\/index.php\/wp-json\/wp\/v2\/product\/20407","targetHints":{"allow":["GET"]}}],"collection":[{"href":"http:\/\/ksiegarnia-akademicka.pl\/index.php\/wp-json\/wp\/v2\/product"}],"about":[{"href":"http:\/\/ksiegarnia-akademicka.pl\/index.php\/wp-json\/wp\/v2\/types\/product"}],"wp:featuredmedia":[{"embeddable":true,"href":"http:\/\/ksiegarnia-akademicka.pl\/index.php\/wp-json\/wp\/v2\/media\/20408"}],"wp:attachment":[{"href":"http:\/\/ksiegarnia-akademicka.pl\/index.php\/wp-json\/wp\/v2\/media?parent=20407"}],"wp:term":[{"taxonomy":"product_brand","embeddable":true,"href":"http:\/\/ksiegarnia-akademicka.pl\/index.php\/wp-json\/wp\/v2\/product_brand?post=20407"},{"taxonomy":"product_cat","embeddable":true,"href":"http:\/\/ksiegarnia-akademicka.pl\/index.php\/wp-json\/wp\/v2\/product_cat?post=20407"},{"taxonomy":"product_tag","embeddable":true,"href":"http:\/\/ksiegarnia-akademicka.pl\/index.php\/wp-json\/wp\/v2\/product_tag?post=20407"}],"curies":[{"name":"wp","href":"https:\/\/api.w.org\/{rel}","templated":true}]}}