{"id":20405,"date":"2025-02-25T13:04:37","date_gmt":"2025-02-25T12:04:37","guid":{"rendered":"http:\/\/ksiegarnia-akademicka.pl\/?post_type=product&#038;p=20405"},"modified":"2025-02-25T13:04:37","modified_gmt":"2025-02-25T12:04:37","slug":"o-czym-darwin-nie-wiedzial","status":"publish","type":"product","link":"http:\/\/ksiegarnia-akademicka.pl\/index.php\/product\/o-czym-darwin-nie-wiedzial\/","title":{"rendered":"O czym Darwin nie wiedzia\u0142"},"content":{"rendered":"<div class=\"grupa osoby\"><span class=\"meta-head\">Autor:<\/span><\/p>\n<ul>\n<li class=\"meta-value\">Simmons Geoffrey<\/li>\n<\/ul>\n<\/div>\n<div class=\"grupa osoby\"><span class=\"meta-head-blue\">T\u0142umacze:<\/span>\u00a0<span class=\"meta-value\">Grzegorz Sm\u00f3\u0142ka<\/span><\/div>\n<div class=\"grupa wydawca\"><span class=\"meta-head\">Wydawca:<\/span>\u00a0FUNDACJA EN ARCHE<\/div>\n<div class=\"grupa dane\">\n<div>Oprawa:\u00a0<span class=\"meta-value-bold\">Mi\u0119kka<\/span><\/div>\n<div>Format:\u00a0<span class=\"meta-value-bold\">16.0&#215;23.0cm<\/span><\/div>\n<div>Liczba stron:\u00a0<span class=\"meta-value-bold\">320<\/span><\/div>\n<div>Wydanie:\u00a0<span class=\"meta-value-bold\">1<\/span><\/div>\n<div>Rok wydania:\u00a0<span class=\"meta-value-bold\">2025<\/span><\/div>\n<div>J\u0119zyk wydania:\u00a0<span class=\"meta-value-bold\">polski<\/span><\/div>\n<\/div>\n<div><\/div>\n<div>Kiedy Karol Darwin opublikowa\u0142 w 1859 roku O powstawaniu gatunk\u00f3w, spotka\u0142 si\u0119 z r\u00f3\u017cnymi reakcjami \u2013 od sceptycyzmu po ca\u0142kowit\u0105 akceptacj\u0119 i entuzjazm dalece przekraczaj\u0105cy oczekiwania samego autora. Jednak od tego czasu nasza wiedza naukowa znacznie si\u0119 rozwin\u0119\u0142a i zweryfikowa\u0142a wiele podstawowych twierdze\u0144 zawartych w tej prze\u0142omowej pracy. Rozw\u00f3j aparatury badawczej i nauk, takich jak biochemia, fizjologia czy immunologia, sprawi\u0142, \u017ce wyja\u015bnienia, kt\u00f3re w drugiej po\u0142owie XIX w. wydawa\u0142y si\u0119 wiarygodne, dzisiaj ju\u017c takie nie s\u0105. Niebywa\u0142a z\u0142o\u017cono\u015b\u0107 struktur biologicznych i ich wzajemne powi\u0105zania wskazuj\u0105, \u017ce nale\u017cy spojrze\u0107 w kierunku nowych wyja\u015bnie\u0144. Ameryka\u0144ski lekarz Geoffrey Simmons podczas wielu lat pracy klinicznej odkry\u0142, \u017ce coraz trudniej pogodzi\u0107 neodarwinizm z wiedz\u0105 o tym, jak dzia\u0142a organizm ludzki. Opieraj\u0105c si\u0119 na najnowszych odkryciach medycyny, w ksi\u0105\u017cce O czym Darwin nie wiedzia\u0142 Simmons przedstawi\u0142 sp\u00f3jny obraz zdumiewaj\u0105cej z\u0142o\u017cono\u015bci biologicznej cz\u0142owieka.<\/p>\n<p>Dr Geoffrey Simmons przez 40 lat bada\u0142 anatomi\u0119 cz\u0142owieka i teori\u0119 ewolucji. W 1969 roku zosta\u0142 doktorem medycyny i pracowa\u0142 jako lekarz w Eugene w stanie Oregon. O czym Darwin nie wiedzia\u0142 to jego najbardziej znana ksi\u0105\u017cka.<\/p>\n<p>Seria Perspektywy Nauki<\/p>\n<p>Jeszcze sto lat temu uczeni uwa\u017cali, \u017ce nauka to przedsi\u0119wzi\u0119cie obiektywne, oparte na gromadzeniu danych empirycznych i wyci\u0105ganiu na tej podstawie wniosk\u00f3w, kt\u00f3re przeradzaj\u0105 si\u0119 w teorie. Dzi\u015b jednak wiemy, \u017ce to nie fakty, ale przede wszystkim ich interpretacje prowadz\u0105 do rozwoju nauki.<\/p>\n<p>Najwi\u0119ksze rewolucje w historii nauki zasz\u0142y dzi\u0119ki wybitnym jednostkom, kt\u00f3re wykaza\u0142y si\u0119 postaw\u0105 krytyczn\u0105 wobec powszechnie obowi\u0105zuj\u0105cych pogl\u0105d\u00f3w. Kopernik nie przyj\u0105\u0142 geocentryzmu Ptolemeusza, Einstein odrzuci\u0142 to, co dzisiaj okre\u015blamy mianem fizyki klasycznej, a Darwin nie zgodzi\u0142 si\u0119 z tym, co w jego czasach nazywano biblijnym pogl\u0105dem o niezmienno\u015bci gatunk\u00f3w.<\/p>\n<p>Seria Perspektywy Nauki pokazuje, \u017ce nauka nie jest przedsi\u0119wzi\u0119ciem jednolitym, \u017ce to raczej kola\u017c rozmaitych pogl\u0105d\u00f3w, hipotez i idei. B\u0119dziemy w niej przedstawia\u0107 oryginalne pogl\u0105dy uczonych, kt\u00f3rzy wykraczaj\u0105 poza utarte szlaki i przedstawiaj\u0105 czytelnikowi zupe\u0142nie nowe perspektywy w nauce.<\/p>\n<p>Odkrycie w nauce polega na tym, \u017ce widz\u0105c to, co wszyscy inni, dostrzega si\u0119 to, czego nikt nie zauwa\u017cy\u0142. \u2013 Albert Szent-Gy\u00f6rgyi, laureat Nagrody Nobla<\/p><\/div>\n","protected":false},"excerpt":{"rendered":"<p>Autor: Simmons Geoffrey T\u0142umacze:\u00a0Grzegorz Sm\u00f3\u0142ka Wydawca:\u00a0FUNDACJA EN ARCHE Oprawa:\u00a0Mi\u0119kka Format:\u00a016.0&#215;23.0cm [&hellip;]<\/p>\n","protected":false},"featured_media":20406,"template":"","meta":[],"product_brand":[],"product_cat":[38,7530],"product_tag":[5978,8531,8200],"class_list":{"0":"post-20405","1":"product","2":"type-product","3":"status-publish","4":"has-post-thumbnail","6":"product_cat-historia","7":"product_cat-nowosci","8":"product_tag-ewolucja","9":"product_tag-karol-darwin","10":"product_tag-paleontologia","12":"first","13":"instock","14":"sale","15":"shipping-taxable","16":"purchasable","17":"product-type-simple"},"_links":{"self":[{"href":"http:\/\/ksiegarnia-akademicka.pl\/index.php\/wp-json\/wp\/v2\/product\/20405","targetHints":{"allow":["GET"]}}],"collection":[{"href":"http:\/\/ksiegarnia-akademicka.pl\/index.php\/wp-json\/wp\/v2\/product"}],"about":[{"href":"http:\/\/ksiegarnia-akademicka.pl\/index.php\/wp-json\/wp\/v2\/types\/product"}],"wp:featuredmedia":[{"embeddable":true,"href":"http:\/\/ksiegarnia-akademicka.pl\/index.php\/wp-json\/wp\/v2\/media\/20406"}],"wp:attachment":[{"href":"http:\/\/ksiegarnia-akademicka.pl\/index.php\/wp-json\/wp\/v2\/media?parent=20405"}],"wp:term":[{"taxonomy":"product_brand","embeddable":true,"href":"http:\/\/ksiegarnia-akademicka.pl\/index.php\/wp-json\/wp\/v2\/product_brand?post=20405"},{"taxonomy":"product_cat","embeddable":true,"href":"http:\/\/ksiegarnia-akademicka.pl\/index.php\/wp-json\/wp\/v2\/product_cat?post=20405"},{"taxonomy":"product_tag","embeddable":true,"href":"http:\/\/ksiegarnia-akademicka.pl\/index.php\/wp-json\/wp\/v2\/product_tag?post=20405"}],"curies":[{"name":"wp","href":"https:\/\/api.w.org\/{rel}","templated":true}]}}