{"id":20342,"date":"2025-02-19T11:15:35","date_gmt":"2025-02-19T10:15:35","guid":{"rendered":"http:\/\/ksiegarnia-akademicka.pl\/?post_type=product&#038;p=20342"},"modified":"2025-02-19T11:15:35","modified_gmt":"2025-02-19T10:15:35","slug":"ustawa-o-prawach-konsumenta-komentarz","status":"publish","type":"product","link":"http:\/\/ksiegarnia-akademicka.pl\/index.php\/product\/ustawa-o-prawach-konsumenta-komentarz\/","title":{"rendered":"Ustawa o prawach konsumenta. Komentarz"},"content":{"rendered":"<p>Redakcja:\u00a0dr hab. Marlena Pecyna, prof. UJ<\/p>\n<p>Wydawnictwo: C.H. Beck<\/p>\n<p>Seria: Komentarze Kompaktowe<\/p>\n<p>Rok wydania: 2025<\/p>\n<p>Oprawa: Mi\u0119kka<\/p>\n<p>Liczba stron: 936<\/p>\n<p>Wymiary: 160&#215;240 mm<\/p>\n<p>Waga: 1520 g<\/p>\n<p>ISBN:\u00a0978-83-8356-870-6<\/p>\n<p>&nbsp;<\/p>\n<p>Komentarz stanowi\u00a0<strong>om\u00f3wienie ustawy z 30.5.2014 r. o prawach konsumenta<\/strong>\u00a0(t.j. Dz.U. z 2024 r. poz. 1796), reguluj\u0105cej prawa i obowi\u0105zki przedsi\u0119biorcy oraz konsumenta w umowach innych ni\u017c umowy zawierane poza lokalem przedsi\u0119biorstwa lub na odleg\u0142o\u015b\u0107, umowach dotycz\u0105cych us\u0142ug finansowych zawieranych na odleg\u0142o\u015b\u0107, umowach zobowi\u0105zuj\u0105cych do przeniesienia w\u0142asno\u015bci towaru na konsumenta, umowach o dostarczenie tre\u015bci cyfrowej lub us\u0142ugi cyfrowej, a tak\u017ce prawo odst\u0105pienia od umowy.<\/p>\n<p>Publikacja obejmuje\u00a0<strong>wszystkie zmiany unijnego prawa konsumenckiego<\/strong>\u00a0w zakresie, w kt\u00f3rym zosta\u0142y implementowane do ustawy o prawach konsumenta lub kt\u00f3re stanowi\u0105 kolejne zmiany dyrektywy 2011\/83 podlegaj\u0105ce transpozycji do system\u00f3w krajowych. Chodzi w szczeg\u00f3lno\u015bci o dyrektywy 2023\/2673, 2024\/825, 2024\/1799.<\/p>\n<p>Komentarz dokonuje oceny zgodno\u015bci ustawy o prawach konsumenta z przepisami unijnymi, identyfikuje niesp\u00f3jno\u015bci oraz\u00a0<strong>wskazuje na kierunki prounijnej wyk\u0142adni ustawy<\/strong>\u00a0oraz spos\u00f3b zastosowania zgodnie z prawem unijnym. W publikacji przedstawionych zosta\u0142o r\u00f3wnie\u017c wiele\u00a0<strong>postulat\u00f3w\u00a0<em>de lege ferenda<\/em><\/strong>.<\/p>\n<p>Ksi\u0105\u017cka\u00a0<strong>uwzgl\u0119dnia najnowsze zmiany legislacyjne<\/strong>, w tym m.in.<\/p>\n<ul>\n<li>ustaw\u0119 z 12.7.2024 r. \u2013 Przepisy wprowadzaj\u0105ce ustaw\u0119 \u2013 Prawo komunikacji elektronicznej (Dz.U. z 2024 r. poz. 1222);<\/li>\n<li>ustaw\u0119 z 14.4.2023 r. o konsumenckiej po\u017cyczce lombardowej (t.j. Dz.U. z 2024 r. poz. 1111).<\/li>\n<\/ul>\n<p>Publikacja adresowana jest do\u00a0<strong>prawnik\u00f3w praktyk\u00f3w<\/strong>,\u00a0<strong>organ\u00f3w w\u0142adzy publicznej<\/strong>, w tym<strong>\u00a0rzecznik\u00f3w praw konsument\u00f3w<\/strong>,\u00a0<strong>s\u0105d\u00f3w<\/strong>,\u00a0<strong>przedsi\u0119biorc\u00f3w<\/strong>, a tak\u017ce do naukowc\u00f3w, aplikant\u00f3w i student\u00f3w.<\/p>\n<p>&nbsp;<\/p>\n","protected":false},"excerpt":{"rendered":"<p>Redakcja:\u00a0dr hab. Marlena Pecyna, prof. UJ Wydawnictwo: C.H. Beck Seria: [&hellip;]<\/p>\n","protected":false},"featured_media":20343,"template":"","meta":[],"product_brand":[],"product_cat":[7491,7495,7530,18],"product_tag":[615,429,6849],"class_list":{"0":"post-20342","1":"product","2":"type-product","3":"status-publish","4":"has-post-thumbnail","6":"product_cat-cywilne","7":"product_cat-gospodarcze-i-handlowe","8":"product_cat-nowosci","9":"product_cat-prawo","10":"product_tag-prawo-cywilne","11":"product_tag-prawo-handlowe","12":"product_tag-seria-komentarze-kompaktowe","14":"first","15":"instock","16":"sale","17":"shipping-taxable","18":"purchasable","19":"product-type-simple"},"_links":{"self":[{"href":"http:\/\/ksiegarnia-akademicka.pl\/index.php\/wp-json\/wp\/v2\/product\/20342","targetHints":{"allow":["GET"]}}],"collection":[{"href":"http:\/\/ksiegarnia-akademicka.pl\/index.php\/wp-json\/wp\/v2\/product"}],"about":[{"href":"http:\/\/ksiegarnia-akademicka.pl\/index.php\/wp-json\/wp\/v2\/types\/product"}],"wp:featuredmedia":[{"embeddable":true,"href":"http:\/\/ksiegarnia-akademicka.pl\/index.php\/wp-json\/wp\/v2\/media\/20343"}],"wp:attachment":[{"href":"http:\/\/ksiegarnia-akademicka.pl\/index.php\/wp-json\/wp\/v2\/media?parent=20342"}],"wp:term":[{"taxonomy":"product_brand","embeddable":true,"href":"http:\/\/ksiegarnia-akademicka.pl\/index.php\/wp-json\/wp\/v2\/product_brand?post=20342"},{"taxonomy":"product_cat","embeddable":true,"href":"http:\/\/ksiegarnia-akademicka.pl\/index.php\/wp-json\/wp\/v2\/product_cat?post=20342"},{"taxonomy":"product_tag","embeddable":true,"href":"http:\/\/ksiegarnia-akademicka.pl\/index.php\/wp-json\/wp\/v2\/product_tag?post=20342"}],"curies":[{"name":"wp","href":"https:\/\/api.w.org\/{rel}","templated":true}]}}