{"id":20332,"date":"2025-02-19T09:37:23","date_gmt":"2025-02-19T08:37:23","guid":{"rendered":"http:\/\/ksiegarnia-akademicka.pl\/?post_type=product&#038;p=20332"},"modified":"2025-02-19T09:37:24","modified_gmt":"2025-02-19T08:37:24","slug":"monitorowanie-stanu-plodu-w-praktyce","status":"publish","type":"product","link":"http:\/\/ksiegarnia-akademicka.pl\/index.php\/product\/monitorowanie-stanu-plodu-w-praktyce\/","title":{"rendered":"Monitorowanie stanu p\u0142odu w praktyce"},"content":{"rendered":"<div class=\"grupa osoby\"><span class=\"meta-head\">Autor:<\/span><\/p>\n<ul>\n<li class=\"meta-value\">D. Gibb<\/li>\n<\/ul>\n<\/div>\n<div class=\"grupa osoby\"><span class=\"meta-head-blue\">Ilustracje:<\/span>\u00a0<span class=\"meta-value\">Urban &amp; Partner sp. z o.o.<\/span><\/div>\n<div class=\"grupa wydawca\"><span class=\"meta-head\">Wydawca:<\/span>\u00a0Edra Urban &amp; Partner<\/div>\n<div class=\"grupa dane\">\n<div>Oprawa:\u00a0<span class=\"meta-value-bold\">Mi\u0119kka<\/span><\/div>\n<div>Format:\u00a0<span class=\"meta-value-bold\">16.5&#215;23.5cm<\/span><\/div>\n<div>Liczba stron:\u00a0<span class=\"meta-value-bold\">244<\/span><\/div>\n<div>Wydanie:\u00a0<span class=\"meta-value-bold\">5<\/span><\/div>\n<div>Rok wydania:\u00a0<span class=\"meta-value-bold\">2025<\/span><\/div>\n<div>J\u0119zyk wydania:\u00a0<span class=\"meta-value-bold\">polski<\/span><\/div>\n<\/div>\n<div><\/div>\n<div>Niezb\u0119dny podr\u0119cznik dla wszystkich pracownik\u00f3w oddzia\u0142\u00f3w po\u0142o\u017cniczych<br \/>\nKsi\u0105\u017cka ta obejmuje wszystkie aspekty monitorowania p\u0142odu: pocz\u0105wszy od interpretacji wynik\u00f3w bada\u0144 i praktycznego zastosowania monitorowania p\u0142odu, a\u017c po aspekty prawno-medyczne. Jest ona wyj\u0105tkowo przyst\u0119pna \u2013 zawiera scenariusze kliniczne ilustruj\u0105ce interpretacj\u0119 bada\u0144 kardiotokograficznych, podkre\u015blaj\u0105c znaczenie monitorowania serca p\u0142odu w kontek\u015bcie ca\u0142ego obrazu klinicznego.<\/div>\n","protected":false},"excerpt":{"rendered":"<p>Autor: D. Gibb Ilustracje:\u00a0Urban &amp; Partner sp. z o.o. Wydawca:\u00a0Edra [&hellip;]<\/p>\n","protected":false},"featured_media":20333,"template":"","meta":[],"product_brand":[],"product_cat":[7493,7530,8031],"product_tag":[6433,4920],"class_list":{"0":"post-20332","1":"product","2":"type-product","3":"status-publish","4":"has-post-thumbnail","6":"product_cat-medycyna","7":"product_cat-nowosci","8":"product_cat-poloznictwo-ginekologia","9":"product_tag-embriologia","10":"product_tag-poloznictwo","12":"first","13":"instock","14":"sale","15":"shipping-taxable","16":"purchasable","17":"product-type-simple"},"_links":{"self":[{"href":"http:\/\/ksiegarnia-akademicka.pl\/index.php\/wp-json\/wp\/v2\/product\/20332","targetHints":{"allow":["GET"]}}],"collection":[{"href":"http:\/\/ksiegarnia-akademicka.pl\/index.php\/wp-json\/wp\/v2\/product"}],"about":[{"href":"http:\/\/ksiegarnia-akademicka.pl\/index.php\/wp-json\/wp\/v2\/types\/product"}],"wp:featuredmedia":[{"embeddable":true,"href":"http:\/\/ksiegarnia-akademicka.pl\/index.php\/wp-json\/wp\/v2\/media\/20333"}],"wp:attachment":[{"href":"http:\/\/ksiegarnia-akademicka.pl\/index.php\/wp-json\/wp\/v2\/media?parent=20332"}],"wp:term":[{"taxonomy":"product_brand","embeddable":true,"href":"http:\/\/ksiegarnia-akademicka.pl\/index.php\/wp-json\/wp\/v2\/product_brand?post=20332"},{"taxonomy":"product_cat","embeddable":true,"href":"http:\/\/ksiegarnia-akademicka.pl\/index.php\/wp-json\/wp\/v2\/product_cat?post=20332"},{"taxonomy":"product_tag","embeddable":true,"href":"http:\/\/ksiegarnia-akademicka.pl\/index.php\/wp-json\/wp\/v2\/product_tag?post=20332"}],"curies":[{"name":"wp","href":"https:\/\/api.w.org\/{rel}","templated":true}]}}