{"id":20324,"date":"2025-02-14T12:09:46","date_gmt":"2025-02-14T11:09:46","guid":{"rendered":"http:\/\/ksiegarnia-akademicka.pl\/?post_type=product&#038;p=20324"},"modified":"2026-02-27T16:06:57","modified_gmt":"2026-02-27T15:06:57","slug":"prawo-zamowien-publicznych-2","status":"publish","type":"product","link":"http:\/\/ksiegarnia-akademicka.pl\/index.php\/product\/prawo-zamowien-publicznych-2\/","title":{"rendered":"Prawo zam\u00f3wie\u0144 publicznych Twoje prawo"},"content":{"rendered":"<p>Wydawnictwo: C.H. Beck<\/p>\n<p>Seria: Twoje Prawo<\/p>\n<p>Rok wydania: 2026<\/p>\n<p>Wydanie: 38<\/p>\n<p>Oprawa: Mi\u0119kka<\/p>\n<p>Liczba stron: 344<\/p>\n<header id=\"opis\" class=\"section-header\">\n<div class=\"nav description-nav\"><\/div>\n<\/header>\n<div class=\"col-main\">\n<div class=\"description\">\n<div class=\"std cms-box\">\n<p><strong>Stan prawny: 12 stycznia 2026 r.<\/strong><\/p>\n<p>Publikacja uwzgl\u0119dnia zmiany wchodz\u0105ce w \u017cycie:<\/p>\n<ul>\n<li><strong>9.9.2025 r.\u00a0<\/strong>\u2013 Ustawa o zmianie ustawy \u2013 Prawo zam\u00f3wie\u0144 publicznych oraz ustawy o umowie koncesji na roboty budowlane lub us\u0142ugi z dnia 9 lipca 2025 r. (Dz.U. z 2025 r. poz. 1165),<\/li>\n<li><strong>1.1.2026 r.<\/strong>\u00a0\u2013 Ustawa o zmianie ustawy \u2013 Prawo zam\u00f3wie\u0144 publicznych oraz niekt\u00f3rych innych ustaw z dnia 25 lipca 2025 r. (Dz.U. z 2025 r. poz. 1173),<\/li>\n<li><strong>1.1.2026 r.\u00a0<\/strong>\u2013 Ustawa o certyfikacji wykonawc\u00f3w zam\u00f3wie\u0144 publicznych z dnia 5 sierpnia 2025 r. (Dz.U. z 2025 r. poz. 1235),<\/li>\n<li><strong>13.3.2026 r.\u00a0<\/strong>\u2013 Ustawa o zmianie niekt\u00f3rych ustaw w celu deregulacji prawa gospodarczego i administracyjnego oraz doskonalenia zasad opracowywania prawa gospodarczego z dnia 21 maja 2025 r. (Dz.U. z 2025 r. poz. 769),<\/li>\n<li><strong>12.7.2026 r.\u00a0<\/strong>\u2013 Ustawa o certyfikacji wykonawc\u00f3w zam\u00f3wie\u0144 publicznych z dnia 5 sierpnia 2025 r. (Dz.U. z 2025 r. poz. 1235).<\/li>\n<\/ul>\n<p>Ksi\u0105\u017cka zawiera:<\/p>\n<ul>\n<li>Tekst ustawy Prawo zam\u00f3wie\u0144 publicznych,<\/li>\n<li>Przepisy wprowadzaj\u0105ce ustaw\u0119 \u2013 Prawo zam\u00f3wie\u0144 publicznych,<\/li>\n<li>Indeks rzeczowy.<\/li>\n<\/ul>\n<\/div>\n<\/div>\n<\/div>\n","protected":false},"excerpt":{"rendered":"<p>Wydawnictwo: C.H. Beck Seria: Twoje Prawo Rok wydania: 2026 Wydanie: [&hellip;]<\/p>\n","protected":false},"featured_media":21736,"template":"","meta":[],"product_brand":[],"product_cat":[7495,18],"product_tag":[4394,2240],"class_list":{"0":"post-20324","1":"product","2":"type-product","3":"status-publish","4":"has-post-thumbnail","6":"product_cat-gospodarcze-i-handlowe","7":"product_cat-prawo","8":"product_tag-prawo-zamowien-publicznych","9":"product_tag-seria-twoje-prawo","11":"first","12":"instock","13":"sale","14":"shipping-taxable","15":"purchasable","16":"product-type-simple"},"_links":{"self":[{"href":"http:\/\/ksiegarnia-akademicka.pl\/index.php\/wp-json\/wp\/v2\/product\/20324","targetHints":{"allow":["GET"]}}],"collection":[{"href":"http:\/\/ksiegarnia-akademicka.pl\/index.php\/wp-json\/wp\/v2\/product"}],"about":[{"href":"http:\/\/ksiegarnia-akademicka.pl\/index.php\/wp-json\/wp\/v2\/types\/product"}],"wp:featuredmedia":[{"embeddable":true,"href":"http:\/\/ksiegarnia-akademicka.pl\/index.php\/wp-json\/wp\/v2\/media\/21736"}],"wp:attachment":[{"href":"http:\/\/ksiegarnia-akademicka.pl\/index.php\/wp-json\/wp\/v2\/media?parent=20324"}],"wp:term":[{"taxonomy":"product_brand","embeddable":true,"href":"http:\/\/ksiegarnia-akademicka.pl\/index.php\/wp-json\/wp\/v2\/product_brand?post=20324"},{"taxonomy":"product_cat","embeddable":true,"href":"http:\/\/ksiegarnia-akademicka.pl\/index.php\/wp-json\/wp\/v2\/product_cat?post=20324"},{"taxonomy":"product_tag","embeddable":true,"href":"http:\/\/ksiegarnia-akademicka.pl\/index.php\/wp-json\/wp\/v2\/product_tag?post=20324"}],"curies":[{"name":"wp","href":"https:\/\/api.w.org\/{rel}","templated":true}]}}