{"id":20306,"date":"2025-02-14T11:37:15","date_gmt":"2025-02-14T10:37:15","guid":{"rendered":"http:\/\/ksiegarnia-akademicka.pl\/?post_type=product&#038;p=20306"},"modified":"2025-02-14T11:37:15","modified_gmt":"2025-02-14T10:37:15","slug":"marketing-internetowy-w-google-pozycjonowanie-ads-google-analytics-4-dla-biznesu-e-commerce-marketerow","status":"publish","type":"product","link":"http:\/\/ksiegarnia-akademicka.pl\/index.php\/product\/marketing-internetowy-w-google-pozycjonowanie-ads-google-analytics-4-dla-biznesu-e-commerce-marketerow\/","title":{"rendered":"Marketing internetowy w Google. Pozycjonowanie, Ads &#038; Google Analytics 4 dla biznesu, e-commerce, marketer\u00f3w"},"content":{"rendered":"<div class=\"grupa osoby\"><span class=\"meta-head-blue\">Autor:<\/span><\/p>\n<ul>\n<li class=\"meta-value\">Koziarz Marta, Marzec Krzysztof, Trz\u00f3s\u0142o Tomasz<\/li>\n<\/ul>\n<\/div>\n<div class=\"grupa wydawca\"><span class=\"meta-head\">Wydawca:<\/span>\u00a0onepress<\/div>\n<div class=\"grupa dane\">\n<div>Oprawa:\u00a0<span class=\"meta-value-bold\">Mi\u0119kka ze skrzyde\u0142kami<\/span><\/div>\n<div>Format:\u00a0<span class=\"meta-value-bold\">16.8&#215;23.7cm<\/span><\/div>\n<div>Liczba stron:\u00a0<span class=\"meta-value-bold\">384<\/span><\/div>\n<div>Wydanie:\u00a0<span class=\"meta-value-bold\">2<\/span><\/div>\n<div>Rok wydania:\u00a0<span class=\"meta-value-bold\">2025<\/span><\/div>\n<div>J\u0119zyk wydania:\u00a0<span class=\"meta-value-bold\">polski<\/span><\/div>\n<\/div>\n<div><\/div>\n<div>Wszystko, co musisz wiedzie\u0107 o narz\u0119dziach reklamowych Google<\/p>\n<p>\u017badna z ga\u0142\u0119zi marketingu nie rozwija si\u0119 i nie zmienia dzi\u015b r\u00f3wnie dynamicznie, jak dzia\u0142ania reklamowe prowadzone w internecie. Szczeg\u00f3lnie mocn\u0105 pozycj\u0119 ma w tym \u015bwiecie Google, kt\u00f3ry dostarcza marketerom ca\u0142y pakiet narz\u0119dzi przeznaczonych do pozycjonowania, ustawiania reklam w wyszukiwarkach i na stronach, a tak\u017ce analizowania skuteczno\u015bci w\u0142asnych dzia\u0142a\u0144 i zachowa\u0144 klient\u00f3w.<\/p>\n<p>Opanowanie narz\u0119dzi marketingowych, kt\u00f3re oferuje Google, to warunek skutecznego promowania marki, jej produkt\u00f3w i us\u0142ug w sieci. W osi\u0105gni\u0119ciu tego celu pomo\u017ce Ci ten podr\u0119cznik. Wprowadzi Ci\u0119 on krok po kroku w \u015bwiat SEO i SEM, wska\u017ce, jak dzia\u0142a\u0107 w Google Ads i Google Analytics 4, dostarczy niezb\u0119dnej teorii, podsunie dobre praktyki, a tak\u017ce list\u0119 konkretnych zada\u0144 do realizacji. Poka\u017ce te\u017c przyk\u0142ady i antyprzyk\u0142ady &#8211; do na\u015bladowania i do unikania &#8211; co pozwoli Ci lepiej pozna\u0107 praktyczne zastosowanie opisywanych strategii i narz\u0119dzi. Dodatkowo pozycja zawiera ponad 150 minut dodatkowych materia\u0142\u00f3w wideo. S\u0142owem, znajdziesz tu wszystko, czego potrzebujesz, by skutecznie korzysta\u0107 z marketingowych narz\u0119dzi Google.<\/p>\n<p>Drugie wydanie podr\u0119cznika zosta\u0142o wzbogacone o zagadnienia dotycz\u0105ce wsp\u00f3\u0142pracy z agencjami, studia przypadku i tematy przydatne dla os\u00f3b, kt\u00f3re chcia\u0142yby rozpocz\u0105\u0107 karier\u0119 w bran\u017cy na stanowisku SEM specialist.<\/p><\/div>\n","protected":false},"excerpt":{"rendered":"<p>Autor: Koziarz Marta, Marzec Krzysztof, Trz\u00f3s\u0142o Tomasz Wydawca:\u00a0onepress Oprawa:\u00a0Mi\u0119kka ze [&hellip;]<\/p>\n","protected":false},"featured_media":20307,"template":"","meta":[],"product_brand":[],"product_cat":[29],"product_tag":[8520,5281,1182],"class_list":{"0":"post-20306","1":"product","2":"type-product","3":"status-publish","4":"has-post-thumbnail","6":"product_cat-marketing-i-reklama","7":"product_tag-google-ads-i-google-analytics-4","8":"product_tag-marketing-internetowy","9":"product_tag-pozycjonowanie","11":"first","12":"instock","13":"sale","14":"shipping-taxable","15":"purchasable","16":"product-type-simple"},"_links":{"self":[{"href":"http:\/\/ksiegarnia-akademicka.pl\/index.php\/wp-json\/wp\/v2\/product\/20306","targetHints":{"allow":["GET"]}}],"collection":[{"href":"http:\/\/ksiegarnia-akademicka.pl\/index.php\/wp-json\/wp\/v2\/product"}],"about":[{"href":"http:\/\/ksiegarnia-akademicka.pl\/index.php\/wp-json\/wp\/v2\/types\/product"}],"wp:featuredmedia":[{"embeddable":true,"href":"http:\/\/ksiegarnia-akademicka.pl\/index.php\/wp-json\/wp\/v2\/media\/20307"}],"wp:attachment":[{"href":"http:\/\/ksiegarnia-akademicka.pl\/index.php\/wp-json\/wp\/v2\/media?parent=20306"}],"wp:term":[{"taxonomy":"product_brand","embeddable":true,"href":"http:\/\/ksiegarnia-akademicka.pl\/index.php\/wp-json\/wp\/v2\/product_brand?post=20306"},{"taxonomy":"product_cat","embeddable":true,"href":"http:\/\/ksiegarnia-akademicka.pl\/index.php\/wp-json\/wp\/v2\/product_cat?post=20306"},{"taxonomy":"product_tag","embeddable":true,"href":"http:\/\/ksiegarnia-akademicka.pl\/index.php\/wp-json\/wp\/v2\/product_tag?post=20306"}],"curies":[{"name":"wp","href":"https:\/\/api.w.org\/{rel}","templated":true}]}}