{"id":20293,"date":"2025-02-14T10:57:03","date_gmt":"2025-02-14T09:57:03","guid":{"rendered":"http:\/\/ksiegarnia-akademicka.pl\/?post_type=product&#038;p=20293"},"modified":"2026-03-03T09:02:38","modified_gmt":"2026-03-03T08:02:38","slug":"edycja-administracyjna-kodeks-postepowania-administracyjnego-ordynacja-podatkowa-prawo-o-postepowaniu-przed-sadami-administracyjnymi","status":"publish","type":"product","link":"http:\/\/ksiegarnia-akademicka.pl\/index.php\/product\/edycja-administracyjna-kodeks-postepowania-administracyjnego-ordynacja-podatkowa-prawo-o-postepowaniu-przed-sadami-administracyjnymi\/","title":{"rendered":"Edycja administracyjna Kodeks post\u0119powania administracyjnego Ordynacja podatkowa Prawo o post\u0119powaniu przed s\u0105dami administracyjnymi"},"content":{"rendered":"<div class=\"grupa seria\">\n<p><span class=\"meta-head-blue\">Nale\u017cy do serii: <\/span>EDYCJA ADMINISTRACYJNA<\/p>\n<\/div>\n<div class=\"grupa osoby\"><span class=\"meta-head-blue\">Redakcja:<\/span>\u00a0<span class=\"meta-value\">Aneta Flisek<\/span><\/div>\n<div class=\"grupa wydawca\"><span class=\"meta-head\">Wydawca:<\/span>\u00a0C.H. Beck<\/div>\n<div class=\"grupa dane\">\n<div>Oprawa:\u00a0<span class=\"meta-value-bold\">Zintegrowana<\/span><\/div>\n<div>Format:\u00a0<span class=\"meta-value-bold\">14.5&#215;20.5cm<\/span><\/div>\n<div>Liczba stron:\u00a0<span class=\"meta-value-bold\">1092<\/span><\/div>\n<div>Wydanie:\u00a0<span class=\"meta-value-bold\">42<\/span><\/div>\n<div>Rok wydania:\u00a0<span class=\"meta-value-bold\">2026<\/span><\/div>\n<div>J\u0119zyk wydania:\u00a0<span class=\"meta-value-bold\">polski<\/span><\/div>\n<\/div>\n<div><\/div>\n<div>\n<h3><strong>Edycja administracyjna 2026 \u2013 komplet najwa\u017cniejszych ustaw prawa administracyjnego w jednym tomie.<\/strong><\/h3>\n<p><strong>Stan prawny: 1 stycznia 2026 r.<\/strong><\/p>\n<p>Zbi\u00f3r uwzgl\u0119dnia zmiany wchodz\u0105ce w \u017cycie:<\/p>\n<p>Kodeks post\u0119powania administracyjnego:<\/p>\n<ul>\n<li><strong>13.7.2025 r.<\/strong>\u00a0\u2013 Ustawa o zmianie niekt\u00f3rych ustaw w celu deregulacji prawa gospodarczego i administracyjnego oraz doskonalenia zasad opracowywania prawa gospodarczego z dnia 21 maja 2025 r. (Dz.U. z 2025 r. poz. 769),<\/li>\n<li><strong>Nowy tekst jednolity z dnia z dnia 7 listopada 2025 r.\u00a0<\/strong>(Dz.U. z 2025 r. poz. 1691).<\/li>\n<\/ul>\n<p>Ordynacja podatkowa:<\/p>\n<ul>\n<li><strong>13.7.2025 r.\u00a0<\/strong>\u2013 Ustawa o zmianie niekt\u00f3rych ustaw w celu deregulacji prawa gospodarczego i administracyjnego oraz doskonalenia zasad opracowywania prawa gospodarczego z dnia 21 maja 2025 r. (Dz.U. z 2025 r. poz. 769),<\/li>\n<li><strong>25.7.2025 r.\u00a0<\/strong>\u2013 Ustawa o zmianie ustawy o S\u0142u\u017cbie Wi\u0119ziennej oraz niekt\u00f3rych innych ustaw z dnia 9 maja 2025 r. (Dz.U. z 2025 r. poz. 820),<\/li>\n<li><strong>4.11.2025 r.<\/strong>\u00a0\u2013 Ustawa o zmianie ustawy \u2013 Ordynacja podatkowa z dnia 12 wrze\u015bnia 2025 r. (Dz.U. z 2025 r. poz. 1414),<\/li>\n<li><strong>4.11.2025 r.<\/strong>\u00a0\u2013 Ustawa o zmianie ustawy \u2013 Ordynacja podatkowa z dnia 12 wrze\u015bnia 2025 r. (Dz.U. z 2020 r. poz. 1417),<\/li>\n<li><strong>1.1.2026 r.<\/strong>\u00a0\u2013 Ustawa o zmianie ustawy o podatku od wydobycia niekt\u00f3rych kopalin oraz niekt\u00f3rych innych ustaw z dnia 21 listopada 2025 r. (Dz.U. z 2025 r. poz. 1804),<\/li>\n<li><strong>13.1.2026 r<\/strong>. \u2013 Ustawa o zmianie ustawy o systemie zarz\u0105dzania emisjami gaz\u00f3w cieplarnianych i innych substancji oraz niekt\u00f3rych innych ustaw z dnia 21 listopada 2025 r. (Dz.U. z 2025 r. poz. 1863),<\/li>\n<li><strong>1.2.2026 r.<\/strong>\u00a0\u2013 Ustawa o zmianie ustawy o podatku od towar\u00f3w i us\u0142ug oraz niekt\u00f3rych innych ustaw z dnia 16 czerwca 2023 r. (Dz.U. z 2023 r. poz. 1598 ze zm.),<\/li>\n<li><strong>1.4.2026 r.\u00a0<\/strong>\u2013 Ustawa o zmianie ustawy o podatku od towar\u00f3w i us\u0142ug oraz niekt\u00f3rych innych ustaw z dnia 16 czerwca 2023 r. (Dz.U. z 2023 r. poz. 1598 ze zm.),<\/li>\n<li><strong>12.7.2026 r.<\/strong>\u00a0\u2013 Ustawa o certyfikacji wykonawc\u00f3w zam\u00f3wie\u0144 publicznych z dnia 5 sierpnia 2025 r. (Dz.U. z 2025 r. poz. 1235),<\/li>\n<li><strong>2.4.2027 r.\u00a0<\/strong>\u2013 Ustawa o zmianie ustawy o ochronie praw nabywcy lokalu mieszkalnego lub domu jednorodzinnego oraz Deweloperskim Funduszu Gwarancyjnym oraz niekt\u00f3rych innych ustaw z dnia 17 pa\u017adziernika 2025 r. (Dz.U. z 2025 r. poz. 1669).<\/li>\n<\/ul>\n<p>Prawo o post\u0119powaniu przed s\u0105dami administracyjnymi:<\/p>\n<ul>\n<li><strong>13.7.2025 r.\u00a0<\/strong>\u2013 Ustawa o zmianie niekt\u00f3rych ustaw w celu deregulacji prawa gospodarczego i administracyjnego oraz doskonalenia zasad opracowywania prawa gospodarczego z dnia 21 maja 2025 r. (Dz.U. z 2025 r. poz. 769),<\/li>\n<li><strong>5.11.2025 r.\u00a0<\/strong>\u2013 Ustawa o zmianie ustawy \u2013 Prawo o post\u0119powaniu przed s\u0105dami administracyjnymi z dnia 12 wrze\u015bnia 2025 r. (Dz.U. z 2025 r. poz. 1427),<\/li>\n<li><strong>1.3.2026 r.<\/strong>\u00a0\u2013 Ustawa o zmianie ustawy o doradztwie podatkowym oraz ustawy \u2013 Prawo o post\u0119powaniu przed s\u0105dami administracyjnymi z dnia 4 grudnia 2025 r. (Dz.U. z 2025 r. poz. 1882),<\/li>\n<li><strong>1.10.2029 r.\u00a0<\/strong>\u2013 Ustawa o dor\u0119czeniach elektronicznych z dnia 18 listopada 2020 r. (Dz.U. z 2020 r. poz. 2320),<\/li>\n<li><strong>1.10.2029 r.\u00a0<\/strong>\u2013 Ustawa o zmianie ustawy \u2013 Kodeks post\u0119powania cywilnego, ustawy \u2013Prawo o ustroju s\u0105d\u00f3w powszechnych, ustawy \u2013 Kodeks post\u0119powania karnego oraz niekt\u00f3rych innych ustaw z dnia 7 lipca 2023 r. (Dz.U. z 2023 r. poz. 1860).<\/li>\n<\/ul>\n<p>Ustawa o post\u0119powaniu egzekucyjnym w administracji:<\/p>\n<ul>\n<li><strong>30.9.2025 r.<\/strong>\u00a0\u2013 Ustawa o bonie ciep\u0142owniczym oraz o zmianie niekt\u00f3rych ustaw w celu ograniczenia wysoko\u015bci cen energii elektrycznej z dnia 12 wrze\u015bnia 2025 r. (Dz.U. z 2025 r. poz. 1302).<\/li>\n<\/ul>\n<p>Ustawa o samorz\u0105dzie gminnym:<\/p>\n<ul>\n<li><strong>Nowy tekst jednolity z dnia 5 sierpnia 2025 r.<\/strong>\u00a0(Dz.U. z 2025 r. poz. 1153),<\/li>\n<li><strong>1.1.2026 r.<\/strong>\u00a0\u2013 Ustawa o zmianie ustawy o samorz\u0105dzie gminnym oraz ustawy o funduszu so\u0142eckim z dnia 12 wrze\u015bnia 2025 r. (Dz.U. z 2025 r. poz. 1436),<\/li>\n<li><strong>1.7.2026 r.\u00a0<\/strong>\u2013 Ustawa o zmianie ustawy o planowaniu i zagospodarowaniu przestrzennym oraz niekt\u00f3rych innych ustaw z dnia 7 lipca 2023 r. (Dz.U. z 2023 r. poz. 1688 ze zm.).<\/li>\n<\/ul>\n<p>Ustawa o samorz\u0105dzie powiatowym:<\/p>\n<ul>\n<li><strong>Nowy tekst jednolity z dnia 7 listopada 2025 r.<\/strong>\u00a0(Dz.U. z 2025 r. poz. 1684).<\/li>\n<\/ul>\n<p>Ustawa o samorz\u0105dzie wojew\u00f3dztwa:<\/p>\n<ul>\n<li><strong>27.11.2025 r.\u00a0<\/strong>\u2013 Ustawa o zmianie ustawy o promowaniu wytwarzania energii elektrycznej w morskich farmach wiatrowych oraz niekt\u00f3rych innych ustaw z dnia 9 pa\u017adziernika 2025 r. (Dz.U. z 2025 r. poz. 1535).<\/li>\n<\/ul>\n<p>Rozporz\u0105dzenie Ministra Sprawiedliwo\u015bci w sprawie op\u0142at za czynno\u015bci adwokackie:<\/p>\n<ul>\n<li><strong>1.1.2026 r.<\/strong>\u00a0\u2013 Rozporz\u0105dzenie Ministra Sprawiedliwo\u015bci zmieniaj\u0105ce rozporz\u0105dzenie w sprawie op\u0142at za czynno\u015bci radc\u00f3w prawnych z dnia 24 wrze\u015bnia 2025 r. (Dz.U. z 2025 r. poz. 1314).<\/li>\n<\/ul>\n<p>Rozporz\u0105dzenie Ministra Sprawiedliwo\u015bci w sprawie op\u0142at za czynno\u015bci radc\u00f3w prawnych:<\/p>\n<ul>\n<li><strong>1.1.2026 r.\u00a0<\/strong>\u2013 Rozporz\u0105dzenie Ministra Sprawiedliwo\u015bci zmieniaj\u0105ce rozporz\u0105dzenie w sprawie op\u0142at za czynno\u015bci radc\u00f3w prawnych z dnia 24 wrze\u015bnia 2025 r. (Dz.U. z 2025 r. poz. 1336).<\/li>\n<\/ul>\n<hr \/>\n<p><strong>Edycja administracyjna\u00a0<\/strong>to\u00a0<strong>zbi\u00f3r najwa\u017cniejszych akt\u00f3w z zakresu prawa administracyjnego<\/strong>\u00a0oraz licznych ustaw towarzysz\u0105cych. Publikacja zawiera jednolite teksty ustaw uwzgl\u0119dniaj\u0105ce najnowsze nowelizacje oraz zmiany obowi\u0105zuj\u0105ce w 2026 roku.\u00a0<strong>Stan prawny aktualny na 1 stycznia 2026 r. z dost\u0119pem online do aktualizacji<\/strong>.<\/p>\n<p>Kluczowe akty prawne wchodz\u0105ce w sk\u0142ad edycji administracyjnej to:<\/p>\n<ul>\n<li>Kodeks post\u0119powania administracyjnego (KPA),<\/li>\n<li>Ordynacja podatkowa,<\/li>\n<li>Prawo o post\u0119powaniu przed s\u0105dami administracyjnymi (PPSA),<\/li>\n<li>Ustawa o skardze na naruszenie prawa strony do rozpoznania sprawy w post\u0119powaniu przygotowawczym prowadzonym lub nadzorowanym przez prokuratora i post\u0119powaniu s\u0105dowym bez nieuzasadnionej zw\u0142oki,<\/li>\n<li>Ustawa o post\u0119powaniu egzekucyjnym w administracji,<\/li>\n<li>Prawo o ustroju s\u0105d\u00f3w administracyjnych,<\/li>\n<li>Ustawa o samorz\u0105dzie gminnym,<\/li>\n<li>Ustawa o samorz\u0105dzie powiatowym,<\/li>\n<li>Ustawa o samorz\u0105dzie wojew\u00f3dztwa,<\/li>\n<li>Ustawa o samorz\u0105dowych kolegiach odwo\u0142awczych,<\/li>\n<li>oraz 20 innych rozporz\u0105dze\u0144.<\/li>\n<\/ul>\n<\/div>\n","protected":false},"excerpt":{"rendered":"<p>Nale\u017cy do serii: EDYCJA ADMINISTRACYJNA Redakcja:\u00a0Aneta Flisek Wydawca:\u00a0C.H. Beck Oprawa:\u00a0Zintegrowana [&hellip;]<\/p>\n","protected":false},"featured_media":21757,"template":"","meta":[],"product_brand":[],"product_cat":[7492,18],"product_tag":[8518,318],"class_list":{"0":"post-20293","1":"product","2":"type-product","3":"status-publish","4":"has-post-thumbnail","6":"product_cat-administracyjne","7":"product_cat-prawo","8":"product_tag-edycja-administracyjne","9":"product_tag-seria-teksty-ustaw-becka","11":"first","12":"instock","13":"sale","14":"shipping-taxable","15":"purchasable","16":"product-type-simple"},"_links":{"self":[{"href":"http:\/\/ksiegarnia-akademicka.pl\/index.php\/wp-json\/wp\/v2\/product\/20293","targetHints":{"allow":["GET"]}}],"collection":[{"href":"http:\/\/ksiegarnia-akademicka.pl\/index.php\/wp-json\/wp\/v2\/product"}],"about":[{"href":"http:\/\/ksiegarnia-akademicka.pl\/index.php\/wp-json\/wp\/v2\/types\/product"}],"wp:featuredmedia":[{"embeddable":true,"href":"http:\/\/ksiegarnia-akademicka.pl\/index.php\/wp-json\/wp\/v2\/media\/21757"}],"wp:attachment":[{"href":"http:\/\/ksiegarnia-akademicka.pl\/index.php\/wp-json\/wp\/v2\/media?parent=20293"}],"wp:term":[{"taxonomy":"product_brand","embeddable":true,"href":"http:\/\/ksiegarnia-akademicka.pl\/index.php\/wp-json\/wp\/v2\/product_brand?post=20293"},{"taxonomy":"product_cat","embeddable":true,"href":"http:\/\/ksiegarnia-akademicka.pl\/index.php\/wp-json\/wp\/v2\/product_cat?post=20293"},{"taxonomy":"product_tag","embeddable":true,"href":"http:\/\/ksiegarnia-akademicka.pl\/index.php\/wp-json\/wp\/v2\/product_tag?post=20293"}],"curies":[{"name":"wp","href":"https:\/\/api.w.org\/{rel}","templated":true}]}}