{"id":20287,"date":"2025-02-14T10:45:04","date_gmt":"2025-02-14T09:45:04","guid":{"rendered":"http:\/\/ksiegarnia-akademicka.pl\/?post_type=product&#038;p=20287"},"modified":"2025-02-14T10:45:05","modified_gmt":"2025-02-14T09:45:05","slug":"komunikacja-z-ai-dla-poczatkujacych","status":"publish","type":"product","link":"http:\/\/ksiegarnia-akademicka.pl\/index.php\/product\/komunikacja-z-ai-dla-poczatkujacych\/","title":{"rendered":"Komunikacja z AI Dla pocz\u0105tkuj\u0105cych"},"content":{"rendered":"<div class=\"grupa osoby\"><span class=\"meta-head-blue\">Autor:<\/span><\/p>\n<ul>\n<li class=\"meta-value\">Majzel-Po\u015bpiech Katarzyna<\/li>\n<\/ul>\n<\/div>\n<div class=\"grupa wydawca\"><span class=\"meta-head\">Wydawca:<\/span>\u00a0Helion<\/div>\n<div class=\"grupa dane\">\n<div>Oprawa:\u00a0<span class=\"meta-value-bold\">Mi\u0119kka<\/span><\/div>\n<div>Format:\u00a0<span class=\"meta-value-bold\">16.5&#215;23.5cm<\/span><\/div>\n<div>Liczba stron:\u00a0<span class=\"meta-value-bold\">152<\/span><\/div>\n<div>Rok wydania:\u00a0<span class=\"meta-value-bold\">2025<\/span><\/div>\n<div>J\u0119zyk wydania:\u00a0<span class=\"meta-value-bold\">polski<\/span><\/div>\n<\/div>\n<div><\/div>\n<div>Naucz si\u0119 promptowa\u0107 i skorzystaj w pe\u0142ni z mo\u017cliwo\u015bci, jakie oferuje AI<\/p>\n<p>Jedni si\u0119 jej obawiaj\u0105, inni patrz\u0105 na ni\u0105 z nadziej\u0105. Sztuczna inteligencja, z angielskiego artificial intelligence (AI), to technologia, kt\u00f3ra oferuje niespotykane dot\u0105d mo\u017cliwo\u015bci i imponuj\u0105c\u0105 wydajno\u015b\u0107. Je\u015bli w odpowiedni spos\u00f3b zada\u0107 jej pytanie, jest w stanie precyzyjnie na nie odpowiedzie\u0107 i podsun\u0105\u0107 rozwi\u0105zanie. Po otrzymaniu konkretnych wskaz\u00f3wek mo\u017ce wygenerowa\u0107 wysokiej jako\u015bci grafiki i filmy. Kluczowe jest, aby nauczy\u0107 si\u0119 w\u0142a\u015bciwie zadawa\u0107 pytania i poprawnie formu\u0142owa\u0107 polecenia. Innymi s\u0142owy &#8211; promptowa\u0107.<\/p>\n<p>Prompt engineering polega na tworzeniu i optymalizowaniu prompt\u00f3w, czyli komend lub zapyta\u0144 kierowanych do modeli sztucznej inteligencji. Promptowanie wymaga kreatywno\u015bci, logicznego my\u015blenia, znajomo\u015bci j\u0119zyka i technologii AI, ale opanowanie jego regu\u0142 warte jest po\u015bwi\u0119conego czasu. W efekcie bowiem otrzymamy oczekiwane tre\u015bci, grafiki, muzyk\u0119, wydajne wsparcie w kodowaniu i analizie danych. A to dopiero pocz\u0105tek mo\u017cliwo\u015bci narz\u0119dzi takich jak ChatGPT czy Midjourney.<\/p>\n<p>Je\u015bli:<\/p>\n<p>chcesz zrozumie\u0107, na jakich zasadach dzia\u0142a sztuczna inteligencja<br \/>\npragniesz pozna\u0107 regu\u0142y prompt engineeringu<br \/>\nzale\u017cy Ci na tym, by spr\u00f3bowa\u0107 swoich si\u0142 w promptowaniu<br \/>\nzamierzasz tworzy\u0107 skuteczne i kreatywne prompty<\/p>\n<p>to ksi\u0105\u017cka w\u0142a\u015bnie dla Ciebie! Znajdziesz w niej wiedz\u0119 i inspiracje, kt\u00f3re pozwol\u0105 Ci rozpocz\u0105\u0107 wsp\u00f3\u0142prac\u0119 z dost\u0119pnymi na rynku modelami AI.<\/p><\/div>\n","protected":false},"excerpt":{"rendered":"<p>Autor: Majzel-Po\u015bpiech Katarzyna Wydawca:\u00a0Helion Oprawa:\u00a0Mi\u0119kka Format:\u00a016.5&#215;23.5cm Liczba stron:\u00a0152 Rok wydania:\u00a02025 [&hellip;]<\/p>\n","protected":false},"featured_media":20288,"template":"","meta":[],"product_brand":[],"product_cat":[36,7530],"product_tag":[7475],"class_list":{"0":"post-20287","1":"product","2":"type-product","3":"status-publish","4":"has-post-thumbnail","6":"product_cat-informatyka","7":"product_cat-nowosci","8":"product_tag-sztuczna-inteligencja","10":"first","11":"instock","12":"sale","13":"shipping-taxable","14":"purchasable","15":"product-type-simple"},"_links":{"self":[{"href":"http:\/\/ksiegarnia-akademicka.pl\/index.php\/wp-json\/wp\/v2\/product\/20287","targetHints":{"allow":["GET"]}}],"collection":[{"href":"http:\/\/ksiegarnia-akademicka.pl\/index.php\/wp-json\/wp\/v2\/product"}],"about":[{"href":"http:\/\/ksiegarnia-akademicka.pl\/index.php\/wp-json\/wp\/v2\/types\/product"}],"wp:featuredmedia":[{"embeddable":true,"href":"http:\/\/ksiegarnia-akademicka.pl\/index.php\/wp-json\/wp\/v2\/media\/20288"}],"wp:attachment":[{"href":"http:\/\/ksiegarnia-akademicka.pl\/index.php\/wp-json\/wp\/v2\/media?parent=20287"}],"wp:term":[{"taxonomy":"product_brand","embeddable":true,"href":"http:\/\/ksiegarnia-akademicka.pl\/index.php\/wp-json\/wp\/v2\/product_brand?post=20287"},{"taxonomy":"product_cat","embeddable":true,"href":"http:\/\/ksiegarnia-akademicka.pl\/index.php\/wp-json\/wp\/v2\/product_cat?post=20287"},{"taxonomy":"product_tag","embeddable":true,"href":"http:\/\/ksiegarnia-akademicka.pl\/index.php\/wp-json\/wp\/v2\/product_tag?post=20287"}],"curies":[{"name":"wp","href":"https:\/\/api.w.org\/{rel}","templated":true}]}}