{"id":20277,"date":"2025-02-12T10:22:23","date_gmt":"2025-02-12T09:22:23","guid":{"rendered":"http:\/\/ksiegarnia-akademicka.pl\/?post_type=product&#038;p=20277"},"modified":"2025-02-12T10:22:23","modified_gmt":"2025-02-12T09:22:23","slug":"wstep-do-krystalografii","status":"publish","type":"product","link":"http:\/\/ksiegarnia-akademicka.pl\/index.php\/product\/wstep-do-krystalografii\/","title":{"rendered":"Wst\u0119p do krystalografii"},"content":{"rendered":"<div class=\"grupa osoby\"><span class=\"meta-head-blue\">Autor:<\/span><\/p>\n<ul>\n<li class=\"meta-value\">Chojnacki Jaros\u0142aw<\/li>\n<\/ul>\n<\/div>\n<div class=\"grupa wydawca\"><span class=\"meta-head\">Wydawca:<\/span>\u00a0Wydawnictwo Naukowe PWN<\/div>\n<div class=\"grupa dane\">\n<div>Oprawa:\u00a0<span class=\"meta-value-bold\">Mi\u0119kka<\/span><\/div>\n<div>Format:\u00a0<span class=\"meta-value-bold\">16.0&#215;23.5cm<\/span><\/div>\n<div>Liczba stron:\u00a0<span class=\"meta-value-bold\">282<\/span><\/div>\n<div>Wydanie:\u00a0<span class=\"meta-value-bold\">1<\/span><\/div>\n<div>Rok wydania:\u00a0<span class=\"meta-value-bold\">2025<\/span><\/div>\n<div>J\u0119zyk wydania:\u00a0<span class=\"meta-value-bold\">polski<\/span><\/div>\n<\/div>\n<div><\/div>\n<div>Krystalografia odgrywa kluczow\u0105 rol\u0119 we wsp\u00f3\u0142czesnej nauce i technice, umo\u017cliwiaj\u0105c m.in. rozw\u00f3j nowych materia\u0142\u00f3w oraz lepsze zrozumienie w\u0142a\u015bciwo\u015bci i struktury materii.<\/p>\n<p>Ksi\u0105\u017cka przeznaczona jest dla student\u00f3w studi\u00f3w in\u017cynierskich b\u0105d\u017a magisterskich w zakresie chemii, fizyki, inzynierii materia\u0142owej, geologii i dla wszystkich, kt\u00f3rzy interesuj\u0105 si\u0119 krystalografi\u0105 lub krystalochemi\u0105.<br \/>\nMateria\u0142 zawarty w ksi\u0105\u017cce mo\u017ce by\u0107 przydatny r\u00f3wnie\u017c m\u0142odym pracownikom naukowym, prowadz\u0105cym badania w pokrewnych dziedzinach wiedzy czy technologii, wykorzystuj\u0105cym wyniki bada\u0144 krystalograficznych w swojej pracy naukowej lub in\u017cynierskiej.<\/p><\/div>\n","protected":false},"excerpt":{"rendered":"<p>Autor: Chojnacki Jaros\u0142aw Wydawca:\u00a0Wydawnictwo Naukowe PWN Oprawa:\u00a0Mi\u0119kka Format:\u00a016.0&#215;23.5cm Liczba stron:\u00a0282 [&hellip;]<\/p>\n","protected":false},"featured_media":20278,"template":"","meta":[],"product_brand":[],"product_cat":[7709,41,7530],"product_tag":[8509,105,1871],"class_list":{"0":"post-20277","1":"product","2":"type-product","3":"status-publish","4":"has-post-thumbnail","6":"product_cat-mechanika","7":"product_cat-nauki-techniczne","8":"product_cat-nowosci","9":"product_tag-krystalografie","10":"product_tag-materialoznawstwo","11":"product_tag-mechanika","13":"first","14":"instock","15":"sale","16":"shipping-taxable","17":"purchasable","18":"product-type-simple"},"_links":{"self":[{"href":"http:\/\/ksiegarnia-akademicka.pl\/index.php\/wp-json\/wp\/v2\/product\/20277","targetHints":{"allow":["GET"]}}],"collection":[{"href":"http:\/\/ksiegarnia-akademicka.pl\/index.php\/wp-json\/wp\/v2\/product"}],"about":[{"href":"http:\/\/ksiegarnia-akademicka.pl\/index.php\/wp-json\/wp\/v2\/types\/product"}],"wp:featuredmedia":[{"embeddable":true,"href":"http:\/\/ksiegarnia-akademicka.pl\/index.php\/wp-json\/wp\/v2\/media\/20278"}],"wp:attachment":[{"href":"http:\/\/ksiegarnia-akademicka.pl\/index.php\/wp-json\/wp\/v2\/media?parent=20277"}],"wp:term":[{"taxonomy":"product_brand","embeddable":true,"href":"http:\/\/ksiegarnia-akademicka.pl\/index.php\/wp-json\/wp\/v2\/product_brand?post=20277"},{"taxonomy":"product_cat","embeddable":true,"href":"http:\/\/ksiegarnia-akademicka.pl\/index.php\/wp-json\/wp\/v2\/product_cat?post=20277"},{"taxonomy":"product_tag","embeddable":true,"href":"http:\/\/ksiegarnia-akademicka.pl\/index.php\/wp-json\/wp\/v2\/product_tag?post=20277"}],"curies":[{"name":"wp","href":"https:\/\/api.w.org\/{rel}","templated":true}]}}