{"id":20206,"date":"2025-02-07T11:11:49","date_gmt":"2025-02-07T10:11:49","guid":{"rendered":"http:\/\/ksiegarnia-akademicka.pl\/?post_type=product&#038;p=20206"},"modified":"2025-02-07T11:11:50","modified_gmt":"2025-02-07T10:11:50","slug":"cywilnoprawne-instrumenty-zabezpieczenia-majatkowej-egzystencji-osob-starszych","status":"publish","type":"product","link":"http:\/\/ksiegarnia-akademicka.pl\/index.php\/product\/cywilnoprawne-instrumenty-zabezpieczenia-majatkowej-egzystencji-osob-starszych\/","title":{"rendered":"Cywilnoprawne instrumenty zabezpieczenia maj\u0105tkowej egzystencji os\u00f3b starszych"},"content":{"rendered":"<p>Autor:\u00a0adw. dr Agata Koschel-Sturzbecher<\/p>\n<p>Wydawnictwo: C.H. Beck<\/p>\n<p>Seria: Monografie Prawnicze<\/p>\n<p>Rok wydania: 2025<\/p>\n<p>Oprawa: Twarda<\/p>\n<p>Liczba stron: 392<\/p>\n<p>Wymiary: 145&#215;205 mm<\/p>\n<p>Waga: 590 g<\/p>\n<p>ISBN:\u00a0978-83-8356-576-7<\/p>\n<p>&nbsp;<\/p>\n<p>Monografia stanowi rozpraw\u0119, w oparciu o kt\u00f3r\u0105 Autorka &#8211;\u00a0<em>dr Agata Koschel-Sturzbecher,<\/em>\u00a0obroni\u0142a tytu\u0142 doktora nauk prawnych na Uniwersytecie im. Adama Mickiewicza w Poznaniu. Autorka omawia w niej mo\u017cliwo\u015bci uzyskania przez senior\u00f3w zabezpieczenia finansowego poprzez wykorzystanie nieruchomo\u015bci, kt\u00f3rych s\u0105 w\u0142a\u015bcicielami.<\/p>\n<p>Jest to pierwsze w Polsce kompleksowe opracowanie tego zagadnienia. W publikacji omawiane s\u0105 nast\u0119puj\u0105ce instytucje prawne:<\/p>\n<ul>\n<li>odwr\u00f3cony kredyt hipoteczny,<\/li>\n<li>umowa o do\u017cywocie,<\/li>\n<li>umowa z nast\u0119pc\u0105,<\/li>\n<li>umowa sprzeda\u017cy z jednoczesnym ustanowieniem prawa u\u017cytkowania lub s\u0142u\u017cebno\u015bci mieszkania.<\/li>\n<\/ul>\n<p>Autorka analizuje ka\u017cd\u0105 z tych instytucji oraz bada je, w szczeg\u00f3lno\u015bci pod k\u0105tem skuteczno\u015bci i komplementarno\u015bci zapewnienia seniorom \u015brodk\u00f3w prawnych zabezpieczaj\u0105cych ich sytuacj\u0119 finansow\u0105. Dokonuje tak\u017ce por\u00f3wnania polskich regulacji z tymi, kt\u00f3re funkcjonuj\u0105 w innych wybranych pa\u0144stwach Europy oraz w Stanach Zjednoczonych. Formu\u0142uje postulaty\u00a0<em>de lege ferenda<\/em>\u00a0maj\u0105ce na celu zapewnienie realnej poprawy bytu senior\u00f3w w Polsce.<\/p>\n","protected":false},"excerpt":{"rendered":"<p>Autor:\u00a0adw. dr Agata Koschel-Sturzbecher Wydawnictwo: C.H. Beck Seria: Monografie Prawnicze [&hellip;]<\/p>\n","protected":false},"featured_media":20207,"template":"","meta":[],"product_brand":[],"product_cat":[7491,7530,18],"product_tag":[615,5397],"class_list":{"0":"post-20206","1":"product","2":"type-product","3":"status-publish","4":"has-post-thumbnail","6":"product_cat-cywilne","7":"product_cat-nowosci","8":"product_cat-prawo","9":"product_tag-prawo-cywilne","10":"product_tag-seria-monografie-prawnicze","12":"first","13":"instock","14":"sale","15":"shipping-taxable","16":"purchasable","17":"product-type-simple"},"_links":{"self":[{"href":"http:\/\/ksiegarnia-akademicka.pl\/index.php\/wp-json\/wp\/v2\/product\/20206","targetHints":{"allow":["GET"]}}],"collection":[{"href":"http:\/\/ksiegarnia-akademicka.pl\/index.php\/wp-json\/wp\/v2\/product"}],"about":[{"href":"http:\/\/ksiegarnia-akademicka.pl\/index.php\/wp-json\/wp\/v2\/types\/product"}],"wp:featuredmedia":[{"embeddable":true,"href":"http:\/\/ksiegarnia-akademicka.pl\/index.php\/wp-json\/wp\/v2\/media\/20207"}],"wp:attachment":[{"href":"http:\/\/ksiegarnia-akademicka.pl\/index.php\/wp-json\/wp\/v2\/media?parent=20206"}],"wp:term":[{"taxonomy":"product_brand","embeddable":true,"href":"http:\/\/ksiegarnia-akademicka.pl\/index.php\/wp-json\/wp\/v2\/product_brand?post=20206"},{"taxonomy":"product_cat","embeddable":true,"href":"http:\/\/ksiegarnia-akademicka.pl\/index.php\/wp-json\/wp\/v2\/product_cat?post=20206"},{"taxonomy":"product_tag","embeddable":true,"href":"http:\/\/ksiegarnia-akademicka.pl\/index.php\/wp-json\/wp\/v2\/product_tag?post=20206"}],"curies":[{"name":"wp","href":"https:\/\/api.w.org\/{rel}","templated":true}]}}