{"id":20187,"date":"2025-02-06T15:36:58","date_gmt":"2025-02-06T14:36:58","guid":{"rendered":"http:\/\/ksiegarnia-akademicka.pl\/?post_type=product&#038;p=20187"},"modified":"2026-03-03T08:53:36","modified_gmt":"2026-03-03T07:53:36","slug":"edycja-cywilna-kodeks-cywilny-kodeks-postepowania-cywilnego-kodeks-rodzinny-i-opiekunczy-13-innych-aktow-prawnych","status":"publish","type":"product","link":"http:\/\/ksiegarnia-akademicka.pl\/index.php\/product\/edycja-cywilna-kodeks-cywilny-kodeks-postepowania-cywilnego-kodeks-rodzinny-i-opiekunczy-13-innych-aktow-prawnych\/","title":{"rendered":"EDYCJA CYWILNA. Kodeks cywilny. Kodeks post\u0119powania cywilnego. Kodeks rodzinny i opieku\u0144czy. 13 innych akt\u00f3w prawnych"},"content":{"rendered":"<p>Wydawnictwo: C.H. Beck<\/p>\n<p>Seria: Teksty Ustaw Becka. Edycja S\u0105dowa<\/p>\n<p>Rok wydania: 2026<\/p>\n<p>Wydanie: 52<\/p>\n<p>Oprawa: Mi\u0119kka<\/p>\n<p>Liczba stron: 1296<\/p>\n<p>Wymiary: 145&#215;205 mm<\/p>\n<p>&nbsp;<\/p>\n<h3><strong>Edycja cywilna 2026 \u2013 komplet najwa\u017cniejszych ustaw prawa cywilnego w jednym tomie.<\/strong><\/h3>\n<p><strong>Stan prawny: 1 stycznia 2026 r.<\/strong><\/p>\n<p>Zbi\u00f3r uwzgl\u0119dnia zmiany wchodz\u0105ce w \u017cycie:<\/p>\n<p>Kodeks cywilny:<\/p>\n<ul>\n<li><strong>13.7.2025 r.<\/strong>\u00a0\u2013 Ustawa o zmianie niekt\u00f3rych ustaw w celu deregulacji prawa gospodarczego i administracyjnego oraz doskonalenia zasad opracowywania prawa gospodarczego z dnia 21 maja 2025 r. (Dz.U. z 2025 r. poz. 769),<\/li>\n<li><strong>Nowy tekst jednolity z dnia 25 lipca 2025 r.\u00a0<\/strong>(Dz.U. z 2025 r. poz. 1071),<\/li>\n<li><strong>27.11.2025 r.<\/strong>\u00a0\u2013 Ustawa o zmianie ustawy \u2013 Kodeks post\u0119powania cywilnego, ustawy \u2013 Kodeks cywilny oraz niekt\u00f3rych innych ustaw z dnia 5 sierpnia 2025 r. (Dz.U. z 2025 r. poz. 1172),<\/li>\n<li><strong>4.12.2025 r.\u00a0<\/strong>\u2013 Ustawa o zmianie ustawy \u2013 Kodeks cywilny z dnia 9 pa\u017adziernika 2025 r. (Dz.U. z 2025 r. poz. 1508).<\/li>\n<\/ul>\n<p>Prawo o aktach stanu cywilnego:<\/p>\n<ul>\n<li><strong>9.8.2025 r.\u00a0<\/strong>\u2013 Ustawa o zmianie ustawy o informatyzacji dzia\u0142alno\u015bci podmiot\u00f3w realizuj\u0105cych zadania publiczne oraz niekt\u00f3rych innych ustaw z dnia 25 czerwca 2025 r. (Dz.U. z 2025 r. poz. 1006).<\/li>\n<\/ul>\n<p>Kodeks post\u0119powania cywilnego:<\/p>\n<ul>\n<li><strong>10.9.2025 r.\u00a0<\/strong>\u2013 Ustawa o zmianie ustawy \u2013 Kodeks post\u0119powania cywilnego, ustawy \u2013 Kodeks cywilny oraz niekt\u00f3rych innych ustaw z dnia 5 sierpnia 2025 r. (Dz.U. z 2025 r. poz. 1172),<\/li>\n<li><strong>30.9.2025 r.<\/strong>\u00a0\u2013 Ustawa o bonie ciep\u0142owniczym oraz o zmianie niekt\u00f3rych ustaw w celu ograniczenia wysoko\u015bci cen energii elektrycznej z dnia 12 wrze\u015bnia 2025 r. (Dz.U. z 2025 r. poz. 1302),<\/li>\n<li><strong>5.12.2025 r.<\/strong>\u00a0\u2013 Ustawa o zmianie ustawy \u2013 Kodeks post\u0119powania cywilnego z dnia 9 pa\u017adziernika 2025 r. (Dz.U. z 2025 r. poz. 1518),<\/li>\n<li><strong>13.12.2025 r.<\/strong>\u00a0\u2013 Ustawa o uk\u0142adach zbiorowych pracy i porozumieniach zbiorowych z dnia 5 listopada 2025 r. (Dz.U. z 2025 r. poz. 1661),<\/li>\n<li><strong>5.2.2026 r.\u00a0<\/strong>\u2013 Ustawa o zmianie ustawy \u2013 Kodeks post\u0119powania cywilnego z dnia 9 pa\u017adziernika 2025 r. (Dz.U. z 2025 r. poz. 1518),<\/li>\n<li><strong>1.3.2026 r.<\/strong>\u00a0\u2013 Ustawa o zmianie ustawy \u2013 Kodeks post\u0119powania cywilnego, ustawy \u2013 Kodeks cywilny oraz niekt\u00f3rych innych ustaw z dnia 5 sierpnia 2025 r. (Dz.U. z 2025 r. poz. 1172),<\/li>\n<li><strong>18.4.2026 r.\u00a0<\/strong>\u2013 Ustawa o zmianie ustawy o ochronie konkurencji i konsument\u00f3w oraz niekt\u00f3rych innych ustaw z dnia 5 sierpnia 2015 r. (Dz.U. z 2015 r. poz. 1634),<\/li>\n<li><strong>1.6.2026 r.\u00a0<\/strong>\u2013 Ustawa o zmianie ustawy \u2013 Kodeks post\u0119powania cywilnego, ustawy \u2013 Kodeks cywilny oraz niekt\u00f3rych innych ustaw z dnia 5 sierpnia 2025 r. (Dz.U. z 2025 r. poz. 1172),<\/li>\n<li><strong>1.3.2027 r.\u00a0<\/strong>\u2013 Ustawa o zmianie ustawy \u2013 Kodeks post\u0119powania cywilnego, ustawy \u2013 Kodeks cywilny oraz niekt\u00f3rych innych ustaw z dnia 5 sierpnia 2025 r. (Dz.U. z 2025 r. poz. 1172).<\/li>\n<\/ul>\n<p>Kodeks rodzinny i opieku\u0144czy:<\/p>\n<ul>\n<li><strong>8.10.2025 r.<\/strong>\u00a0\u2013 Ustawa o zmianie ustawy \u2013 Kodeks rodzinny i opieku\u0144czy z dnia 24 czerwca 2025 r. (Dz.U. z 2025 r. poz. 897).<\/li>\n<\/ul>\n<p>Ustawa o ksi\u0119gach wieczystych i hipotece:<\/p>\n<ul>\n<li><strong>17.3.2026 r.<\/strong>\u00a0\u2013 Ustawa o zmianie ustawy \u2013 Prawo o notariacie oraz ustawy o ksi\u0119gach wieczystych i hipotece z dnia 21 listopada 2025 r. (Dz.U. z 2025 r. poz. 1793),<\/li>\n<li><strong>2.4.2027 r. \u2013<\/strong>\u00a0Ustawa o zmianie ustawy o ochronie praw nabywcy lokalu mieszkalnego lub domu jednorodzinnego oraz Deweloperskim Funduszu Gwarancyjnym oraz niekt\u00f3rych innych ustaw z dnia 17 pa\u017adziernika 2025 r. (Dz.U. z 2025 r. poz. 1669),<\/li>\n<li><strong>17.6.2027 r.<\/strong>\u00a0\u2013 Ustawa o zmianie ustawy o statystyce publicznej oraz niekt\u00f3rych innych ustaw z dnia 21 listopada 2025 r. (Dz.U. z 2025 r. poz. 1792).<\/li>\n<\/ul>\n<p>Ustawa o komornikach s\u0105dowych:<\/p>\n<ul>\n<li><strong>12.8.2025 r.\u00a0<\/strong>\u2013 Ustawa o zmianie ustawy o komornikach s\u0105dowych z dnia 25 czerwca 2025 r. (Dz.U. z 2025 r. poz. 1018),<\/li>\n<li><strong>1.3.2026 r.\u00a0<\/strong>\u2013 Ustawa o zmianie ustawy \u2013 Kodeks post\u0119powania cywilnego, ustawy \u2013 Kodeks cywilny oraz niekt\u00f3rych innych ustaw z dnia 5 sierpnia 2025 r. (Dz.U. z 2025 r. poz. 1172).<\/li>\n<\/ul>\n<p>Ustawa o kosztach s\u0105dowych w sprawach cywilnych:<\/p>\n<ul>\n<li><strong>13.7.2025 r.\u00a0<\/strong>\u2013 Ustawa o zmianie niekt\u00f3rych ustaw w celu deregulacji prawa gospodarczego i administracyjnego oraz doskonalenia zasad opracowywania prawa gospodarczego z dnia 21 maja 2025 r. (Dz.U. z 2025 r. poz. 769),<\/li>\n<li><strong>Nowy tekst jednolity z dnia 1 wrze\u015bnia 2025 r.\u00a0<\/strong>(Dz.U. z 2025 r. poz. 1228),<\/li>\n<li><strong>23.9.2025 r.<\/strong>\u00a0\u2013 Ustawa o zmianie ustawy o kosztach s\u0105dowych w sprawach cywilnych z dnia 25 lipca 2025 r. (Dz.U. z 2025 r. poz. 1157),<\/li>\n<li><strong>1.3.2026 r.\u00a0<\/strong>\u2013 Ustawa o zmianie ustawy \u2013 Kodeks post\u0119powania cywilnego, ustawy \u2013 Kodeks cywilny oraz niekt\u00f3rych innych ustaw z dnia 5 sierpnia 2025 r. (Dz.U. z 2025 r. poz. 1172).<\/li>\n<\/ul>\n<p>Rozporz\u0105dzenie Ministra Sprawiedliwo\u015bci w sprawie op\u0142at za czynno\u015bci radc\u00f3w prawnych:<\/p>\n<ul>\n<li><strong>1.1.2026 r.\u00a0<\/strong>\u2013 Rozporz\u0105dzenie Ministra Sprawiedliwo\u015bci zmieniaj\u0105ce rozporz\u0105dzenie w sprawie op\u0142at za czynno\u015bci radc\u00f3w prawnych z dnia 24 wrze\u015bnia 2025 r. (Dz.U. z 2025 r. poz. 1336).<\/li>\n<\/ul>\n<p>Rozporz\u0105dzenie Ministra Sprawiedliwo\u015bci w sprawie op\u0142at za czynno\u015bci adwokackie:<\/p>\n<ul>\n<li><strong>1.1.2026 r.\u00a0<\/strong>\u2013 Rozporz\u0105dzenie Ministra Sprawiedliwo\u015bci zmieniaj\u0105ce rozporz\u0105dzenie w sprawie op\u0142at za czynno\u015bci radc\u00f3w prawnych z dnia 24 wrze\u015bnia 2025 r. (Dz.U. z 2025 r. poz. 1314).<\/li>\n<\/ul>\n<p>Rozporz\u0105dzenie Ministra Sprawiedliwo\u015bci w sprawie okre\u015blenia stawek wynagrodzenia bieg\u0142ych, taryf zrycza\u0142towanych oraz sposobu dokumentowania wydatk\u00f3w niezb\u0119dnych dla wydania opinii w post\u0119powaniu cywilnym:<\/p>\n<ul>\n<li><strong>Nowy tekst jednolity z dnia 11 pa\u017adziernika 2025 r<\/strong>. (Dz.U. z 2025 r. poz. 1444).<\/li>\n<\/ul>\n","protected":false},"excerpt":{"rendered":"<p>Wydawnictwo: C.H. Beck Seria: Teksty Ustaw Becka. Edycja S\u0105dowa Rok [&hellip;]<\/p>\n","protected":false},"featured_media":21751,"template":"","meta":[],"product_brand":[],"product_cat":[7491,18],"product_tag":[615,5421,318],"class_list":{"0":"post-20187","1":"product","2":"type-product","3":"status-publish","4":"has-post-thumbnail","6":"product_cat-cywilne","7":"product_cat-prawo","8":"product_tag-prawo-cywilne","9":"product_tag-seria-edycja-sadowa","10":"product_tag-seria-teksty-ustaw-becka","12":"first","13":"instock","14":"sale","15":"shipping-taxable","16":"purchasable","17":"product-type-simple"},"_links":{"self":[{"href":"http:\/\/ksiegarnia-akademicka.pl\/index.php\/wp-json\/wp\/v2\/product\/20187","targetHints":{"allow":["GET"]}}],"collection":[{"href":"http:\/\/ksiegarnia-akademicka.pl\/index.php\/wp-json\/wp\/v2\/product"}],"about":[{"href":"http:\/\/ksiegarnia-akademicka.pl\/index.php\/wp-json\/wp\/v2\/types\/product"}],"wp:featuredmedia":[{"embeddable":true,"href":"http:\/\/ksiegarnia-akademicka.pl\/index.php\/wp-json\/wp\/v2\/media\/21751"}],"wp:attachment":[{"href":"http:\/\/ksiegarnia-akademicka.pl\/index.php\/wp-json\/wp\/v2\/media?parent=20187"}],"wp:term":[{"taxonomy":"product_brand","embeddable":true,"href":"http:\/\/ksiegarnia-akademicka.pl\/index.php\/wp-json\/wp\/v2\/product_brand?post=20187"},{"taxonomy":"product_cat","embeddable":true,"href":"http:\/\/ksiegarnia-akademicka.pl\/index.php\/wp-json\/wp\/v2\/product_cat?post=20187"},{"taxonomy":"product_tag","embeddable":true,"href":"http:\/\/ksiegarnia-akademicka.pl\/index.php\/wp-json\/wp\/v2\/product_tag?post=20187"}],"curies":[{"name":"wp","href":"https:\/\/api.w.org\/{rel}","templated":true}]}}