{"id":2018,"date":"2018-05-22T12:44:54","date_gmt":"2018-05-22T10:44:54","guid":{"rendered":"http:\/\/ksiegarnia-akademicka.pl\/index.php\/product\/geografia-ekonomiczna\/"},"modified":"2020-10-27T10:53:42","modified_gmt":"2020-10-27T09:53:42","slug":"geografia-ekonomiczna","status":"publish","type":"product","link":"http:\/\/ksiegarnia-akademicka.pl\/index.php\/product\/geografia-ekonomiczna\/","title":{"rendered":"Geografia ekonomiczna"},"content":{"rendered":"<p>Jacek Brdulak, Hanna Godlewska-Majkowska, Maciej Gurba\u0142a, Kazimierz Kuci\u0144ski (redaktor naukowy), Marcin Molenda, Dorota Niedzi\u00f3\u0142ka, Teresa Pakulska, Anna Rutkowska-Gurak, Ewa Taylor, Barbara Trzci\u0144ska<br \/>\nWolters Kluwer<br \/>\nRok publikacji: 2020<br \/>\nWydanie: 3<br \/>\nLiczba stron: 476<br \/>\nCi\u0119\u017car: 0,801 kg<br \/>\nISBN:\t978-83-264-8256-4<\/p>\n<p>W podr\u0119czniku w spos\u00f3b kompleksowy przedstawiono zagadnienia geografii ekonomicznej w uj\u0119ciu \u0142\u0105cz\u0105cym w\u0105tki przyrodnicze, spo\u0142eczne, kulturowe i ekonomiczne, postrzegane zar\u00f3wno z perspektywy przestrzennej, jak i chronologicznej. Autorzy, pracownicy naukowi Katedry Geografii Ekonomicznej Szko\u0142y G\u0142\u00f3wnej Handlowej, w ciekawy spos\u00f3b przybli\u017caj\u0105 nast\u0119puj\u0105ce problemy:<\/p>\n<p>przyrodnicze, spo\u0142eczne, kapita\u0142owe, instytucjonalne i rynkowe uwarunkowania rozwoju gospodarki,<br \/>\nrol\u0119 poszczeg\u00f3lnych sektor\u00f3w gospodarki, czynniki ich rozwoju i lokalizacji oraz typowe dla tych sektor\u00f3w struktury przestrzenne,<br \/>\ntypologi\u0119 i pomiar poziomu rozwoju gospodarczego pa\u0144stw i region\u00f3w, jego dynamik\u0119, uwarunkowania i zagro\u017cenia,<br \/>\nsystemowy charakter gospodarki, jej zakorzenienie w jednostkach osadniczych i przestrzennych,<br \/>\nlokalny, regionalny, krajowy i globalny wymiar gospodarki, jego specyfik\u0119 i konsekwencje.<br \/>\nKsi\u0105\u017cka jest pomy\u015blana nie tylko jako podr\u0119cznik akademicki do przedmiotu &#8222;geografia ekonomiczna&#8221;, lecz tak\u017ce jako lektura uzupe\u0142niaj\u0105ca dla studiuj\u0105cych zagadnienia zwi\u0105zane z gospodark\u0105 przestrzenn\u0105, rozwojem regionalnym i lokalnym, inwestycjami i nieruchomo\u015bciami, ochron\u0105 \u015brodowiska, demografi\u0105, kapita\u0142em ludzkim i spo\u0142ecznym.<\/p>\n<p>&#8222;Pisz\u0105c t\u0119 ksi\u0105\u017ck\u0119, starali\u015bmy si\u0119 zintegrowa\u0107 wiedz\u0119 o przestrzennych aspektach gospodarowania, pojawiaj\u0105c\u0105 si\u0119 w r\u00f3\u017cnych przedmiotach wyk\u0142adanych na uczelniach ekonomicznych. Publikacja, kt\u00f3r\u0105 oddajemy do r\u0105k Czytelnik\u00f3w, przybli\u017ca ekonomistom przestrzenny wymiar gospodarki i jej uwarunkowa\u0144, geografom za\u015b ekonomi\u0119&#8221;. <\/p>\n<p>Prof. dr hab. Kazimierz Kuci\u0144ski<\/p>\n<p>Na stronie internetowej www.geografia-ekonomiczna-wyd-3.eoficyna.com.pl znajduj\u0105 si\u0119 dodatkowe materia\u0142y dost\u0119pne po wpisaniu zamieszczonego w ksi\u0105\u017cce kodu aktywacyjnego, kt\u00f3re stanowi\u0105 znakomite uzupe\u0142nienie tre\u015bci ksi\u0105\u017cki.<\/p>\n","protected":false},"excerpt":{"rendered":"<p>Jacek Brdulak, Hanna Godlewska-Majkowska, Maciej Gurba\u0142a, Kazimierz Kuci\u0144ski (redaktor naukowy), [&hellip;]<\/p>\n","protected":false},"featured_media":9057,"template":"","meta":[],"product_brand":[],"product_cat":[39],"product_tag":[1949,3660,4653,4652,4654],"class_list":{"0":"post-2018","1":"product","2":"type-product","3":"status-publish","4":"has-post-thumbnail","6":"product_cat-srodowisko-prawo-i-zarzadzanie","7":"product_tag-ekologia","8":"product_tag-geografia","9":"product_tag-ludnosc","10":"product_tag-przyroda","11":"product_tag-surowce-i-inne","13":"first","14":"instock","15":"sale","16":"shipping-taxable","17":"purchasable","18":"product-type-simple"},"_links":{"self":[{"href":"http:\/\/ksiegarnia-akademicka.pl\/index.php\/wp-json\/wp\/v2\/product\/2018","targetHints":{"allow":["GET"]}}],"collection":[{"href":"http:\/\/ksiegarnia-akademicka.pl\/index.php\/wp-json\/wp\/v2\/product"}],"about":[{"href":"http:\/\/ksiegarnia-akademicka.pl\/index.php\/wp-json\/wp\/v2\/types\/product"}],"wp:featuredmedia":[{"embeddable":true,"href":"http:\/\/ksiegarnia-akademicka.pl\/index.php\/wp-json\/wp\/v2\/media\/9057"}],"wp:attachment":[{"href":"http:\/\/ksiegarnia-akademicka.pl\/index.php\/wp-json\/wp\/v2\/media?parent=2018"}],"wp:term":[{"taxonomy":"product_brand","embeddable":true,"href":"http:\/\/ksiegarnia-akademicka.pl\/index.php\/wp-json\/wp\/v2\/product_brand?post=2018"},{"taxonomy":"product_cat","embeddable":true,"href":"http:\/\/ksiegarnia-akademicka.pl\/index.php\/wp-json\/wp\/v2\/product_cat?post=2018"},{"taxonomy":"product_tag","embeddable":true,"href":"http:\/\/ksiegarnia-akademicka.pl\/index.php\/wp-json\/wp\/v2\/product_tag?post=2018"}],"curies":[{"name":"wp","href":"https:\/\/api.w.org\/{rel}","templated":true}]}}