{"id":20169,"date":"2025-02-06T09:31:44","date_gmt":"2025-02-06T08:31:44","guid":{"rendered":"http:\/\/ksiegarnia-akademicka.pl\/?post_type=product&#038;p=20169"},"modified":"2025-02-06T09:31:45","modified_gmt":"2025-02-06T08:31:45","slug":"kodeks-pracy-2025-praktyczny-komentarz-z-przykladami","status":"publish","type":"product","link":"http:\/\/ksiegarnia-akademicka.pl\/index.php\/product\/kodeks-pracy-2025-praktyczny-komentarz-z-przykladami\/","title":{"rendered":"Kodeks Pracy 2025.Praktyczny komentarz z przyk\u0142adami"},"content":{"rendered":"<div class=\"grupa wydawca\"><span class=\"meta-head\">Wydawca:<\/span>\u00a0Infor<\/div>\n<div class=\"grupa dane\">\n<div>Oprawa:\u00a0<span class=\"meta-value-bold\">Mi\u0119kka ze skrzyde\u0142kami<\/span><\/div>\n<div>Format:\u00a0<span class=\"meta-value-bold\">16.5&#215;23.5cm<\/span><\/div>\n<div>Liczba stron:\u00a0<span class=\"meta-value-bold\">656<\/span><\/div>\n<div>Rok wydania:\u00a0<span class=\"meta-value-bold\">2025<\/span><\/div>\n<div>J\u0119zyk wydania:\u00a0<span class=\"meta-value-bold\">polski<\/span><\/div>\n<\/div>\n<div><\/div>\n<div>\u201eKodeks pracy 2025. Praktyczny komentarz z przyk\u0142adami\u201d to publikacja opisuj\u0105ca najnowsze zmiany w prawie pracy, m.in. w zakresie ochrony sygnalist\u00f3w, urlop\u00f3w macierzy\u0144skich oraz dni wolnych od pracy. Zawiera najaktualniejsze interpretacje urz\u0119dowe dotycz\u0105ce przepis\u00f3w, kt\u00f3re zosta\u0142y zmienione w ostatnich latach. W komentarzu jest ponad 200 przyk\u0142ad\u00f3w, a ponadto s\u0105 w nim tabelaryczne zestawienia i wzory dokument\u00f3w.<br \/>\nW\u0142a\u015bnie dzi\u0119ki temu z zawartych w komentarzu wyja\u015bnie\u0144 skorzystaj\u0105 przede wszystkim praktycy \u2013 specjali\u015bci z dzia\u0142\u00f3w personalnych i HR, kt\u00f3rzy na co dzie\u0144 stosuj\u0105 prawo pracy i s\u0105 odpowiedzialni za prawid\u0142owe i zgodne z prawem prowadzenie spraw kadrowych.<br \/>\nW komentarzu om\u00f3wiono m.in.:<br \/>\n\u25cf\u00a0\u00a0\u00a0\u00a0zmiany dotycz\u0105ce uzupe\u0142niaj\u0105cego urlopu macierzy\u0144skiego,<br \/>\n\u25cf\u00a0\u00a0\u00a0\u00a0zmiany w ustalaniu minimalnego wynagrodzenia od 1 stycznia 2025 r.,<br \/>\n\u25cf\u00a0\u00a0\u00a0\u00a0obowi\u0105zki pracodawc\u00f3w wynikaj\u0105ce z ustawy o ochronie sygnalist\u00f3w,<br \/>\n\u25cf\u00a0\u00a0\u00a0\u00a0skutki wprowadzenia dodatkowego dnia wolnego 24 grudnia.<\/p>\n<p>Sprawd\u017a, co doradzaj\u0105 eksperci \u2013 i nie daj si\u0119 zaskoczy\u0107!<br \/>\nATUTY PUBLIKACJI:<br \/>\nPierwsza na rynku tego typu publikacja, kt\u00f3ra zawiera tre\u015b\u0107 ustawy i komentarz uwzgl\u0119dniaj\u0105cy zmiany wchodz\u0105ce w \u017cycie w 2025 r.<br \/>\nTo przyst\u0119pne i wyczerpuj\u0105ce opracowanie jest wsparciem dla specjalist\u00f3w z dzia\u0142\u00f3w personalnych i HR. Zainteresuje te\u017c pracodawc\u00f3w, dyrektor\u00f3w dzia\u0142\u00f3w HR oraz biura rachunkowe, kt\u00f3re prowadz\u0105 obs\u0142ug\u0119 w zakresie kadr i p\u0142ac.<\/p><\/div>\n","protected":false},"excerpt":{"rendered":"<p>Wydawca:\u00a0Infor Oprawa:\u00a0Mi\u0119kka ze skrzyde\u0142kami Format:\u00a016.5&#215;23.5cm Liczba stron:\u00a0656 Rok wydania:\u00a02025 J\u0119zyk [&hellip;]<\/p>\n","protected":false},"featured_media":20170,"template":"","meta":[],"product_brand":[],"product_cat":[7530,18,7550],"product_tag":[794,1497,793],"class_list":{"0":"post-20169","1":"product","2":"type-product","3":"status-publish","4":"has-post-thumbnail","6":"product_cat-nowosci","7":"product_cat-prawo","8":"product_cat-prawo-pracy","9":"product_tag-kodeks-pracy","10":"product_tag-komentarz","11":"product_tag-prawo-pracy","13":"first","14":"instock","15":"sale","16":"shipping-taxable","17":"purchasable","18":"product-type-simple"},"_links":{"self":[{"href":"http:\/\/ksiegarnia-akademicka.pl\/index.php\/wp-json\/wp\/v2\/product\/20169","targetHints":{"allow":["GET"]}}],"collection":[{"href":"http:\/\/ksiegarnia-akademicka.pl\/index.php\/wp-json\/wp\/v2\/product"}],"about":[{"href":"http:\/\/ksiegarnia-akademicka.pl\/index.php\/wp-json\/wp\/v2\/types\/product"}],"wp:featuredmedia":[{"embeddable":true,"href":"http:\/\/ksiegarnia-akademicka.pl\/index.php\/wp-json\/wp\/v2\/media\/20170"}],"wp:attachment":[{"href":"http:\/\/ksiegarnia-akademicka.pl\/index.php\/wp-json\/wp\/v2\/media?parent=20169"}],"wp:term":[{"taxonomy":"product_brand","embeddable":true,"href":"http:\/\/ksiegarnia-akademicka.pl\/index.php\/wp-json\/wp\/v2\/product_brand?post=20169"},{"taxonomy":"product_cat","embeddable":true,"href":"http:\/\/ksiegarnia-akademicka.pl\/index.php\/wp-json\/wp\/v2\/product_cat?post=20169"},{"taxonomy":"product_tag","embeddable":true,"href":"http:\/\/ksiegarnia-akademicka.pl\/index.php\/wp-json\/wp\/v2\/product_tag?post=20169"}],"curies":[{"name":"wp","href":"https:\/\/api.w.org\/{rel}","templated":true}]}}