{"id":20112,"date":"2025-01-31T15:23:28","date_gmt":"2025-01-31T14:23:28","guid":{"rendered":"http:\/\/ksiegarnia-akademicka.pl\/?post_type=product&#038;p=20112"},"modified":"2025-01-31T15:23:28","modified_gmt":"2025-01-31T14:23:28","slug":"kodeks-drogowy-2","status":"publish","type":"product","link":"http:\/\/ksiegarnia-akademicka.pl\/index.php\/product\/kodeks-drogowy-2\/","title":{"rendered":"Kodeks drogowy"},"content":{"rendered":"<p>Wydawnictwo: C.H. Beck<\/p>\n<p>Seria: Twoje Prawo<\/p>\n<p>Rok wydania: 2025<\/p>\n<p>Wydanie: 36<\/p>\n<p>Oprawa: Mi\u0119kka<\/p>\n<p>Wymiary: 122&#215;175 mm<\/p>\n<p>Waga: 230 g<\/p>\n<p>ISBN:\u00a0978-83-8291-837-3<\/p>\n<p>&nbsp;<\/p>\n<p><strong>Stan prawny: 7 stycznia 2025 r.<\/strong><\/p>\n<p>Ksi\u0105\u017cka uwzgl\u0119dnia zmiany wchodz\u0105ce w \u017cycie:<\/p>\n<ul>\n<li><strong>Nowy tekst ustawy Prawo o ruchu drogowym z dnia 21 czerwca 2024 r.<\/strong>\u00a0(Dz.U. z 2024 r. poz. 1251)<\/li>\n<\/ul>\n<p>Ksi\u0105\u017cka zawiera:<\/p>\n<ul>\n<li>Tekst ustawy Prawo o ruchu drogowym,<\/li>\n<li>Rozporz\u0105dzenie,<\/li>\n<li>Indeks rzeczowy.<\/li>\n<\/ul>\n<hr class=\"dotted\" \/>\n<p>Seria &#8222;Twoje Prawo&#8221; zawiera:<\/p>\n<ul>\n<li>Boldowanie najnowszych zmian<\/li>\n<li>Przypisy od Redakcji<\/li>\n<li>Czytelne has\u0142a i teksty<\/li>\n<li>Indeks rzeczowy<\/li>\n<\/ul>\n","protected":false},"excerpt":{"rendered":"<p>Wydawnictwo: C.H. Beck Seria: Twoje Prawo Rok wydania: 2025 Wydanie: [&hellip;]<\/p>\n","protected":false},"featured_media":20113,"template":"","meta":[],"product_brand":[],"product_cat":[7492,7490,7530,18],"product_tag":[6560,2240,2596],"class_list":{"0":"post-20112","1":"product","2":"type-product","3":"status-publish","4":"has-post-thumbnail","6":"product_cat-administracyjne","7":"product_cat-karne","8":"product_cat-nowosci","9":"product_cat-prawo","10":"product_tag-kodeks-drogowy","11":"product_tag-seria-twoje-prawo","12":"product_tag-teksty-ustaw","14":"first","15":"instock","16":"sale","17":"shipping-taxable","18":"purchasable","19":"product-type-simple"},"_links":{"self":[{"href":"http:\/\/ksiegarnia-akademicka.pl\/index.php\/wp-json\/wp\/v2\/product\/20112","targetHints":{"allow":["GET"]}}],"collection":[{"href":"http:\/\/ksiegarnia-akademicka.pl\/index.php\/wp-json\/wp\/v2\/product"}],"about":[{"href":"http:\/\/ksiegarnia-akademicka.pl\/index.php\/wp-json\/wp\/v2\/types\/product"}],"wp:featuredmedia":[{"embeddable":true,"href":"http:\/\/ksiegarnia-akademicka.pl\/index.php\/wp-json\/wp\/v2\/media\/20113"}],"wp:attachment":[{"href":"http:\/\/ksiegarnia-akademicka.pl\/index.php\/wp-json\/wp\/v2\/media?parent=20112"}],"wp:term":[{"taxonomy":"product_brand","embeddable":true,"href":"http:\/\/ksiegarnia-akademicka.pl\/index.php\/wp-json\/wp\/v2\/product_brand?post=20112"},{"taxonomy":"product_cat","embeddable":true,"href":"http:\/\/ksiegarnia-akademicka.pl\/index.php\/wp-json\/wp\/v2\/product_cat?post=20112"},{"taxonomy":"product_tag","embeddable":true,"href":"http:\/\/ksiegarnia-akademicka.pl\/index.php\/wp-json\/wp\/v2\/product_tag?post=20112"}],"curies":[{"name":"wp","href":"https:\/\/api.w.org\/{rel}","templated":true}]}}