{"id":20099,"date":"2025-01-31T10:22:21","date_gmt":"2025-01-31T09:22:21","guid":{"rendered":"http:\/\/ksiegarnia-akademicka.pl\/?post_type=product&#038;p=20099"},"modified":"2025-01-31T10:22:22","modified_gmt":"2025-01-31T09:22:22","slug":"o-szczesciu","status":"publish","type":"product","link":"http:\/\/ksiegarnia-akademicka.pl\/index.php\/product\/o-szczesciu\/","title":{"rendered":"O szcz\u0119\u015bciu"},"content":{"rendered":"<div class=\"grupa osoby\"><span class=\"meta-head\">Autor:<\/span><\/p>\n<ul>\n<li class=\"meta-value\">W\u0142adys\u0142aw Tatarkiewicz<\/li>\n<\/ul>\n<\/div>\n<div class=\"grupa wydawca\"><span class=\"meta-head\">Wydawca:<\/span>\u00a0Wydawnictwo Naukowe PWN<\/div>\n<div class=\"grupa dane\">\n<div>Oprawa:\u00a0<span class=\"meta-value-bold\">Mi\u0119kka<\/span><\/div>\n<div>Format:\u00a0<span class=\"meta-value-bold\">14.0&#215;20.5cm<\/span><\/div>\n<div>Liczba stron:\u00a0<span class=\"meta-value-bold\">576<\/span><\/div>\n<div>Wydanie:\u00a0<span class=\"meta-value-bold\">12<\/span><\/div>\n<div>Rok wydania:\u00a0<span class=\"meta-value-bold\">2015<\/span><\/div>\n<div>J\u0119zyk wydania:\u00a0<span class=\"meta-value-bold\">polski<\/span><\/div>\n<\/div>\n<div><\/div>\n<div>\u0141atwiej znosi si\u0119 z\u0142\u0105 rzeczywisto\u015b\u0107, gdy si\u0119 od niej my\u015bl\u0105 do lepszej odbiega.<\/p>\n<p>(z Przedmowy do wydania pierwszego i drugiego, Warszawa 1939 &#8211; Krak\u00f3w 1947)<\/p>\n<p>D\u0142ugo oczekiwane wznowienie klasycznego ju\u017c dzie\u0142a W\u0142adys\u0142awa Tatarkiewicza. Stanowi pr\u00f3b\u0119 zestawienia wszystkiego, co obiektywnie mo\u017cna o szcz\u0119\u015bciu powiedzie\u0107.<\/p>\n<p>Autor pisa\u0142 sw\u0105 ksi\u0105\u017ck\u0119 z zamierzeniem, by zawiera\u0142a nie tylko to, co sam o ludzkim szcz\u0119\u015bciu my\u015bli, ale tak\u017ce, co my\u015bleli i my\u015bl\u0105 o nim inni; chcia\u0142, by ksi\u0105\u017cka przedstawia\u0142a rzecz jak najwszechstronniej.<\/p>\n<p>(z Przedmowy do wydania trzeciego, Warszawa 1962).<\/p>\n<p>Rozpatrywane s\u0105 tu wi\u0119c zar\u00f3wno zagadnienia teoretyczne, jak i praktyczne, historyczne (informacje o ludzkich pogl\u0105dach na szcz\u0119\u015bcie), systematyczne, opisowe, normatywne, a tak\u017ce j\u0119zykowe (analiza wyrazu szcz\u0119\u015bcie i wyraz\u00f3w pokrewnych), psychologiczne (analiza doznawania szcz\u0119\u015bcia), socjologiczne i etyczne.<\/p>\n<p>Ksi\u0105\u017cka z kategorii wielkich!<\/p>\n<p>Jedna z podstawowych lektur na wszystkich studiach humanistycznych.<\/p><\/div>\n","protected":false},"excerpt":{"rendered":"<p>Autor: W\u0142adys\u0142aw Tatarkiewicz Wydawca:\u00a0Wydawnictwo Naukowe PWN Oprawa:\u00a0Mi\u0119kka Format:\u00a014.0&#215;20.5cm Liczba stron:\u00a0576 [&hellip;]<\/p>\n","protected":false},"featured_media":20100,"template":"","meta":[],"product_brand":[],"product_cat":[7506,27],"product_tag":[233,8484],"class_list":{"0":"post-20099","1":"product","2":"type-product","3":"status-publish","4":"has-post-thumbnail","6":"product_cat-filozofia","7":"product_cat-nauki-spoleczne","8":"product_tag-filozofia","9":"product_tag-wladyslaw-tatarkiewicz","11":"first","12":"instock","13":"sale","14":"shipping-taxable","15":"purchasable","16":"product-type-simple"},"_links":{"self":[{"href":"http:\/\/ksiegarnia-akademicka.pl\/index.php\/wp-json\/wp\/v2\/product\/20099","targetHints":{"allow":["GET"]}}],"collection":[{"href":"http:\/\/ksiegarnia-akademicka.pl\/index.php\/wp-json\/wp\/v2\/product"}],"about":[{"href":"http:\/\/ksiegarnia-akademicka.pl\/index.php\/wp-json\/wp\/v2\/types\/product"}],"wp:featuredmedia":[{"embeddable":true,"href":"http:\/\/ksiegarnia-akademicka.pl\/index.php\/wp-json\/wp\/v2\/media\/20100"}],"wp:attachment":[{"href":"http:\/\/ksiegarnia-akademicka.pl\/index.php\/wp-json\/wp\/v2\/media?parent=20099"}],"wp:term":[{"taxonomy":"product_brand","embeddable":true,"href":"http:\/\/ksiegarnia-akademicka.pl\/index.php\/wp-json\/wp\/v2\/product_brand?post=20099"},{"taxonomy":"product_cat","embeddable":true,"href":"http:\/\/ksiegarnia-akademicka.pl\/index.php\/wp-json\/wp\/v2\/product_cat?post=20099"},{"taxonomy":"product_tag","embeddable":true,"href":"http:\/\/ksiegarnia-akademicka.pl\/index.php\/wp-json\/wp\/v2\/product_tag?post=20099"}],"curies":[{"name":"wp","href":"https:\/\/api.w.org\/{rel}","templated":true}]}}