{"id":20080,"date":"2025-01-31T09:43:09","date_gmt":"2025-01-31T08:43:09","guid":{"rendered":"http:\/\/ksiegarnia-akademicka.pl\/?post_type=product&#038;p=20080"},"modified":"2025-01-31T09:43:11","modified_gmt":"2025-01-31T08:43:11","slug":"bunt-komorek-o-faktach-mitach-i-zagadkach-raka","status":"publish","type":"product","link":"http:\/\/ksiegarnia-akademicka.pl\/index.php\/product\/bunt-komorek-o-faktach-mitach-i-zagadkach-raka\/","title":{"rendered":"Bunt kom\u00f3rek. O faktach, mitach i zagadkach raka"},"content":{"rendered":"<div class=\"grupa osoby\"><span class=\"meta-head-blue\">Autor:<\/span><\/p>\n<ul>\n<li class=\"meta-value\">Jones Richard J., McCormick T. Michael<\/li>\n<\/ul>\n<\/div>\n<div class=\"grupa osoby\"><span class=\"meta-head-blue\">T\u0142umacze:<\/span>\u00a0<span class=\"meta-value\">Lanczewski Tomasz<\/span><\/div>\n<div class=\"grupa wydawca\"><span class=\"meta-head\">Wydawca:<\/span>\u00a0Helion<\/div>\n<div class=\"grupa dane\">\n<div>Oprawa:\u00a0<span class=\"meta-value-bold\">Twarda<\/span><\/div>\n<div>Format:\u00a0<span class=\"meta-value-bold\">14.0&#215;20.8cm<\/span><\/div>\n<div>Liczba stron:\u00a0<span class=\"meta-value-bold\">272<\/span><\/div>\n<div>Rok wydania:\u00a0<span class=\"meta-value-bold\">2025<\/span><\/div>\n<div>J\u0119zyk wydania:\u00a0<span class=\"meta-value-bold\">polski<\/span><\/div>\n<\/div>\n<div><\/div>\n<div>Zrozumienie przyczyn raka i odkrywanie metod jego leczenia jest skomplikowanym zadaniem. Lekarze i badacze od wiek\u00f3w pr\u00f3buj\u0105 znale\u017a\u0107 rozwi\u0105zanie tego problemu, nieustannie poszukuj\u0105 sposob\u00f3w radzenia sobie z t\u0105 chorob\u0105. Rak jest tak stary jak ludzko\u015b\u0107 i chocia\u017c sporo o nim wiemy, wci\u0105\u017c wiele pozostaje do odkrycia.<\/p>\n<p>Rak nieuchronnie stanie si\u0119 cz\u0119\u015bci\u0105 Waszego \u017cycia. U Was lub u kogo\u015b bliskiego \u2015 cz\u0142onka rodziny albo przyjaciela \u2015 zostanie zdiagnozowany nowotw\u00f3r. B\u0119dziecie mie\u0107 mn\u00f3stwo pyta\u0144. Jaki to rodzaj raka? Kiedy to si\u0119 zacz\u0119\u0142o? Co go spowodowa\u0142o? Dlaczego si\u0119 pojawi\u0142? Jaki jest najlepszy rodzaj leczenia? Czy jest uleczalny? Jak d\u0142ugo jeszcze pozwoli \u017cy\u0107? W tej ksi\u0105\u017cce przedstawiamy informacje na temat raka i jego leczenia, by u\u0142atwi\u0107 Wam znalezienie i zrozumienie odpowiedzi na te pytania.<\/p>\n<p>Za spraw\u0105 tej ksi\u0105\u017cki chcemy:<\/p>\n<p>pom\u00f3c Wam lepiej zrozumie\u0107 to, co wiemy i czego jeszcze nie wiemy na temat biologii raka, zapobiegania mu i jego leczenia<br \/>\nobali\u0107 niekt\u00f3re mity zwi\u0105zane z t\u0105 chorob\u0105<br \/>\nnauczy\u0107 Was zadawa\u0107 w\u0142a\u015bciwe pytania i u\u0142atwi\u0107 Wam podejmowanie \u015bwiadomych decyzji przy wsparciu lekarzy, rodziny i przyjaci\u00f3\u0142<br \/>\npozwoli\u0107 Wam podej\u015b\u0107 do raka z wi\u0119ksz\u0105 nadziej\u0105 i mniejszym l\u0119kiem<\/p><\/div>\n","protected":false},"excerpt":{"rendered":"<p>Autor: Jones Richard J., McCormick T. Michael T\u0142umacze:\u00a0Lanczewski Tomasz Wydawca:\u00a0Helion [&hellip;]<\/p>\n","protected":false},"featured_media":20081,"template":"","meta":[],"product_brand":[],"product_cat":[7493,7530,8305],"product_tag":[6913],"class_list":{"0":"post-20080","1":"product","2":"type-product","3":"status-publish","4":"has-post-thumbnail","6":"product_cat-medycyna","7":"product_cat-nowosci","8":"product_cat-onkologia","9":"product_tag-onkologia","11":"first","12":"instock","13":"sale","14":"shipping-taxable","15":"purchasable","16":"product-type-simple"},"_links":{"self":[{"href":"http:\/\/ksiegarnia-akademicka.pl\/index.php\/wp-json\/wp\/v2\/product\/20080","targetHints":{"allow":["GET"]}}],"collection":[{"href":"http:\/\/ksiegarnia-akademicka.pl\/index.php\/wp-json\/wp\/v2\/product"}],"about":[{"href":"http:\/\/ksiegarnia-akademicka.pl\/index.php\/wp-json\/wp\/v2\/types\/product"}],"wp:featuredmedia":[{"embeddable":true,"href":"http:\/\/ksiegarnia-akademicka.pl\/index.php\/wp-json\/wp\/v2\/media\/20081"}],"wp:attachment":[{"href":"http:\/\/ksiegarnia-akademicka.pl\/index.php\/wp-json\/wp\/v2\/media?parent=20080"}],"wp:term":[{"taxonomy":"product_brand","embeddable":true,"href":"http:\/\/ksiegarnia-akademicka.pl\/index.php\/wp-json\/wp\/v2\/product_brand?post=20080"},{"taxonomy":"product_cat","embeddable":true,"href":"http:\/\/ksiegarnia-akademicka.pl\/index.php\/wp-json\/wp\/v2\/product_cat?post=20080"},{"taxonomy":"product_tag","embeddable":true,"href":"http:\/\/ksiegarnia-akademicka.pl\/index.php\/wp-json\/wp\/v2\/product_tag?post=20080"}],"curies":[{"name":"wp","href":"https:\/\/api.w.org\/{rel}","templated":true}]}}