{"id":2005,"date":"2018-05-22T12:44:53","date_gmt":"2018-05-22T10:44:53","guid":{"rendered":"http:\/\/ksiegarnia-akademicka.pl\/index.php\/product\/prawo-zamowien-publicznych-twoje-prawo\/"},"modified":"2023-10-26T11:19:11","modified_gmt":"2023-10-26T09:19:11","slug":"prawo-zamowien-publicznych-twoje-prawo","status":"publish","type":"product","link":"http:\/\/ksiegarnia-akademicka.pl\/index.php\/product\/prawo-zamowien-publicznych-twoje-prawo\/","title":{"rendered":"Prawo zam\u00f3wie\u0144 publicznych Twoje prawo"},"content":{"rendered":"<p>Redakcja: Wioletta \u017belazowska<br \/>\nWydawca: C.H. Beck<br \/>\nOprawa: Mi\u0119kka<br \/>\nFormat: 12.2&#215;17.5cm<br \/>\nLiczba stron: 334<br \/>\nWydanie: 35<br \/>\nRok wydania: 2023<\/p>\n<p>Stan prawny: 2 pa\u017adziernika 2023 r.<\/p>\n<p>Publikacja obejmuje zmiany wchodz\u0105ce w \u017cycie:<\/p>\n<p>Prawo zam\u00f3wie\u0144 publicznych &#8211; Nowy tekst jednolity z dnia 14 lipca 2023 r. (Dz.U. z 2023 r. poz. 1605)<br \/>\n28.9.2023 r. &#8211; Ustawa o zmianie ustawy o publicznym transporcie zbiorowym oraz niekt\u00f3rych innych ustaw z dnia 16 czerwca 2023 r. (Dz.U. z 2023 r. poz. 1720)<br \/>\nKsi\u0105\u017cka zawiera:<\/p>\n<p>Tekst ustawy Prawo zam\u00f3wie\u0144 publicznych,<br \/>\nPrzepisy wprowadzaj\u0105ce ustaw\u0119 \u2013 Prawo zam\u00f3wie\u0144 publicznych,<br \/>\nIndeks rzeczowy.<\/p>\n","protected":false},"excerpt":{"rendered":"<p>Redakcja: Wioletta \u017belazowska Wydawca: C.H. Beck Oprawa: Mi\u0119kka Format: 12.2&#215;17.5cm [&hellip;]<\/p>\n","protected":false},"featured_media":16841,"template":"","meta":[],"product_brand":[],"product_cat":[7491,7495,18],"product_tag":[428,4394,2240],"class_list":{"0":"post-2005","1":"product","2":"type-product","3":"status-publish","4":"has-post-thumbnail","6":"product_cat-cywilne","7":"product_cat-gospodarcze-i-handlowe","8":"product_cat-prawo","9":"product_tag-prawo-gospodarcze","10":"product_tag-prawo-zamowien-publicznych","11":"product_tag-seria-twoje-prawo","13":"first","14":"instock","15":"sale","16":"shipping-taxable","17":"purchasable","18":"product-type-simple"},"_links":{"self":[{"href":"http:\/\/ksiegarnia-akademicka.pl\/index.php\/wp-json\/wp\/v2\/product\/2005","targetHints":{"allow":["GET"]}}],"collection":[{"href":"http:\/\/ksiegarnia-akademicka.pl\/index.php\/wp-json\/wp\/v2\/product"}],"about":[{"href":"http:\/\/ksiegarnia-akademicka.pl\/index.php\/wp-json\/wp\/v2\/types\/product"}],"wp:featuredmedia":[{"embeddable":true,"href":"http:\/\/ksiegarnia-akademicka.pl\/index.php\/wp-json\/wp\/v2\/media\/16841"}],"wp:attachment":[{"href":"http:\/\/ksiegarnia-akademicka.pl\/index.php\/wp-json\/wp\/v2\/media?parent=2005"}],"wp:term":[{"taxonomy":"product_brand","embeddable":true,"href":"http:\/\/ksiegarnia-akademicka.pl\/index.php\/wp-json\/wp\/v2\/product_brand?post=2005"},{"taxonomy":"product_cat","embeddable":true,"href":"http:\/\/ksiegarnia-akademicka.pl\/index.php\/wp-json\/wp\/v2\/product_cat?post=2005"},{"taxonomy":"product_tag","embeddable":true,"href":"http:\/\/ksiegarnia-akademicka.pl\/index.php\/wp-json\/wp\/v2\/product_tag?post=2005"}],"curies":[{"name":"wp","href":"https:\/\/api.w.org\/{rel}","templated":true}]}}