{"id":19903,"date":"2025-01-23T16:20:19","date_gmt":"2025-01-23T15:20:19","guid":{"rendered":"http:\/\/ksiegarnia-akademicka.pl\/?post_type=product&#038;p=19903"},"modified":"2025-01-27T13:04:58","modified_gmt":"2025-01-27T12:04:58","slug":"podatek-od-nieruchomosci-w-praktyce-analiza-nowego-systemu-opodatkowania-obiektow-budowlanych-wzory-do-pobrania","status":"publish","type":"product","link":"http:\/\/ksiegarnia-akademicka.pl\/index.php\/product\/podatek-od-nieruchomosci-w-praktyce-analiza-nowego-systemu-opodatkowania-obiektow-budowlanych-wzory-do-pobrania\/","title":{"rendered":"Podatek od nieruchomo\u015bci w praktyce. Analiza nowego systemu opodatkowania obiekt\u00f3w budowlanych + wzory do pobrania"},"content":{"rendered":"<p><strong>Autor:<\/strong>\u00a0\u0141ukasz Rogowski<\/p>\n<p>Wydawnictwo: C.H. Beck<\/p>\n<ul>\n<li><strong>Seria:<\/strong>\u00a0Sektor publiczny w praktyce<\/li>\n<li><strong>Rok wydania:<\/strong>\u00a02025<\/li>\n<li><strong>Oprawa:<\/strong>\u00a0Mi\u0119kka ze skrzyde\u0142kami<\/li>\n<li><strong>Liczba stron:<\/strong>\u00a0194<\/li>\n<li><strong>Wymiary:<\/strong>\u00a0165&#215;238 mm<\/li>\n<li><strong>Waga:<\/strong>\u00a0330 g<\/li>\n<li><strong>ISBN:<\/strong>\u00a0978-83-8356-973-4<\/li>\n<\/ul>\n<h3>Szczeg\u00f3\u0142owa analiza systemu opodatkowania obiekt\u00f3w budowlanych z najnowszymi zmianami.<\/h3>\n<p>Ksi\u0105\u017cka to praktyczne opracowanie, kt\u00f3re prowadzi czytelnika krok po kroku przez\u00a0<strong>analiz\u0119 systemu opodatkowania obiekt\u00f3w budowlanych<\/strong>. Szczeg\u00f3\u0142owo omawia zmiany wprowadzone\u00a0<strong>ustaw\u0105 z 19.11.2024 r. o zmianie ustawy o podatku rolnym, ustawy o podatkach i op\u0142atach lokalnych oraz ustawy o op\u0142acie skarbowej (Dz.U. z 2024 r. poz. 1757), kt\u00f3re zaczn\u0105 obowi\u0105zywa\u0107 od 1.1.2025 r.<\/strong>\u00a0Autor, posiadaj\u0105cy wieloletnie do\u015bwiadczenie w obs\u0142udze podatku od nieruchomo\u015bci, drobiazgowo wyja\u015bnia ka\u017cdy aspekt systemu, bazuj\u0105c na praktycznych potrzebach czytelnik\u00f3w. Ksi\u0105\u017cka \u0142\u0105czy dog\u0142\u0119bn\u0105 analiz\u0119 prawn\u0105 z wiedz\u0105 techniczn\u0105, co czyni j\u0105 nieocenionym narz\u0119dziem dla os\u00f3b, kt\u00f3re na co dzie\u0144 mierz\u0105 si\u0119 z wyzwaniami zwi\u0105zanymi z opodatkowaniem budynk\u00f3w i budowli.<\/p>\n<p><strong>W publikacji Czytelnik znajdzie:<\/strong><\/p>\n<ul type=\"disc\">\n<li><strong>kompleksow\u0105 analiz\u0119 dw\u00f3ch system\u00f3w opodatkowania obiekt\u00f3w budowlanych<\/strong>\u00a0\u2013 szczeg\u00f3\u0142owe om\u00f3wienie przepis\u00f3w obowi\u0105zuj\u0105cych przed i po 1.1.2025 r.;<\/li>\n<li><strong>por\u00f3wnanie zmian<\/strong>\u00a0\u2013 wskazanie r\u00f3\u017cnic i podobie\u0144stw mi\u0119dzy dawnym a nowym systemem, co pozwoli zrozumie\u0107 konsekwencje wprowadzonych od 1.1.2025 r. regulacji;<\/li>\n<li><strong>praktyczne przyk\u0142ady<\/strong>\u00a0\u2013 opis licznych rozwi\u0105za\u0144 technicznych i konkretnych przypadk\u00f3w, kt\u00f3re b\u0119d\u0105 pomocne w codziennej pracy z przepisami podatkowymi;<\/li>\n<li><strong>przyst\u0119pnie przedstawion\u0105 wiedz\u0119 techniczn\u0105<\/strong>\u00a0\u2013 wyja\u015bnienia dotycz\u0105ce takich element\u00f3w jak trwa\u0142e zwi\u0105zanie z gruntem, fundamenty, kotwy betonowe i inne aspekty konstrukcyjne obiekt\u00f3w budowlanych.<\/li>\n<\/ul>\n<p>Autor prezentuje swoj\u0105 wiedz\u0119 i do\u015bwiadczenie w spos\u00f3b przejrzysty i przyst\u0119pny, umo\u017cliwiaj\u0105c Czytelnikom \u0142atwe zrozumienie zawi\u0142o\u015bci prawnych i technicznych. To praktyczne kompendium wiedzy, kt\u00f3re pozwoli Czytelnikom skutecznie stosowa\u0107 nowe przepisy i unikn\u0105\u0107 b\u0142\u0119d\u00f3w w kwalifikacji obiekt\u00f3w budowlanych.<\/p>\n<p><strong>Najwa\u017cniejsze atuty publikacji:<\/strong><\/p>\n<ul type=\"disc\">\n<li><strong>praktyczno\u015b\u0107 na pierwszym miejscu<\/strong>\u00a0\u2013 analiza oparta jest na rzeczywistych potrzebach os\u00f3b, kt\u00f3re na co dzie\u0144 mierz\u0105 si\u0119 z wyzwaniami zwi\u0105zanymi z opodatkowaniem budynk\u00f3w i budowli;<\/li>\n<li><strong>dog\u0142\u0119bno\u015b\u0107 i kompleksowo\u015b\u0107<\/strong>\u00a0\u2013 ka\u017cdy aspekt systemu zosta\u0142 opisany w spos\u00f3b, kt\u00f3ry pomo\u017ce Czytelnikowi samodzielnie rozwi\u0105zywa\u0107 problemy zwi\u0105zane z opodatkowaniem obiekt\u00f3w budowlanych;<\/li>\n<li><strong>techniczna precyzja<\/strong>\u00a0\u2013 ksi\u0105\u017cka zawiera du\u017co wiedzy technicznej, co pomo\u017ce przeprowadza\u0107 solidne analizy prawne na podstawie konkretnych danych technicznych.<\/li>\n<\/ul>\n<p><strong>W ksi\u0105\u017cce Czytelnik znajdzie odpowiedzi na nast\u0119puj\u0105ce pytania:<\/strong><\/p>\n<ul type=\"disc\">\n<li>Jak wygl\u0105da schemat kwalifikacji podatkowej obiektu budowlanego i jak zmiany wprowadzone ustaw\u0105 z 19.11.2024 r. wp\u0142yn\u0119\u0142y na przebieg tego procesu?<\/li>\n<li>Jaka jest natura obiekt\u00f3w budowlanych?<\/li>\n<li>Kiedy urz\u0105dzenie techniczne stanowi budowl\u0119?<\/li>\n<li>Kiedy instalacja spe\u0142nia kryterium budowli, a kiedy jest integraln\u0105 cz\u0119\u015bci\u0105 budynku?<\/li>\n<li>Jakie rozwi\u0105zania techniczne spe\u0142niaj\u0105 kryterium trwa\u0142ego zwi\u0105zania z gruntem?<\/li>\n<li>Jak nowe przepisy wp\u0142ywaj\u0105 na opodatkowanie zbiornik\u00f3w i silos\u00f3w?<\/li>\n<li>W jaki spos\u00f3b rozpoznawa\u0107 elementy sk\u0142adowe budowli?<\/li>\n<li>W jaki spos\u00f3b ustali\u0107, czy mamy do czynienia z pracami budowlanymi?<\/li>\n<li>Co oznaczaj\u0105 poszczeg\u00f3lne kategorie budowli wskazane po zmianie i jak je rozpozna\u0107 w praktyce?<\/li>\n<li>W jaki spos\u00f3b wykorzysta\u0107 orzecznictwo sprzed 2025 r. do rozwi\u0105zywania aktualnych problem\u00f3w?<\/li>\n<li>Czy dotychczasowe do\u015bwiadczenie mo\u017cna efektywnie wykorzysta\u0107 w nowych warunkach?<\/li>\n<\/ul>\n<p><strong>Ksi\u0105\u017cka skierowana jest do:<\/strong><\/p>\n<ul type=\"disc\">\n<li><strong>administracji publicznej<\/strong>\u00a0\u2013 pracownik\u00f3w urz\u0119d\u00f3w gmin i miast odpowiedzialnych za egzekwowanie podatku od nieruchomo\u015bci;<\/li>\n<li><strong>praktyk\u00f3w<\/strong>\u00a0\u2013 prawnik\u00f3w, doradc\u00f3w podatkowych i os\u00f3b zajmuj\u0105cych si\u0119 zarz\u0105dzaniem nieruchomo\u015bciami;<\/li>\n<li><strong>inwestor\u00f3w i deweloper\u00f3w<\/strong>\u00a0\u2013 kt\u00f3rzy chcieliby zrozumie\u0107, jak zmiany w prawie wp\u0142ywaj\u0105 na ich projekty.<\/li>\n<\/ul>\n<p>Dodatkowo w ksi\u0105\u017cce znajduj\u0105 si\u0119\u00a0<strong>opatrzone komentarzem wzory zlece\u0144 dla bieg\u0142ych<\/strong>, kt\u00f3re stanowi\u0105 praktyczne narz\u0119dzie umo\u017cliwiaj\u0105ce uzyskanie specjalistycznych opinii w zakresie kwalifikacji obiekt\u00f3w budowlanych. Dzi\u0119ki tym wzorom, Czytelnik b\u0119dzie m\u00f3g\u0142 zleci\u0107 specjali\u015bcie odpowiedni\u0105 ekspertyz\u0119, aby wyja\u015bni\u0107 w\u0105tpliwo\u015bci dotycz\u0105ce funkcjonowania systemu opodatkowania budynk\u00f3w i budowli.<\/p>\n","protected":false},"excerpt":{"rendered":"<p>Autor:\u00a0\u0141ukasz Rogowski Wydawnictwo: C.H. Beck Seria:\u00a0Sektor publiczny w praktyce Rok [&hellip;]<\/p>\n","protected":false},"featured_media":19981,"template":"","meta":[],"product_brand":[],"product_cat":[34,7530,22],"product_tag":[705,355],"class_list":{"0":"post-19903","1":"product","2":"type-product","3":"status-publish","4":"has-post-thumbnail","6":"product_cat-nieruchomosci","7":"product_cat-nowosci","8":"product_cat-podatki-i-prawo-podatkowe","9":"product_tag-nieruchomosci","10":"product_tag-podatki","12":"first","13":"instock","14":"sale","15":"shipping-taxable","16":"purchasable","17":"product-type-simple"},"_links":{"self":[{"href":"http:\/\/ksiegarnia-akademicka.pl\/index.php\/wp-json\/wp\/v2\/product\/19903","targetHints":{"allow":["GET"]}}],"collection":[{"href":"http:\/\/ksiegarnia-akademicka.pl\/index.php\/wp-json\/wp\/v2\/product"}],"about":[{"href":"http:\/\/ksiegarnia-akademicka.pl\/index.php\/wp-json\/wp\/v2\/types\/product"}],"wp:featuredmedia":[{"embeddable":true,"href":"http:\/\/ksiegarnia-akademicka.pl\/index.php\/wp-json\/wp\/v2\/media\/19981"}],"wp:attachment":[{"href":"http:\/\/ksiegarnia-akademicka.pl\/index.php\/wp-json\/wp\/v2\/media?parent=19903"}],"wp:term":[{"taxonomy":"product_brand","embeddable":true,"href":"http:\/\/ksiegarnia-akademicka.pl\/index.php\/wp-json\/wp\/v2\/product_brand?post=19903"},{"taxonomy":"product_cat","embeddable":true,"href":"http:\/\/ksiegarnia-akademicka.pl\/index.php\/wp-json\/wp\/v2\/product_cat?post=19903"},{"taxonomy":"product_tag","embeddable":true,"href":"http:\/\/ksiegarnia-akademicka.pl\/index.php\/wp-json\/wp\/v2\/product_tag?post=19903"}],"curies":[{"name":"wp","href":"https:\/\/api.w.org\/{rel}","templated":true}]}}