{"id":19881,"date":"2025-01-22T13:23:14","date_gmt":"2025-01-22T12:23:14","guid":{"rendered":"http:\/\/ksiegarnia-akademicka.pl\/?post_type=product&#038;p=19881"},"modified":"2025-01-22T13:23:14","modified_gmt":"2025-01-22T12:23:14","slug":"swieta-tradycja-wlasny-glos-opowiesci-o-amerykanskim-jazzie","status":"publish","type":"product","link":"http:\/\/ksiegarnia-akademicka.pl\/index.php\/product\/swieta-tradycja-wlasny-glos-opowiesci-o-amerykanskim-jazzie\/","title":{"rendered":"\u015awi\u0119ta tradycja, w\u0142asny g\u0142os Opowie\u015bci o ameryka\u0144skim jazzie"},"content":{"rendered":"<div class=\"grupa seria\"><span class=\"meta-head-blue\">Nale\u017cy do serii:<\/span><\/p>\n<ul>\n<li>Ameryka\u0144ska<\/li>\n<\/ul>\n<\/div>\n<div class=\"grupa osoby\"><span class=\"meta-head\">Autor:<\/span><\/p>\n<ul>\n<li class=\"meta-value\">Piotr Jagielski<\/li>\n<\/ul>\n<\/div>\n<div class=\"grupa wydawca\"><span class=\"meta-head\">Wydawca:<\/span>\u00a0Czarne<\/div>\n<div class=\"grupa dane\">\n<div>Oprawa:\u00a0<span class=\"meta-value-bold\">Mi\u0119kka ze skrzyde\u0142kami<\/span><\/div>\n<div>Format:\u00a0<span class=\"meta-value-bold\">13.3&#215;21.5cm<\/span><\/div>\n<div>Liczba stron:\u00a0<span class=\"meta-value-bold\">304<\/span><\/div>\n<div>Wydanie:\u00a0<span class=\"meta-value-bold\">2<\/span><\/div>\n<div>Rok wydania:\u00a0<span class=\"meta-value-bold\">2025<\/span><\/div>\n<div>J\u0119zyk wydania:\u00a0<span class=\"meta-value-bold\">polski<\/span><\/div>\n<\/div>\n<div><\/div>\n<div>Dziennikarz Piotr Jagielski prowadzi nas przez niezwyk\u0142\u0105 histori\u0119 ameryka\u0144skiej muzyki jazzowej. Od rozta\u0144czonego Nowego Orleanu przez loftowy Nowy Jork po bezpretensjonalne Chicago \u2013 opisuje losy i dokonania najwa\u017cniejszych reprezentant\u00f3w muzycznego panteonu. Niczym pe\u0142en entuzjazmu kustosz oprowadza nas po muzeum jazzu, nie kryj\u0105c przy tym w\u0142asnych fascynacji i zaanga\u017cowania. Rozmawia z muzykami, s\u0142ucha p\u0142yt i w\u0119druje tropem najwa\u017cniejszych reprezentant\u00f3w gatunku. Nie zapomina r\u00f3wnie\u017c o historii rasizmu w Ameryce, bo dzieje ameryka\u0144skiego jazzu to nie tylko losy muzycznych pionier\u00f3w, ale przede wszystkim historia czarnych mieszka\u0144c\u00f3w Ameryki XX wieku. \u015awi\u0119ta tradycja, w\u0142asny g\u0142os to wci\u0105gaj\u0105ca opowie\u015b\u0107 o narodzinach i rozwoju jazzu, jednego z najwa\u017cniejszych gatunk\u00f3w muzycznych na \u015bwiecie. To on, w nieustannym napi\u0119ciu mi\u0119dzy tradycj\u0105 a nowoczesno\u015bci\u0105, regu\u0142\u0105 a improwizacj\u0105, dawa\u0142 i daje niedosi\u0119\u017cn\u0105 wolno\u015b\u0107.<\/div>\n","protected":false},"excerpt":{"rendered":"<p>Nale\u017cy do serii: Ameryka\u0144ska Autor: Piotr Jagielski Wydawca:\u00a0Czarne Oprawa:\u00a0Mi\u0119kka ze [&hellip;]<\/p>\n","protected":false},"featured_media":19882,"template":"","meta":[],"product_brand":[],"product_cat":[7530,7823],"product_tag":[8454,4784,4292],"class_list":{"0":"post-19881","1":"product","2":"type-product","3":"status-publish","4":"has-post-thumbnail","6":"product_cat-nowosci","7":"product_cat-sztuka","8":"product_tag-jazz","9":"product_tag-muzyka","10":"product_tag-sztuka","12":"first","13":"instock","14":"sale","15":"shipping-taxable","16":"purchasable","17":"product-type-simple"},"_links":{"self":[{"href":"http:\/\/ksiegarnia-akademicka.pl\/index.php\/wp-json\/wp\/v2\/product\/19881","targetHints":{"allow":["GET"]}}],"collection":[{"href":"http:\/\/ksiegarnia-akademicka.pl\/index.php\/wp-json\/wp\/v2\/product"}],"about":[{"href":"http:\/\/ksiegarnia-akademicka.pl\/index.php\/wp-json\/wp\/v2\/types\/product"}],"wp:featuredmedia":[{"embeddable":true,"href":"http:\/\/ksiegarnia-akademicka.pl\/index.php\/wp-json\/wp\/v2\/media\/19882"}],"wp:attachment":[{"href":"http:\/\/ksiegarnia-akademicka.pl\/index.php\/wp-json\/wp\/v2\/media?parent=19881"}],"wp:term":[{"taxonomy":"product_brand","embeddable":true,"href":"http:\/\/ksiegarnia-akademicka.pl\/index.php\/wp-json\/wp\/v2\/product_brand?post=19881"},{"taxonomy":"product_cat","embeddable":true,"href":"http:\/\/ksiegarnia-akademicka.pl\/index.php\/wp-json\/wp\/v2\/product_cat?post=19881"},{"taxonomy":"product_tag","embeddable":true,"href":"http:\/\/ksiegarnia-akademicka.pl\/index.php\/wp-json\/wp\/v2\/product_tag?post=19881"}],"curies":[{"name":"wp","href":"https:\/\/api.w.org\/{rel}","templated":true}]}}