{"id":19859,"date":"2025-01-21T08:53:04","date_gmt":"2025-01-21T07:53:04","guid":{"rendered":"http:\/\/ksiegarnia-akademicka.pl\/?post_type=product&#038;p=19859"},"modified":"2025-01-21T08:53:04","modified_gmt":"2025-01-21T07:53:04","slug":"przeslanki-miejskosci-i-rola-nadawania-statusu-miasta-w-rozwoju-jednostek-osadniczych-we-wspolczesnej-polsce","status":"publish","type":"product","link":"http:\/\/ksiegarnia-akademicka.pl\/index.php\/product\/przeslanki-miejskosci-i-rola-nadawania-statusu-miasta-w-rozwoju-jednostek-osadniczych-we-wspolczesnej-polsce\/","title":{"rendered":"Przes\u0142anki miejsko\u015bci i rola nadawania statusu miasta w rozwoju jednostek osadniczych we wsp\u00f3\u0142czesnej Polsce"},"content":{"rendered":"<div class=\"grupa osoby\"><span class=\"meta-head\">Autor:<\/span><\/p>\n<ul>\n<li class=\"meta-value\">Jolanta J\u00f3\u017awik<\/li>\n<\/ul>\n<\/div>\n<div class=\"grupa wydawca\"><span class=\"meta-head\">Wydawca:<\/span>\u00a0UMCS<\/div>\n<div class=\"grupa dane\">\n<div>Oprawa:\u00a0<span class=\"meta-value-bold\">Mi\u0119kka<\/span><\/div>\n<div>Liczba stron:\u00a0<span class=\"meta-value-bold\">346<\/span><\/div>\n<div>Rok wydania:\u00a0<span class=\"meta-value-bold\">2024<\/span><\/div>\n<div>J\u0119zyk wydania:\u00a0<span class=\"meta-value-bold\">polski<\/span><\/div>\n<\/div>\n<div><\/div>\n<div>Recenzowane opracowanie autorstwa dr in\u017c. Jolanty J\u00f3\u017awik porusza zagadnienie nowych miast w Polsce i kryteri\u00f3w miejsko\u015bci stosowanych w procedurze administracyjnej zwi\u0105zanej z nadawaniem jednostkom osadniczym statusu miasta. W tak zarysowanej problematyce praca wpisuje si\u0119 w szerszy dyskurs akademicki, dotycz\u0105cy istoty miasta, aspekt\u00f3w miejsko\u015bci czy proces\u00f3w urbanizacji. [\u2026] Dysertacj\u0119 nale\u017cy uzna\u0107 za opracowanie ambitne i bardzo warto\u015bciowe pod k\u0105tem naukowym. Co wi\u0119cej, cz\u0119\u015b\u0107 analityczno-opisowa pracy charakteryzuje si\u0119 wysokim poziomem merytorycznym, a zgromadzony materia\u0142 faktograficzny posiada olbrzymi\u0105 warto\u015b\u0107 poznawcz\u0105. [\u2026] Recenzowana praca jest dzie\u0142em oryginalnym, niezwykle warto\u015bciowym i zawiera szereg nowych ustale\u0144 o charakterze poznawczym. Mocn\u0105 stron\u0105 pracy jest bogaty materia\u0142 faktograficzny. Z tego wzgl\u0119du mo\u017ce ona stanowi\u0107 warto\u015bciowy materia\u0142 por\u00f3wnawczy dla innych bada\u0144 nad przedmiotow\u0105 problematyk\u0105.<\/p>\n<p>Z recenzji dr. hab. Roberta Szmytkie, prof. UWr<\/p><\/div>\n","protected":false},"excerpt":{"rendered":"<p>Autor: Jolanta J\u00f3\u017awik Wydawca:\u00a0UMCS Oprawa:\u00a0Mi\u0119kka Liczba stron:\u00a0346 Rok wydania:\u00a02024 J\u0119zyk [&hellip;]<\/p>\n","protected":false},"featured_media":19860,"template":"","meta":[],"product_brand":[],"product_cat":[8127,7530,7494],"product_tag":[3636,7578],"class_list":{"0":"post-19859","1":"product","2":"type-product","3":"status-publish","4":"has-post-thumbnail","6":"product_cat-geografia","7":"product_cat-nowosci","8":"product_cat-samorzad-terytorialny","9":"product_tag-miasto","10":"product_tag-urbanizacja","12":"first","13":"instock","14":"sale","15":"shipping-taxable","16":"purchasable","17":"product-type-simple"},"_links":{"self":[{"href":"http:\/\/ksiegarnia-akademicka.pl\/index.php\/wp-json\/wp\/v2\/product\/19859","targetHints":{"allow":["GET"]}}],"collection":[{"href":"http:\/\/ksiegarnia-akademicka.pl\/index.php\/wp-json\/wp\/v2\/product"}],"about":[{"href":"http:\/\/ksiegarnia-akademicka.pl\/index.php\/wp-json\/wp\/v2\/types\/product"}],"wp:featuredmedia":[{"embeddable":true,"href":"http:\/\/ksiegarnia-akademicka.pl\/index.php\/wp-json\/wp\/v2\/media\/19860"}],"wp:attachment":[{"href":"http:\/\/ksiegarnia-akademicka.pl\/index.php\/wp-json\/wp\/v2\/media?parent=19859"}],"wp:term":[{"taxonomy":"product_brand","embeddable":true,"href":"http:\/\/ksiegarnia-akademicka.pl\/index.php\/wp-json\/wp\/v2\/product_brand?post=19859"},{"taxonomy":"product_cat","embeddable":true,"href":"http:\/\/ksiegarnia-akademicka.pl\/index.php\/wp-json\/wp\/v2\/product_cat?post=19859"},{"taxonomy":"product_tag","embeddable":true,"href":"http:\/\/ksiegarnia-akademicka.pl\/index.php\/wp-json\/wp\/v2\/product_tag?post=19859"}],"curies":[{"name":"wp","href":"https:\/\/api.w.org\/{rel}","templated":true}]}}