{"id":19814,"date":"2025-01-16T16:17:07","date_gmt":"2025-01-16T15:17:07","guid":{"rendered":"http:\/\/ksiegarnia-akademicka.pl\/?post_type=product&#038;p=19814"},"modified":"2025-01-16T16:17:08","modified_gmt":"2025-01-16T15:17:08","slug":"psychiatria-2","status":"publish","type":"product","link":"http:\/\/ksiegarnia-akademicka.pl\/index.php\/product\/psychiatria-2\/","title":{"rendered":"Psychiatria"},"content":{"rendered":"<div class=\"author\">\n<p>P. Ga\u0142ecki, A. Szulc<\/p>\n<\/div>\n<div class=\"wyd\">\n<p>Wydawnictwo: Edra Urban<\/p>\n<p>Rok wydania: 2018<\/p>\n<p>Liczba stron: 630<\/p>\n<p>Oprawa: mi\u0119kka<\/p>\n<\/div>\n<p>&nbsp;<\/p>\n<p>Studenci kierunku lekarskiego, przygotowuj\u0105c si\u0119 do Lekarskiego Egzaminu Ko\u0144cowego, musz\u0105 opanowa\u0107 wiedz\u0119 z kilku podstawowych specjalno\u015bci medycznych, w tym psychiatrii. U\u0142atwiaj\u0105c im to zadanie poprzez zaproponowanie klarownego w tre\u015bci i w atrakcyjnej szacie graficznej podr\u0119cznika zyskujemy jednocze\u015bnie lekarzy, kt\u00f3rzy wiedz\u0119 z zakresu psychiatrii zachowaj\u0105 na ca\u0142e swoje \u017cycie zawodowe. [&#8230;] Jestem przekonana, \u017ce ksi\u0105\u017cka Psychiatria autorstwa prof. Piotra Ga\u0142eckiego i prof. Agaty Szulc spotka si\u0119 z bardzo dobrym odbiorem zar\u00f3wno student\u00f3w, jak i lekarzy tak\u017ce innych ni\u017c psychiatria specjalno\u015bci. Ci ostatni b\u0119d\u0105 mogli po ni\u0105 si\u0119gn\u0105\u0107, chc\u0105c przypomnie\u0107 sobie zagadnienia z kr\u0119gu zaburze\u0144 zdrowia psychicznego spotykane cz\u0119sto u pacjent\u00f3w na co dzie\u0144.<\/p>\n<p>&nbsp;<\/p>\n<p><em>Z recenzji prof. dr hab. Joanny Rymaszewskiej \u2013 Kierownika Katedry Psychiatrii Uniwersytetu Medycznego im. Piast\u00f3w \u015al\u0105skich we Wroc\u0142awiu<\/em><\/p>\n","protected":false},"excerpt":{"rendered":"<p>P. Ga\u0142ecki, A. Szulc Wydawnictwo: Edra Urban Rok wydania: 2018 [&hellip;]<\/p>\n","protected":false},"featured_media":19815,"template":"","meta":[],"product_brand":[],"product_cat":[8302,7493],"product_tag":[1665],"class_list":{"0":"post-19814","1":"product","2":"type-product","3":"status-publish","4":"has-post-thumbnail","6":"product_cat-inne-medycyna","7":"product_cat-medycyna","8":"product_tag-psychiatria","10":"first","11":"instock","12":"sale","13":"shipping-taxable","14":"purchasable","15":"product-type-simple"},"_links":{"self":[{"href":"http:\/\/ksiegarnia-akademicka.pl\/index.php\/wp-json\/wp\/v2\/product\/19814","targetHints":{"allow":["GET"]}}],"collection":[{"href":"http:\/\/ksiegarnia-akademicka.pl\/index.php\/wp-json\/wp\/v2\/product"}],"about":[{"href":"http:\/\/ksiegarnia-akademicka.pl\/index.php\/wp-json\/wp\/v2\/types\/product"}],"wp:featuredmedia":[{"embeddable":true,"href":"http:\/\/ksiegarnia-akademicka.pl\/index.php\/wp-json\/wp\/v2\/media\/19815"}],"wp:attachment":[{"href":"http:\/\/ksiegarnia-akademicka.pl\/index.php\/wp-json\/wp\/v2\/media?parent=19814"}],"wp:term":[{"taxonomy":"product_brand","embeddable":true,"href":"http:\/\/ksiegarnia-akademicka.pl\/index.php\/wp-json\/wp\/v2\/product_brand?post=19814"},{"taxonomy":"product_cat","embeddable":true,"href":"http:\/\/ksiegarnia-akademicka.pl\/index.php\/wp-json\/wp\/v2\/product_cat?post=19814"},{"taxonomy":"product_tag","embeddable":true,"href":"http:\/\/ksiegarnia-akademicka.pl\/index.php\/wp-json\/wp\/v2\/product_tag?post=19814"}],"curies":[{"name":"wp","href":"https:\/\/api.w.org\/{rel}","templated":true}]}}