{"id":19811,"date":"2025-01-16T10:13:05","date_gmt":"2025-01-16T09:13:05","guid":{"rendered":"http:\/\/ksiegarnia-akademicka.pl\/?post_type=product&#038;p=19811"},"modified":"2025-01-27T13:12:31","modified_gmt":"2025-01-27T12:12:31","slug":"fundusz-alimentacyjny-wzory-do-pobrania","status":"publish","type":"product","link":"http:\/\/ksiegarnia-akademicka.pl\/index.php\/product\/fundusz-alimentacyjny-wzory-do-pobrania\/","title":{"rendered":"Fundusz alimentacyjny + wzory do pobrania"},"content":{"rendered":"<p><strong>Autor:<\/strong>\u00a0dr Angelika Durda,\u00a0Piotr Mrozek,\u00a0Ewa Pawka-Nowak<\/p>\n<p>Wydawnictwo: C.H. Beck<\/p>\n<p><strong>Seria:<\/strong> Sektor publiczny w praktyce<\/p>\n<p><strong>Rok wydania:<\/strong> 2025<\/p>\n<p><strong>Wydanie:<\/strong> 6<\/p>\n<p><strong>Oprawa:<\/strong> Mi\u0119kka ze skrzyde\u0142kami<\/p>\n<p><strong>Liczba stron:<\/strong> 304<\/p>\n<p><strong>Wymiary:<\/strong> 165&#215;238 mm<\/p>\n<p><strong>Waga:<\/strong>\u00a0480 g<\/p>\n<p>&nbsp;<\/p>\n<p><strong>Kompleksowe om\u00f3wienie rozwi\u0105za\u0144 z zakresu funduszu alimentacyjnego wraz z wzorami dokument\u00f3w.<\/strong><\/p>\n<p>Najbardziej aktualne, kompleksowe i praktyczne om\u00f3wienie rozwi\u0105za\u0144 wynikaj\u0105cych z ustawy z 7.9.2007 r. o pomocy osobom uprawnionym do aliment\u00f3w (t.j. Dz.U. z 2023 r. poz. 1993 ze zm.). Obejmuje wszelkie zmiany od 2021 r. ze szczeg\u00f3lnym uwzgl\u0119dnieniem ustawy z 21 listopada 2024 r. o zmianie ustawy o pomocy osobom uprawnionym do aliment\u00f3w (Dz.U. z 2024 r. poz. 1827), zmieniaj\u0105cej maksymalnej kwoty \u015bwiadczenia z funduszu alimentacyjnego z 500 z\u0142 na 1000 z\u0142.<\/p>\n<p>Do\u00a0<strong>nowych zagadnie\u0144 dotycz\u0105cych funduszu alimentacyjnego<\/strong>\u00a0zaliczy\u0107 nale\u017cy:<\/p>\n<ul>\n<li>zmian\u0119 maksymalnej kwoty \u015bwiadczenia z funduszu alimentacyjnego z 500 z\u0142 na 1000 z\u0142;<\/li>\n<li>tryb post\u0119powania w sytuacji przyznania prawa do \u015bwiadczenia z funduszu alimentacyjnego w kwocie 500 z\u0142 i konieczno\u015b\u0107 zmiany tej wysoko\u015bci;<\/li>\n<li>waloryzacj\u0119 kryterium dochodowego uprawniaj\u0105cego do \u015bwiadcze\u0144 z funduszu alimentacyjnego \u2013 obecna wysoko\u015b\u0107 kryterium dochodowego;<\/li>\n<li>nowe rozwi\u0105zanie dotycz\u0105ce przekazywania decyzji oraz kompletu dokument\u00f3w do dalszego stosowania w sytuacji zmiany miejsca zamieszkania przez osob\u0119 uprawnion\u0105 do \u015bwiadcze\u0144;<\/li>\n<li>rozszerzony katalog informacji o dochodzie, kt\u00f3re organ pozyskuje samodzielnie, a tym samym zniesienie obowi\u0105zku dostarczania dokument\u00f3w przez wnioskodawc\u0119 w tym zakresie;<\/li>\n<li>nowe rodzaje dochod\u00f3w nieopodatkowanych.<\/li>\n<\/ul>\n<p><strong>Prezentowana publikacja odpowiada na m.in. nast\u0119puj\u0105ce pytania:<\/strong><\/p>\n<ul>\n<li>Jak post\u0105pi\u0107, w zwi\u0105zku ze zmian\u0105 ustawy w zakresie maksymalnej kwoty \u015bwiadczenia, w sytuacji w kt\u00f3rej zosta\u0142a wydana decyzja o przyznaniu prawa do \u015bwiadczenia z funduszu alimentacyjnego w wysoko\u015bci 500 z\u0142 \u2013 tryb post\u0119powania?<\/li>\n<li>Jakie dokumenty organ pozyskuje samodzielnie w toku rozpatrywanie wniosku o ustalenie prawa do \u015bwiadczenia z funduszu alimentacyjnego?<\/li>\n<li>Na czym ma polega\u0107 waloryzacja kwoty kryterium dochodowego?<\/li>\n<li>Jak post\u0105pi\u0107 w sytuacji zmiany miejsca zamieszkania osoby pobieraj\u0105cej \u015bwiadczenie z funduszu alimentacyjnego?<\/li>\n<li>Jak stosowa\u0107 zasad\u0119 \u201ez\u0142ot\u00f3wka za z\u0142ot\u00f3wk\u0119&#8221;<\/li>\n<li>Ile wynosi kryterium dochodowe dla \u015bwiadcze\u0144 z funduszu alimentacyjnego? Co zrobi\u0107 gdy wysoko\u015b\u0107 \u015bwiadczenia do wyp\u0142aty wynosi mniej ni\u017c 100 z\u0142?<\/li>\n<li>Jak jest minimalna kwota \u015bwiadczenia z funduszu alimentacyjnego w zwi\u0105zku ze zmian\u0105 sytuacji dochodowej \u2013 w sytuacji przyznania prawa z zastosowaniem zasady \u201ez\u0142ot\u00f3wka za z\u0142ot\u00f3wk\u0119 w FA&#8221;?<\/li>\n<li>Jakie s\u0105 przes\u0142anki do wzruszenia ostatecznej decyzji administracyjnej gdy organ przyzna\u0142 prawo do \u015bwiadcze\u0144 z funduszu alimentacyjnego?<\/li>\n<li>Czy istnieje mo\u017cliwo\u015b\u0107 ustalenia prawa do \u015bwiadcze\u0144 z funduszu alimentacyjnego na czas inny ni\u017c okres \u015bwiadczeniowy?<\/li>\n<li>Na czym polega procedura dochodzenia nienale\u017cnie wyp\u0142aconych \u015bwiadcze\u0144 z funduszu alimentacyjnego?<\/li>\n<li>Co zmieni\u0142o si\u0119 z post\u0119powaniu egzekucyjnym w przypadku \u015bwiadczenia alimentacyjnego?<\/li>\n<li>Jak zaksi\u0119gowa\u0107 \u015bwiadczenie z funduszu alimentacyjnego?<\/li>\n<\/ul>\n<p>Najwa\u017cniejsze\u00a0<strong>zalety prezentowanej ksi\u0105\u017cki<\/strong>, dzi\u0119ki kt\u00f3rym szybciej wykonaj\u0105 Pa\u0144stwo swoje obowi\u0105zki i rozwi\u0105\u017c\u0105 problemy z interpretacj\u0105 przepis\u00f3w prawa to:<\/p>\n<ul>\n<li>zbi\u00f3r\u00a0<strong>ponad 90\u00a0uaktualnionych wzor\u00f3w dokument\u00f3w<\/strong>\u00a0w tym: decyzji, wniosk\u00f3w, pism, notatek i zarz\u0105dze\u0144 &#8211; wzory dost\u0119pne s\u0105 do pobrania ze strony wskazanej w publikacji,<\/li>\n<li><strong>zestaw praktycznych rozwi\u0105za\u0144 i przyk\u0142ad\u00f3w<\/strong>\u00a0\u2013 w tym praktyczne odpowiedzi na pytania oparte na faktycznych stanach prawnych zwi\u0105zanych ze \u015bwiadczeniami z funduszu alimentacyjnego,<\/li>\n<li><strong>eksperckie wyt\u0142umaczenie zawi\u0142o\u015bci prawnych<\/strong>\u00a0i dylemat\u00f3w, z kt\u00f3rymi autorzy mierz\u0105 si\u0119 podczas pracy w OPS i trakcie szkole\u0144 dla s\u0142u\u017cb pomocy spo\u0142ecznej,<\/li>\n<li>dok\u0142adne i przejrzyste prezentowanie poszczeg\u00f3lnych zagadnie\u0144,<\/li>\n<li>wyr\u00f3\u017cnienie w tre\u015bci zagadnie\u0144 wa\u017cnych i nowych,<\/li>\n<li>dodanie opis\u00f3w tzw. stan\u00f3w faktycznych przed wzorem dokument\u00f3w,<\/li>\n<li>uwzgl\u0119dnienie\u00a0<strong>najnowszych zmian w prawie<\/strong>.<\/li>\n<\/ul>\n","protected":false},"excerpt":{"rendered":"<p>Autor:\u00a0dr Angelika Durda,\u00a0Piotr Mrozek,\u00a0Ewa Pawka-Nowak Wydawnictwo: C.H. Beck Seria: Sektor [&hellip;]<\/p>\n","protected":false},"featured_media":19983,"template":"","meta":[],"product_brand":[],"product_cat":[7491,7530,18],"product_tag":[5448,615,8437,6841],"class_list":{"0":"post-19811","1":"product","2":"type-product","3":"status-publish","4":"has-post-thumbnail","6":"product_cat-cywilne","7":"product_cat-nowosci","8":"product_cat-prawo","9":"product_tag-fundusz-alimentacyjny","10":"product_tag-prawo-cywilne","11":"product_tag-prawo-rodzinne-i-alimentacyjne","12":"product_tag-seria-sektor-publiczny-w-praktyce","14":"first","15":"instock","16":"sale","17":"shipping-taxable","18":"purchasable","19":"product-type-simple"},"_links":{"self":[{"href":"http:\/\/ksiegarnia-akademicka.pl\/index.php\/wp-json\/wp\/v2\/product\/19811","targetHints":{"allow":["GET"]}}],"collection":[{"href":"http:\/\/ksiegarnia-akademicka.pl\/index.php\/wp-json\/wp\/v2\/product"}],"about":[{"href":"http:\/\/ksiegarnia-akademicka.pl\/index.php\/wp-json\/wp\/v2\/types\/product"}],"wp:featuredmedia":[{"embeddable":true,"href":"http:\/\/ksiegarnia-akademicka.pl\/index.php\/wp-json\/wp\/v2\/media\/19983"}],"wp:attachment":[{"href":"http:\/\/ksiegarnia-akademicka.pl\/index.php\/wp-json\/wp\/v2\/media?parent=19811"}],"wp:term":[{"taxonomy":"product_brand","embeddable":true,"href":"http:\/\/ksiegarnia-akademicka.pl\/index.php\/wp-json\/wp\/v2\/product_brand?post=19811"},{"taxonomy":"product_cat","embeddable":true,"href":"http:\/\/ksiegarnia-akademicka.pl\/index.php\/wp-json\/wp\/v2\/product_cat?post=19811"},{"taxonomy":"product_tag","embeddable":true,"href":"http:\/\/ksiegarnia-akademicka.pl\/index.php\/wp-json\/wp\/v2\/product_tag?post=19811"}],"curies":[{"name":"wp","href":"https:\/\/api.w.org\/{rel}","templated":true}]}}