{"id":19806,"date":"2025-01-16T09:47:52","date_gmt":"2025-01-16T08:47:52","guid":{"rendered":"http:\/\/ksiegarnia-akademicka.pl\/?post_type=product&#038;p=19806"},"modified":"2025-01-27T13:16:06","modified_gmt":"2025-01-27T12:16:06","slug":"kodeks-karny-komentarz-2","status":"publish","type":"product","link":"http:\/\/ksiegarnia-akademicka.pl\/index.php\/product\/kodeks-karny-komentarz-2\/","title":{"rendered":"Kodeks karny. Komentarz"},"content":{"rendered":"<p><strong>Redakcja:<\/strong>\u00a0prof. dr hab. Ryszard A. Stefa\u0144ski<\/p>\n<p>Wydawnictwo: C.H. Beck<\/p>\n<p><strong>Seria:<\/strong> Komentarze Kodeksowe<\/p>\n<p><strong>Rok wydania:<\/strong> 2025<\/p>\n<p><strong>Wydanie:<\/strong> 7<\/p>\n<p><strong>Oprawa:<\/strong> Twarda<\/p>\n<p><strong>Liczba stron:<\/strong> 2160<\/p>\n<p><strong>Wymiary:<\/strong> 160&#215;240 mm<\/p>\n<p><strong>Waga:<\/strong>\u00a02300 g<\/p>\n<p>&nbsp;<\/p>\n<h3><strong>Kompleksowe om\u00f3wienie przepis\u00f3w Kodeksu karnego.<\/strong><\/h3>\n<p>Komentarz obejmuje wyja\u015bnienia do ca\u0142o\u015bci przepis\u00f3w zawartych zar\u00f3wno w cz\u0119\u015bci og\u00f3lnej, szczeg\u00f3lnej, jak i wojskowej. Komentarz prezentuje w spos\u00f3b\u00a0<strong>wszechstronny dorobek doktryny i judykatury<\/strong>. Ponadto zosta\u0142o uwzgl\u0119dnione<strong>\u00a0aktualne pi\u015bmiennictwo<\/strong>\u00a0z komentowanej dziedziny i dziedzin pokrewnych.<\/p>\n<p><strong>W spos\u00f3b wyczerpuj\u0105cy i zarazem praktyczny pozwala zapozna\u0107 si\u0119 z kwestiami dotycz\u0105cymi m.in.:<\/strong><\/p>\n<ul>\n<li>zasad odpowiedzialno\u015bci karnej;<\/li>\n<li>poj\u0119cia przest\u0119pstwa;<\/li>\n<li>systemu stosowanych \u015brodk\u00f3w penalnych;<\/li>\n<li>obowi\u0105zywania Kodeksu karnego w przestrzeni terytorium Polski i Unii Europejskiej, oraz<\/li>\n<li>katalogu czyn\u00f3w zabronionych stypizowanych w cz\u0119\u015bci szczeg\u00f3lnej.<\/li>\n<\/ul>\n<p>Komentarz stanowi\u00a0<strong>szczeg\u00f3\u0142owe i kompleksowe om\u00f3wienie<\/strong>\u00a0wszystkich zagadnie\u0144 w poruszanej tematyce.<\/p>\n<p><strong>Stan prawny: 1.12.2024 r.<\/strong>\u00a0(z uwzgl\u0119dnieniem zmian wchodz\u0105cych w \u017cycie 13.2.2025 r.).<\/p>\n<p>Wydanie 7. uwzgl\u0119dnia\u00a0<strong>om\u00f3wienie najnowszych zmian Kodeksu karnego<\/strong>, wynikaj\u0105cych m.in. z:<\/p>\n<ul>\n<li><strong>ustawy z 28.6.2024 r.<\/strong>\u00a0(Dz.U. z 2024 r. poz. 1228), kt\u00f3ra dotyczy zmiany definicji przest\u0119pstwa zgwa\u0142cenia i oparcia jej na braku dobrowolnej i \u015bwiadomej zgody oraz zmiany kategorii prawnej tego czynu z wyst\u0119pku na zbrodni\u0119; zmiana wchodzi w \u017cycie 13.2.2025 r.;<\/li>\n<li><strong>ustawy z 13.7.2023 r.<\/strong>\u00a0(Dz.U. z 2023 r. poz. 1963), kt\u00f3ra rozszerza katalog funkcjonariusza publicznego z art. 115 \u00a7 13 o inspektora Inspekcji Wodnej; zmiana wesz\u0142a w \u017cycie 1.7.2024 r.;<\/li>\n<li><strong>ustawy z 17.8.2023 r.<\/strong>\u00a0(Dz.U. z 2023 r. poz. 1834), kt\u00f3ra dotyczy przest\u0119pstwa szpiegostwa; zmiany wesz\u0142y w \u017cycie 23.9. i 1.10.2023 r.;<\/li>\n<li><strong>ustawy z 13.1.2023 r.<\/strong>\u00a0(Dz.U. z 2023 r. poz. 289 ze zm.), kt\u00f3ra dostosowuje KK do konwencji stambulskiej m.in. w zakresie wyci\u0119cia, infibulacji lub innego trwa\u0142ego i istotnego okaleczenia \u017ce\u0144skiego narz\u0105du p\u0142ciowego czy zawarcia przymusowego ma\u0142\u017ce\u0144stwa; zmiany wesz\u0142y w \u017cycie 15.8.2023 r.<\/li>\n<\/ul>\n<p>Komentarz w spos\u00f3b jasny i przejrzysty pozwala na rozwi\u0105zanie pojawiaj\u0105cych si\u0119 w praktyce problem\u00f3w zwi\u0105zanych z wyk\u0142adni\u0105 przepis\u00f3w zawartych w Kodeksie karnym. Dla wygody Czytelnik\u00f3w, u\u0142atwiaj\u0105c szybk\u0105 orientacj\u0119 w tek\u015bcie, niniejszy Komentarz\u00a0<strong>wyr\u00f3\u017cnia si\u0119 szczeg\u00f3\u0142ow\u0105 struktur\u0105 wewn\u0119trzn\u0105, z precyzyjnym, przejrzystym i jednolitym podzia\u0142em zagadnie\u0144.<\/strong><\/p>\n<p>Komentarz\u00a0<strong>napisany zosta\u0142 przez grono wybitnych Autor\u00f3w<\/strong>\u00a0z najwi\u0119kszych o\u015brodk\u00f3w naukowych w kraju. Du\u017cym walorem jest fakt, i\u017c reprezentuj\u0105 oni r\u00f3\u017cne o\u015brodki naukowe i r\u00f3\u017cne pokolenia prawnik\u00f3w, co pozwala zapozna\u0107 si\u0119 Czytelnikowi z przekrojowym spojrzenie na dany problem.<\/p>\n<p>Komentarz to nieodzowna\u00a0<strong>pomoc dla praktyk\u00f3w prawa<\/strong>, w szczeg\u00f3lno\u015bci prokurator\u00f3w, adwokat\u00f3w, radc\u00f3w prawnych, s\u0119dzi\u00f3w, a tak\u017ce stanowi nieocenion\u0105 baz\u0119 wiedzy dla doktorant\u00f3w, aplikant\u00f3w zawod\u00f3w prawniczych i student\u00f3w.<\/p>\n","protected":false},"excerpt":{"rendered":"<p>Redakcja:\u00a0prof. dr hab. Ryszard A. Stefa\u0144ski Wydawnictwo: C.H. Beck Seria: [&hellip;]<\/p>\n","protected":false},"featured_media":19985,"template":"","meta":[],"product_brand":[],"product_cat":[7490,7530,18],"product_tag":[2148,1054],"class_list":{"0":"post-19806","1":"product","2":"type-product","3":"status-publish","4":"has-post-thumbnail","6":"product_cat-karne","7":"product_cat-nowosci","8":"product_cat-prawo","9":"product_tag-kodeks-karny","10":"product_tag-seria-komentarze-kodeksowe","12":"first","13":"instock","14":"sale","15":"shipping-taxable","16":"purchasable","17":"product-type-simple"},"_links":{"self":[{"href":"http:\/\/ksiegarnia-akademicka.pl\/index.php\/wp-json\/wp\/v2\/product\/19806","targetHints":{"allow":["GET"]}}],"collection":[{"href":"http:\/\/ksiegarnia-akademicka.pl\/index.php\/wp-json\/wp\/v2\/product"}],"about":[{"href":"http:\/\/ksiegarnia-akademicka.pl\/index.php\/wp-json\/wp\/v2\/types\/product"}],"wp:featuredmedia":[{"embeddable":true,"href":"http:\/\/ksiegarnia-akademicka.pl\/index.php\/wp-json\/wp\/v2\/media\/19985"}],"wp:attachment":[{"href":"http:\/\/ksiegarnia-akademicka.pl\/index.php\/wp-json\/wp\/v2\/media?parent=19806"}],"wp:term":[{"taxonomy":"product_brand","embeddable":true,"href":"http:\/\/ksiegarnia-akademicka.pl\/index.php\/wp-json\/wp\/v2\/product_brand?post=19806"},{"taxonomy":"product_cat","embeddable":true,"href":"http:\/\/ksiegarnia-akademicka.pl\/index.php\/wp-json\/wp\/v2\/product_cat?post=19806"},{"taxonomy":"product_tag","embeddable":true,"href":"http:\/\/ksiegarnia-akademicka.pl\/index.php\/wp-json\/wp\/v2\/product_tag?post=19806"}],"curies":[{"name":"wp","href":"https:\/\/api.w.org\/{rel}","templated":true}]}}