{"id":19653,"date":"2025-01-07T08:30:52","date_gmt":"2025-01-07T07:30:52","guid":{"rendered":"http:\/\/ksiegarnia-akademicka.pl\/?post_type=product&#038;p=19653"},"modified":"2025-01-07T08:30:52","modified_gmt":"2025-01-07T07:30:52","slug":"ochrona-sygnalistow-komentarz-2","status":"publish","type":"product","link":"http:\/\/ksiegarnia-akademicka.pl\/index.php\/product\/ochrona-sygnalistow-komentarz-2\/","title":{"rendered":"Ochrona sygnalist\u00f3w Komentarz"},"content":{"rendered":"<div class=\"grupa osoby\"><span class=\"meta-head-blue\">Redakcja:<\/span>\u00a0<span class=\"meta-value\">Bielak-Jomaa Edyta, Lubasz Dominik, \u0141uczak-Tarka Joanna<\/span><\/div>\n<div class=\"grupa wydawca\"><span class=\"meta-head\">Wydawca:<\/span>\u00a0Wolters Kluwer<\/div>\n<div class=\"grupa dane\">\n<div>Oprawa:\u00a0<span class=\"meta-value-bold\">Mi\u0119kka<\/span><\/div>\n<div>Liczba stron:\u00a0<span class=\"meta-value-bold\">342<\/span><\/div>\n<div>Wydanie:\u00a0<span class=\"meta-value-bold\">1<\/span><\/div>\n<div>Rok wydania:\u00a0<span class=\"meta-value-bold\">2024<\/span><\/div>\n<div>J\u0119zyk wydania:\u00a0<span class=\"meta-value-bold\">polski<\/span><\/div>\n<\/div>\n<div><\/div>\n<div>Komentarz zawiera szczeg\u00f3\u0142owe om\u00f3wienie przepis\u00f3w ustawy z 14.06.2024 r. o ochronie sygnalist\u00f3w, implementuj\u0105cej do polskiego porz\u0105dku prawnego dyrektyw\u0119 Parlamentu Europejskiego i Rady (UE) 2019\/1937 z 23.10.2019 r. w sprawie ochrony os\u00f3b zg\u0142aszaj\u0105cych naruszenia prawa Unii.<\/p>\n<p>Stanowi on kompendium wiedzy, b\u0119d\u0105ce efektem wsp\u00f3lnych dzia\u0142a\u0144 podj\u0119tych przez ekspert\u00f3w \u2013 praktyk\u00f3w i przedstawicieli nauki.<\/p>\n<p>Szczeg\u00f3ln\u0105 uwag\u0119 autorzy po\u015bwi\u0119cili takim zagadnieniom jak:<\/p>\n<p>\u2022 wewn\u0119trzna i zewn\u0119trzna procedura narusze\u0144,<br \/>\n\u2022 ochrona sygnalist\u00f3w, os\u00f3b pomagaj\u0105cych w dokonaniu zg\u0142oszenia oraz os\u00f3b powi\u0105zanych z sygnalist\u0105 przed dzia\u0142aniami odwetowymi,<br \/>\n\u2022 ochrona to\u017csamo\u015bci sygnalist\u00f3w i os\u00f3b, kt\u00f3rych zg\u0142oszenie dotyczy.<\/p>\n<p>Ksi\u0105\u017cka przeznaczona jest dla prawnik\u00f3w praktyk\u00f3w \u2013 adwokat\u00f3w, radc\u00f3w prawnych i s\u0119dzi\u00f3w, a tak\u017ce aplikant\u00f3w i absolwent\u00f3w studi\u00f3w na kierunku prawo.<\/p>\n<p>B\u0119dzie cennym \u017ar\u00f3d\u0142em wiedzy dla pracownik\u00f3w dzia\u0142\u00f3w HR, os\u00f3b odpowiedzialnych w organizacji za obszar compliance, jak te\u017c \u2013 z uwagi na zawarte w komentowanej ustawie odniesienie do przepis\u00f3w o ochronie danych osobowych \u2013 inspektor\u00f3w ochrony danych oraz innych os\u00f3b zaanga\u017cowanych w ochron\u0119 danych osobowych w organizacji. B\u0119dzie r\u00f3wnie\u017c przydatna wszystkim osobom dokonuj\u0105cym zg\u0142osze\u0144 naruszenia prawa, kt\u00f3re dzia\u0142aj\u0105 w dobrej wierze.<\/p><\/div>\n","protected":false},"excerpt":{"rendered":"<p>Redakcja:\u00a0Bielak-Jomaa Edyta, Lubasz Dominik, \u0141uczak-Tarka Joanna Wydawca:\u00a0Wolters Kluwer Oprawa:\u00a0Mi\u0119kka Liczba [&hellip;]<\/p>\n","protected":false},"featured_media":19654,"template":"","meta":[],"product_brand":[],"product_cat":[7491,7530,18],"product_tag":[3092,7619,4603],"class_list":{"0":"post-19653","1":"product","2":"type-product","3":"status-publish","4":"has-post-thumbnail","6":"product_cat-cywilne","7":"product_cat-nowosci","8":"product_cat-prawo","9":"product_tag-ochrona-danych-osobowych","10":"product_tag-rodo","11":"product_tag-seria-komentarze-praktyczne","13":"first","14":"instock","15":"sale","16":"shipping-taxable","17":"purchasable","18":"product-type-simple"},"_links":{"self":[{"href":"http:\/\/ksiegarnia-akademicka.pl\/index.php\/wp-json\/wp\/v2\/product\/19653","targetHints":{"allow":["GET"]}}],"collection":[{"href":"http:\/\/ksiegarnia-akademicka.pl\/index.php\/wp-json\/wp\/v2\/product"}],"about":[{"href":"http:\/\/ksiegarnia-akademicka.pl\/index.php\/wp-json\/wp\/v2\/types\/product"}],"wp:featuredmedia":[{"embeddable":true,"href":"http:\/\/ksiegarnia-akademicka.pl\/index.php\/wp-json\/wp\/v2\/media\/19654"}],"wp:attachment":[{"href":"http:\/\/ksiegarnia-akademicka.pl\/index.php\/wp-json\/wp\/v2\/media?parent=19653"}],"wp:term":[{"taxonomy":"product_brand","embeddable":true,"href":"http:\/\/ksiegarnia-akademicka.pl\/index.php\/wp-json\/wp\/v2\/product_brand?post=19653"},{"taxonomy":"product_cat","embeddable":true,"href":"http:\/\/ksiegarnia-akademicka.pl\/index.php\/wp-json\/wp\/v2\/product_cat?post=19653"},{"taxonomy":"product_tag","embeddable":true,"href":"http:\/\/ksiegarnia-akademicka.pl\/index.php\/wp-json\/wp\/v2\/product_tag?post=19653"}],"curies":[{"name":"wp","href":"https:\/\/api.w.org\/{rel}","templated":true}]}}