{"id":19640,"date":"2025-01-03T09:16:23","date_gmt":"2025-01-03T08:16:23","guid":{"rendered":"http:\/\/ksiegarnia-akademicka.pl\/?post_type=product&#038;p=19640"},"modified":"2025-01-03T09:16:23","modified_gmt":"2025-01-03T08:16:23","slug":"niepewnosc-herkulesa-problem-szacunku-dla-prawa-w-perspektywie-teorii-ronalda-dworkina","status":"publish","type":"product","link":"http:\/\/ksiegarnia-akademicka.pl\/index.php\/product\/niepewnosc-herkulesa-problem-szacunku-dla-prawa-w-perspektywie-teorii-ronalda-dworkina\/","title":{"rendered":"Niepewno\u015b\u0107 Herkulesa Problem szacunku dla prawa w perspektywie teorii Ronalda Dworkina"},"content":{"rendered":"<div class=\"grupa osoby\"><span class=\"meta-head\">Autor:<\/span><\/p>\n<ul>\n<li class=\"meta-value\">Pawe\u0142 Jab\u0142o\u0144ski<\/li>\n<\/ul>\n<\/div>\n<div class=\"grupa wydawca\"><span class=\"meta-head\">Wydawca:<\/span>\u00a0Scholar<\/div>\n<div class=\"grupa dane\">\n<div>Oprawa:\u00a0<span class=\"meta-value-bold\">Twarda<\/span><\/div>\n<div>Liczba stron:\u00a0<span class=\"meta-value-bold\">504<\/span><\/div>\n<div>Rok wydania:\u00a0<span class=\"meta-value-bold\">2024<\/span><\/div>\n<div>J\u0119zyk wydania:\u00a0<span class=\"meta-value-bold\">polski<\/span><\/div>\n<\/div>\n<div><\/div>\n<div>G\u0142\u00f3wnym przedmiotem ksi\u0105\u017cki jest problem szacunku dla prawa w perspektywie teorii Ronalda Dworkina. Od kilku lat mamy w Polsce do czynienia z dotkliwym kryzysem demokracji i praworz\u0105dno\u015bci. [\u2026] Maj\u0105c to na uwadze, trzeba stwierdzi\u0107, \u017ce wnikliwa analiza teorii Dworkina dokonana przez Paw\u0142a Jab\u0142o\u0144skiego mo\u017ce stanowi\u0107 wa\u017cny g\u0142os w tocz\u0105cej si\u0119 w Polsce debacie publicznej. Dotyczy to w szczeg\u00f3lno\u015bci deficyt\u00f3w demokracji, kontroli konstytucyjno\u015bci, jako\u015bci procesu legislacyjnego, niezale\u017cno\u015bci trzeciej w\u0142adzy czy \u2013 last but not least \u2013\u015bwiadomo\u015bci prawnej jako istotnego elementu kultury politycznej.<\/p>\n<p>prof. dr hab. Jerzy Zajad\u0142o<\/p>\n<p>Autor recenzowanej monografii traktuje pi\u015bmiennictwo Ronalda Dworkina w spos\u00f3b, po pierwsze, ca\u0142o\u015bciowy, tj. z szerokim uwzgl\u0119dnieniem jego pisarstwa, po drugie, syntetyczny, uwypuklaj\u0105c chyba wszystkie istotne w\u0105tki jego tw\u00f3rczo\u015bci, a po trzecie, dynamiczny, pokazuj\u0105c ewolucj\u0119 pogl\u0105d\u00f3w tego autora na przestrzeni dziesi\u0105tk\u00f3w lat. Ksi\u0105\u017cka Paw\u0142a Jab\u0142o\u0144skiego opisuje tak\u017ce te w\u0105tki my\u015bli Dworkina, kt\u00f3re s\u0105 mniej znane lub wymagaj\u0105 umieszczenia b\u0105d\u017a to w kontek\u015bcie jakiego\u015b innego miejsca w koncepcji Dworkina, b\u0105d\u017a w \u015bwietle ca\u0142ej jego koncepcji, b\u0105d\u017a w zestawieniu z kontekstem zewn\u0119trznym.<\/p>\n<p>prof. dr hab. Sylwia Wojtczak<\/p><\/div>\n","protected":false},"excerpt":{"rendered":"<p>Autor: Pawe\u0142 Jab\u0142o\u0144ski Wydawca:\u00a0Scholar Oprawa:\u00a0Twarda Liczba stron:\u00a0504 Rok wydania:\u00a02024 J\u0119zyk [&hellip;]<\/p>\n","protected":false},"featured_media":19641,"template":"","meta":[],"product_brand":[],"product_cat":[7492,7496,7530,18],"product_tag":[3466,1008,8374],"class_list":{"0":"post-19640","1":"product","2":"type-product","3":"status-publish","4":"has-post-thumbnail","6":"product_cat-administracyjne","7":"product_cat-konstytucyjne","8":"product_cat-nowosci","9":"product_cat-prawo","10":"product_tag-administracja","11":"product_tag-prawo","12":"product_tag-ronald-dworkin","14":"first","15":"instock","16":"sale","17":"shipping-taxable","18":"purchasable","19":"product-type-simple"},"_links":{"self":[{"href":"http:\/\/ksiegarnia-akademicka.pl\/index.php\/wp-json\/wp\/v2\/product\/19640","targetHints":{"allow":["GET"]}}],"collection":[{"href":"http:\/\/ksiegarnia-akademicka.pl\/index.php\/wp-json\/wp\/v2\/product"}],"about":[{"href":"http:\/\/ksiegarnia-akademicka.pl\/index.php\/wp-json\/wp\/v2\/types\/product"}],"wp:featuredmedia":[{"embeddable":true,"href":"http:\/\/ksiegarnia-akademicka.pl\/index.php\/wp-json\/wp\/v2\/media\/19641"}],"wp:attachment":[{"href":"http:\/\/ksiegarnia-akademicka.pl\/index.php\/wp-json\/wp\/v2\/media?parent=19640"}],"wp:term":[{"taxonomy":"product_brand","embeddable":true,"href":"http:\/\/ksiegarnia-akademicka.pl\/index.php\/wp-json\/wp\/v2\/product_brand?post=19640"},{"taxonomy":"product_cat","embeddable":true,"href":"http:\/\/ksiegarnia-akademicka.pl\/index.php\/wp-json\/wp\/v2\/product_cat?post=19640"},{"taxonomy":"product_tag","embeddable":true,"href":"http:\/\/ksiegarnia-akademicka.pl\/index.php\/wp-json\/wp\/v2\/product_tag?post=19640"}],"curies":[{"name":"wp","href":"https:\/\/api.w.org\/{rel}","templated":true}]}}