{"id":19630,"date":"2025-01-02T11:05:23","date_gmt":"2025-01-02T10:05:23","guid":{"rendered":"http:\/\/ksiegarnia-akademicka.pl\/?post_type=product&#038;p=19630"},"modified":"2025-01-02T11:05:24","modified_gmt":"2025-01-02T10:05:24","slug":"elementarz-pielegnacji-twoja-droga-do-pieknej-i-zdrowej-skory-krok-po-kroku","status":"publish","type":"product","link":"http:\/\/ksiegarnia-akademicka.pl\/index.php\/product\/elementarz-pielegnacji-twoja-droga-do-pieknej-i-zdrowej-skory-krok-po-kroku\/","title":{"rendered":"Elementarz piel\u0119gnacji. Twoja droga do pi\u0119knej i zdrowej sk\u00f3ry krok po kroku"},"content":{"rendered":"<div class=\"grupa osoby\"><span class=\"meta-head\">Autor:<\/span><\/p>\n<ul>\n<li class=\"meta-value\">Agata Zejfer<\/li>\n<\/ul>\n<\/div>\n<div class=\"grupa wydawca\"><span class=\"meta-head\">Wydawca:<\/span>\u00a0PZWL<\/div>\n<div class=\"grupa dane\">\n<div>Oprawa:\u00a0<span class=\"meta-value-bold\">Twarda<\/span><\/div>\n<div>Format:\u00a0<span class=\"meta-value-bold\">16.5&#215;23.5cm<\/span><\/div>\n<div>Liczba stron:\u00a0<span class=\"meta-value-bold\">260<\/span><\/div>\n<div>Wydanie:\u00a0<span class=\"meta-value-bold\">1<\/span><\/div>\n<div>Rok wydania:\u00a0<span class=\"meta-value-bold\">2024<\/span><\/div>\n<div>J\u0119zyk wydania:\u00a0<span class=\"meta-value-bold\">polski<\/span><\/div>\n<\/div>\n<div><\/div>\n<div>To przepi\u0119kne, albumowe wydanie monografii stanowi kompleksowy przewodnik po piel\u0119gnacji sk\u00f3ry. Zwraca uwag\u0119 na to, \u017ce pi\u0119kno zaczyna si\u0119 wewn\u0105trz, a kwestia zewn\u0119trzna stanowi integraln\u0105 cz\u0119\u015b\u0107 og\u00f3lnego zdrowia i dobrego samopoczucia. Zauwa\u017ca, \u017ce nic nie jest w stanie zast\u0105pi\u0107 zdrowego stylu \u017cycia, aktywno\u015bci fizycznej i dobrze dobranej piel\u0119gnacji, a do ka\u017cdej sk\u00f3ry nale\u017cy podchodzi\u0107 indywidualnie, rozpoznaj\u0105c jej potrzeby. Odpowiada na pytania dotycz\u0105ce m.in.. fizjologii sk\u00f3ry i wynikaj\u0105cych z niej potrzeb. Opisuje, jak rozpoznawa\u0107 te potrzeby, jakie sk\u0142adniki aktywne na nie odpowiadaj\u0105, jak w\u0142a\u015bciwie piel\u0119gnowa\u0107 sk\u00f3r\u0119 i jakie elementy wp\u0142ywaj\u0105 na jej zdrowie i wygl\u0105d. Ksi\u0105\u017cka zosta\u0142a podzielona na sze\u015b\u0107 cz\u0119\u015bci.<br \/>\nW pierwszej z nich \u2013 Poznaj swoj\u0105 sk\u00f3r\u0119 \u2013 zdob\u0119dziesz wiedz\u0119 na temat budowy i funkcji sk\u00f3ry a tak\u017ce wp\u0142ywu gen\u00f3w na jej wygl\u0105d i kondycj\u0119.<br \/>\nW drugiej \u2013 W drodze do zdrowia sk\u00f3ry \u2013 dowiesz si\u0119 co sprawia, \u017ce sk\u00f3ra jest nawil\u017cona, bez przebarwie\u0144, zask\u00f3rnik\u00f3w czy stan\u00f3w zapalnych. Piel\u0119gnacja domowaodpowiada na pytania, jakie s\u0105 g\u0142\u00f3wne cele piel\u0119gnacji i w jaki spos\u00f3b piel\u0119gnowa\u0107 swoj\u0105 sk\u00f3r\u0119.<br \/>\nKolejna cz\u0119\u015b\u0107 prezentuje zabiegi gabinetowe, kt\u00f3re mog\u0105 by\u0107 uzupe\u0142nieniem Twoich stara\u0144 w drodze do pi\u0119knej cery.<br \/>\nCz\u0119\u015b\u0107 pi\u0105ta udziela odpowiedzi na pytanie, dlaczego kosmetyki nie zawsze dzia\u0142aj\u0105 oraz jak mo\u017cemy wp\u0142yn\u0105\u0107 na zdrowie i wygl\u0105d swojej sk\u00f3ry. Rozdzia\u0142 zatytu\u0142owany Spowolni\u0107 starzenie sk\u00f3ry przybli\u017cy Ci zagadnienia z obszaru healthy aging. Dowiesz si\u0119, co wp\u0142ywa na proces starzenia si\u0119 i jak mo\u017cesz go spowolni\u0107.<br \/>\nCz\u0119\u015b\u0107 ostatnia \u2013 Pi\u0119kno rodzi si\u0119 z harmonii \u2013 przedstawia dobre praktyki, kt\u00f3re pomog\u0105 Ci odnale\u017a\u0107 wewn\u0119trzn\u0105 r\u00f3wnowag\u0119. Ksi\u0105\u017cka jest polecana osobom zainteresowanym holistycznym podej\u015bciem do piel\u0119gnacji, poszukuj\u0105cym wiedzy na temat potrzeb sk\u00f3ry i sposob\u00f3w, w jaki mog\u0105 wp\u0142yn\u0105\u0107 na jej zdrowie i wygl\u0105d.<\/div>\n<div><\/div>\n<div>Pozycja dost\u0119pna po 13 stycznia 2025 r.<\/div>\n","protected":false},"excerpt":{"rendered":"<p>Autor: Agata Zejfer Wydawca:\u00a0PZWL Oprawa:\u00a0Twarda Format:\u00a016.5&#215;23.5cm Liczba stron:\u00a0260 Wydanie:\u00a01 Rok [&hellip;]<\/p>\n","protected":false},"featured_media":19631,"template":"","meta":[],"product_brand":[],"product_cat":[8138,7493,7530],"product_tag":[2861,4934],"class_list":{"0":"post-19630","1":"product","2":"type-product","3":"status-publish","4":"has-post-thumbnail","6":"product_cat-dermatologia","7":"product_cat-medycyna","8":"product_cat-nowosci","9":"product_tag-dermatologia","10":"product_tag-kosmetologia","12":"first","13":"instock","14":"sale","15":"shipping-taxable","16":"purchasable","17":"product-type-simple"},"_links":{"self":[{"href":"http:\/\/ksiegarnia-akademicka.pl\/index.php\/wp-json\/wp\/v2\/product\/19630","targetHints":{"allow":["GET"]}}],"collection":[{"href":"http:\/\/ksiegarnia-akademicka.pl\/index.php\/wp-json\/wp\/v2\/product"}],"about":[{"href":"http:\/\/ksiegarnia-akademicka.pl\/index.php\/wp-json\/wp\/v2\/types\/product"}],"wp:featuredmedia":[{"embeddable":true,"href":"http:\/\/ksiegarnia-akademicka.pl\/index.php\/wp-json\/wp\/v2\/media\/19631"}],"wp:attachment":[{"href":"http:\/\/ksiegarnia-akademicka.pl\/index.php\/wp-json\/wp\/v2\/media?parent=19630"}],"wp:term":[{"taxonomy":"product_brand","embeddable":true,"href":"http:\/\/ksiegarnia-akademicka.pl\/index.php\/wp-json\/wp\/v2\/product_brand?post=19630"},{"taxonomy":"product_cat","embeddable":true,"href":"http:\/\/ksiegarnia-akademicka.pl\/index.php\/wp-json\/wp\/v2\/product_cat?post=19630"},{"taxonomy":"product_tag","embeddable":true,"href":"http:\/\/ksiegarnia-akademicka.pl\/index.php\/wp-json\/wp\/v2\/product_tag?post=19630"}],"curies":[{"name":"wp","href":"https:\/\/api.w.org\/{rel}","templated":true}]}}