{"id":19588,"date":"2025-01-02T10:02:04","date_gmt":"2025-01-02T09:02:04","guid":{"rendered":"http:\/\/ksiegarnia-akademicka.pl\/?post_type=product&#038;p=19588"},"modified":"2025-01-02T10:02:04","modified_gmt":"2025-01-02T09:02:04","slug":"excel-365-i-2024-pl-kurs","status":"publish","type":"product","link":"http:\/\/ksiegarnia-akademicka.pl\/index.php\/product\/excel-365-i-2024-pl-kurs\/","title":{"rendered":"Excel 365 i 2024 PL. Kurs"},"content":{"rendered":"<div class=\"grupa osoby\"><span class=\"meta-head\">Autor:<\/span><\/p>\n<ul>\n<li class=\"meta-value\">Witold Wrotek<\/li>\n<\/ul>\n<\/div>\n<div class=\"grupa wydawca\"><span class=\"meta-head\">Wydawca:<\/span>\u00a0Helion<\/div>\n<div class=\"grupa dane\">\n<div>Oprawa:\u00a0<span class=\"meta-value-bold\">Mi\u0119kka<\/span><\/div>\n<div>Format:\u00a0<span class=\"meta-value-bold\">16.5&#215;23.5cm<\/span><\/div>\n<div>Liczba stron:\u00a0<span class=\"meta-value-bold\">352<\/span><\/div>\n<div>Rok wydania:\u00a0<span class=\"meta-value-bold\">2024<\/span><\/div>\n<div>J\u0119zyk wydania:\u00a0<span class=\"meta-value-bold\">polski<\/span><\/div>\n<\/div>\n<div><\/div>\n<div>Excel &#8211; Tw\u00f3j najlepszy osobisty pomocnik<\/p>\n<p>Nazwa Excel z pewno\u015bci\u0105 jest Ci znana. Mo\u017ce nawet potrafisz poda\u0107 jego &#8222;robocz\u0105&#8221; definicj\u0119: najpopularniejszy arkusz kalkulacyjny \u015bwiata. Zgadza si\u0119. Tylko co to w\u0142a\u015bciwie oznacza i do czego w praktyce s\u0142u\u017cy? W jaki spos\u00f3b mo\u017ce Ci si\u0119 przyda\u0107 w codziennym \u017cyciu i podczas wykonywania zada\u0144 zawodowych? Tego dowiesz si\u0119 z tej ksi\u0105\u017cki, przygotowanej w formie przyst\u0119pnego kursu.<\/p>\n<p>Podr\u0119cznik jest przeznaczony dla os\u00f3b, kt\u00f3re rozpoczynaj\u0105 przygod\u0119 z Excelem. Autor krok po kroku wprowadza w temat, obja\u015bniaj\u0105c mo\u017cliwo\u015bci arkuszy kalkulacyjnych i operacje, jakie mo\u017cna dzi\u0119ki nim wykona\u0107. Omawia te\u017c specjalne dodatki, kt\u00f3re zawiera Microsoft Excel w wersjach 365 i 2024 PL.<\/p>\n<p>Dzi\u0119ki lekturze i \u0107wiczeniom, kt\u00f3re wykonasz z t\u0105 ksi\u0105\u017ck\u0105, mi\u0119dzy innymi:<\/p>\n<p>Dowiesz si\u0119, w czym mo\u017ce Ci pom\u00f3c arkusz kalkulacyjny<br \/>\nStworzysz sw\u00f3j pierwszy arkusz i dokonasz w nim oblicze\u0144<br \/>\nPoznasz podstawowe i bardziej zaawansowane funkcje Excela<br \/>\nOpanujesz najbardziej przydatne komendy programu<br \/>\nPrzyjrzysz si\u0119 mo\u017cliwo\u015bciom microsoftowej sztucznej inteligencji<\/p><\/div>\n","protected":false},"excerpt":{"rendered":"<p>Autor: Witold Wrotek Wydawca:\u00a0Helion Oprawa:\u00a0Mi\u0119kka Format:\u00a016.5&#215;23.5cm Liczba stron:\u00a0352 Rok wydania:\u00a02024 [&hellip;]<\/p>\n","protected":false},"featured_media":19589,"template":"","meta":[],"product_brand":[],"product_cat":[36,7530],"product_tag":[8413,8412,103],"class_list":{"0":"post-19588","1":"product","2":"type-product","3":"status-publish","4":"has-post-thumbnail","6":"product_cat-informatyka","7":"product_cat-nowosci","8":"product_tag-excel-2024pl","9":"product_tag-excel-365","10":"product_tag-informatyka","12":"first","13":"instock","14":"sale","15":"shipping-taxable","16":"purchasable","17":"product-type-simple"},"_links":{"self":[{"href":"http:\/\/ksiegarnia-akademicka.pl\/index.php\/wp-json\/wp\/v2\/product\/19588","targetHints":{"allow":["GET"]}}],"collection":[{"href":"http:\/\/ksiegarnia-akademicka.pl\/index.php\/wp-json\/wp\/v2\/product"}],"about":[{"href":"http:\/\/ksiegarnia-akademicka.pl\/index.php\/wp-json\/wp\/v2\/types\/product"}],"wp:featuredmedia":[{"embeddable":true,"href":"http:\/\/ksiegarnia-akademicka.pl\/index.php\/wp-json\/wp\/v2\/media\/19589"}],"wp:attachment":[{"href":"http:\/\/ksiegarnia-akademicka.pl\/index.php\/wp-json\/wp\/v2\/media?parent=19588"}],"wp:term":[{"taxonomy":"product_brand","embeddable":true,"href":"http:\/\/ksiegarnia-akademicka.pl\/index.php\/wp-json\/wp\/v2\/product_brand?post=19588"},{"taxonomy":"product_cat","embeddable":true,"href":"http:\/\/ksiegarnia-akademicka.pl\/index.php\/wp-json\/wp\/v2\/product_cat?post=19588"},{"taxonomy":"product_tag","embeddable":true,"href":"http:\/\/ksiegarnia-akademicka.pl\/index.php\/wp-json\/wp\/v2\/product_tag?post=19588"}],"curies":[{"name":"wp","href":"https:\/\/api.w.org\/{rel}","templated":true}]}}