{"id":19583,"date":"2025-01-02T09:53:22","date_gmt":"2025-01-02T08:53:22","guid":{"rendered":"http:\/\/ksiegarnia-akademicka.pl\/?post_type=product&#038;p=19583"},"modified":"2025-01-02T09:53:22","modified_gmt":"2025-01-02T08:53:22","slug":"nowa-ustawa-o-dochodach-jednostek-samorzadu-terytorialnego-z-komentarzem-wprowadzajacym","status":"publish","type":"product","link":"http:\/\/ksiegarnia-akademicka.pl\/index.php\/product\/nowa-ustawa-o-dochodach-jednostek-samorzadu-terytorialnego-z-komentarzem-wprowadzajacym\/","title":{"rendered":"Nowa ustawa o dochodach jednostek samorz\u0105du terytorialnego z komentarzem wprowadzaj\u0105cym"},"content":{"rendered":"<div class=\"grupa osoby\"><span class=\"meta-head\">Autor:<\/span><\/p>\n<ul>\n<li class=\"meta-value\">Marcin Tyniewicki<\/li>\n<\/ul>\n<\/div>\n<div class=\"grupa wydawca\"><span class=\"meta-head\">Wydawca:<\/span>\u00a0ODDK<\/div>\n<div class=\"grupa dane\">\n<div>Oprawa:\u00a0<span class=\"meta-value-bold\">Mi\u0119kka<\/span><\/div>\n<div>Format:\u00a0<span class=\"meta-value-bold\">16.0&#215;23.0cm<\/span><\/div>\n<div>Liczba stron:\u00a0<span class=\"meta-value-bold\">116<\/span><\/div>\n<div>Rok wydania:\u00a0<span class=\"meta-value-bold\">2025<\/span><\/div>\n<div>J\u0119zyk wydania:\u00a0<span class=\"meta-value-bold\">polski<\/span><\/div>\n<\/div>\n<div><\/div>\n<div>Nowa ustawa z dnia 1 pa\u017adziernika 2024 r. o dochodach jednostek samorz\u0105du terytorialnego (Dz.U. poz. 1575) wprowadzi\u0142a istotne zmiany w systemie finansowania i podzia\u0142\u00f3w dochod\u00f3w bud\u017cet\u00f3w samorz\u0105dowych.<\/p>\n<p>Publikacja zawiera om\u00f3wienie nowych przepis\u00f3w oraz tekst ustawy. W komentarzu wprowadzaj\u0105cym autor przedstawi\u0142:<\/p>\n<p>&#8211; kluczowe rozwi\u0105zania w systemie finansowania samorz\u0105du terytorialnego wynikaj\u0105ce z nowej ustawy o dochodach jednostek samorz\u0105du terytorialnego, z jednoczesnym odwo\u0142aniem do poprzednio obowi\u0105zuj\u0105cych rozwi\u0105za\u0144;<br \/>\n&#8211; metody podzia\u0142u \u015brodk\u00f3w finansowych przekazywanych samorz\u0105dom z bud\u017cetu pa\u0144stwa, w tym konstrukcj\u0119 i spos\u00f3b kalkulacji subwencji og\u00f3lnej uwarunkowanej tzw. potrzebami finansowymi jednostek samorz\u0105du terytorialnego;<br \/>\n&#8211; nowe podej\u015bcie do mechanizmu wyr\u00f3wnawczo-solidarno\u015bciowego (obecnie zdefiniowanego jako korekta z tytu\u0142u zamo\u017cno\u015bci), kt\u00f3ry w poprzednim stanie prawnym polega\u0142 na wp\u0142atach \u015brodk\u00f3w przez bardziej zamo\u017cne jednostki na cz\u0119\u015b\u0107 r\u00f3wnowa\u017c\u0105c\u0105 (regionaln\u0105) subwencji og\u00f3lnej i nast\u0119pnie ich przekazywaniu jednostkom biedniejszym (tzw. janosikowe).<\/p>\n<p>Publikacja polecana skarbnikom, g\u0142\u00f3wnym ksi\u0119gowym oraz innym pracownikom s\u0142u\u017cb finansowo-ksi\u0119gowych jednostek samorz\u0105du terytorialnego.<\/p><\/div>\n","protected":false},"excerpt":{"rendered":"<p>Autor: Marcin Tyniewicki Wydawca:\u00a0ODDK Oprawa:\u00a0Mi\u0119kka Format:\u00a016.0&#215;23.0cm Liczba stron:\u00a0116 Rok wydania:\u00a02025 [&hellip;]<\/p>\n","protected":false},"featured_media":19584,"template":"","meta":[],"product_brand":[],"product_cat":[7492,7530,18,7494],"product_tag":[487,486],"class_list":{"0":"post-19583","1":"product","2":"type-product","3":"status-publish","4":"has-post-thumbnail","6":"product_cat-administracyjne","7":"product_cat-nowosci","8":"product_cat-prawo","9":"product_cat-samorzad-terytorialny","10":"product_tag-komentarze","11":"product_tag-samorzad-terytorialny","13":"first","14":"instock","15":"sale","16":"shipping-taxable","17":"purchasable","18":"product-type-simple"},"_links":{"self":[{"href":"http:\/\/ksiegarnia-akademicka.pl\/index.php\/wp-json\/wp\/v2\/product\/19583","targetHints":{"allow":["GET"]}}],"collection":[{"href":"http:\/\/ksiegarnia-akademicka.pl\/index.php\/wp-json\/wp\/v2\/product"}],"about":[{"href":"http:\/\/ksiegarnia-akademicka.pl\/index.php\/wp-json\/wp\/v2\/types\/product"}],"wp:featuredmedia":[{"embeddable":true,"href":"http:\/\/ksiegarnia-akademicka.pl\/index.php\/wp-json\/wp\/v2\/media\/19584"}],"wp:attachment":[{"href":"http:\/\/ksiegarnia-akademicka.pl\/index.php\/wp-json\/wp\/v2\/media?parent=19583"}],"wp:term":[{"taxonomy":"product_brand","embeddable":true,"href":"http:\/\/ksiegarnia-akademicka.pl\/index.php\/wp-json\/wp\/v2\/product_brand?post=19583"},{"taxonomy":"product_cat","embeddable":true,"href":"http:\/\/ksiegarnia-akademicka.pl\/index.php\/wp-json\/wp\/v2\/product_cat?post=19583"},{"taxonomy":"product_tag","embeddable":true,"href":"http:\/\/ksiegarnia-akademicka.pl\/index.php\/wp-json\/wp\/v2\/product_tag?post=19583"}],"curies":[{"name":"wp","href":"https:\/\/api.w.org\/{rel}","templated":true}]}}