{"id":19582,"date":"2025-01-02T09:50:54","date_gmt":"2025-01-02T08:50:54","guid":{"rendered":"http:\/\/ksiegarnia-akademicka.pl\/?post_type=product&#038;p=19582"},"modified":"2025-01-02T11:29:55","modified_gmt":"2025-01-02T10:29:55","slug":"komentarz-do-planu-kont-dla-jednostek-budzetowych-i-samorzadowych-zakladow-budzetowych-oraz-dla-budzetow-jednostek-samorzadu-terytorialnego","status":"publish","type":"product","link":"http:\/\/ksiegarnia-akademicka.pl\/index.php\/product\/komentarz-do-planu-kont-dla-jednostek-budzetowych-i-samorzadowych-zakladow-budzetowych-oraz-dla-budzetow-jednostek-samorzadu-terytorialnego\/","title":{"rendered":"Komentarz do planu kont dla jednostek bud\u017cetowych i samorz\u0105dowych zak\u0142ad\u00f3w bud\u017cetowych oraz dla bud\u017cet\u00f3w jednostek samorz\u0105du terytorialnego"},"content":{"rendered":"<div class=\"grupa osoby\">\n<p><span class=\"meta-head\">Autor:<\/span><\/p>\n<ul>\n<li class=\"meta-value\">Maria Augustowska<\/li>\n<li class=\"meta-value\">Wojciech Rup<\/li>\n<\/ul>\n<\/div>\n<div class=\"grupa wydawca\"><span class=\"meta-head\">Wydawca:<\/span>\u00a0ODDK<\/div>\n<div class=\"grupa dane\">\n<div>Oprawa:\u00a0<span class=\"meta-value-bold\">Mi\u0119kka<\/span><\/div>\n<div>Format:\u00a0<span class=\"meta-value-bold\">15.0&#215;21.0cm<\/span><\/div>\n<div>Liczba stron:\u00a0<span class=\"meta-value-bold\">652<\/span><\/div>\n<div>Rok wydania:\u00a0<span class=\"meta-value-bold\">2025<\/span><\/div>\n<div>J\u0119zyk wydania:\u00a0<span class=\"meta-value-bold\">polski<\/span><\/div>\n<\/div>\n<div><\/div>\n<div>Wnikliwy komentarz opracowany z uwzgl\u0119dnieniem podstawowych dla rachunkowo\u015bci bud\u017cetowej ustaw i rozporz\u0105dze\u0144, w tym m.in.:<br \/>\n&#8211; ustawy z dnia 27 sierpnia 2009 r. o finansach publicznych (tj. Dz.U. z 2024 r., poz. 1530 z p\u00f3\u017an. zm.);<br \/>\n&#8211; rozporz\u0105dzenia Ministra Rozwoju i Finans\u00f3w z 13 wrze\u015bnia 2017 r. w sprawie rachunkowo\u015bci oraz plan\u00f3w kont dla bud\u017cetu pa\u0144stwa, bud\u017cet\u00f3w jednostek samorz\u0105du terytorialnego, jednostek bud\u017cetowych, samorz\u0105dowych zak\u0142ad\u00f3w bud\u017cetowych, pa\u0144stwowych funduszy celowych oraz pa\u0144stwowych jednostek bud\u017cetowych maj\u0105cych siedzib\u0119 poza granicami Rzeczypospolitej Polskiej (t.j. Dz.U. z 2020 r. poz. 342).<br \/>\nPublikacja sk\u0142ada si\u0119 z dw\u00f3ch cz\u0119\u015bci:<br \/>\n&#8211; komentarza do planu kont dla jednostek bud\u017cetowych i samorz\u0105dowych zak\u0142ad\u00f3w bud\u017cetowych,<br \/>\n&#8211; komentarza do planu kont dla bud\u017cet\u00f3w jednostek samorz\u0105du terytorialnego.<br \/>\nOpracowanie zawiera:<br \/>\n&#8211; rozwini\u0119ty komentarz do poszczeg\u00f3lnych kont wraz ze wskazaniem zasad wyceny sk\u0142adnik\u00f3w maj\u0105tkowych, okresu i sposobu inwentaryzacji, formy i zakresu ewidencji szczeg\u00f3\u0142owej,<br \/>\n&#8211; wykaz typowych operacji gospodarczych ewidencjonowanych na stronie Wn i Ma poszczeg\u00f3lnych kont bilansowych z jednoczesnym wskazaniem kont przeciwstawnych.<br \/>\nZmiany uwzgl\u0119dnione w najnowszym, XXIV wydaniu \u201eKomentarza\u2026\u201d:<br \/>\n1. Om\u00f3wiono aspekty rachunkowe zwi\u0105zane z nowymi zadaniami wprowadzonym w ostatnim czasie do gospodarki finansowej, w tym:<br \/>\n&#8211; pracownicze plany kapita\u0142owe,<br \/>\n&#8211; praca zdalna \u2013 aspekty ksi\u0119gowe nowych \u015bwiadcze\u0144 dla pracownik\u00f3w,<br \/>\n&#8211; skutki finansowe zdarze\u0144 nadzwyczajnych (w tym powodzi), m.in. inwentaryzacja strat w maj\u0105tku,<br \/>\n&#8211; nowa ustawa o dochodach jednostek samorz\u0105du terytorialnego \u2013 jej wp\u0142yw na finanse jednostek,<br \/>\n&#8211; rozrachunki z PFRON w zakresie dofinasowania pracodawcy, kt\u00f3rymi s\u0105 jednostki bud\u017cetowe i samorz\u0105dowe zak\u0142ady bud\u017cetowe, koszt\u00f3w zatrudnienia os\u00f3b niepe\u0142nosprawnych,<br \/>\n&#8211; ewidencja wewn\u0105trzwsp\u00f3lnotowego nabycia towar\u00f3w oraz ewidencja towar\u00f3w i materia\u0142\u00f3w w imporcie,<br \/>\n&#8211; inne aktualne zagadnienia.<br \/>\n2. Leksykon najistotniejszych poj\u0119\u0107 rachunkowo\u015bci bud\u017cetowej i powi\u0105zanych z ni\u0105 niekt\u00f3rych kategorii prawa finansowego \u2013 jako uzupe\u0142nienie g\u0142\u00f3wnych tre\u015bci Komentarza leksykon u\u0142atwi Czytelnikowi zrozumienie z\u0142o\u017conych i nieunormowanych do ko\u0144ca zasad ewidencji niekt\u00f3rych zagadnie\u0144 rachunkowo\u015bci bud\u017cetowej i jej organizacji w jednostce. W tym wydaniu leksykon przedstawiony jest w wersji rozszerzonej o nowe poj\u0119cia, m.in. zobowi\u0105zania, kredyty bankowe i po\u017cyczki.Stan prawny \u2013 1 stycznia 2025 r.<\/p>\n<\/div>\n","protected":false},"excerpt":{"rendered":"<p>Autor: Maria Augustowska Wojciech Rup Wydawca:\u00a0ODDK Oprawa:\u00a0Mi\u0119kka Format:\u00a015.0&#215;21.0cm Liczba stron:\u00a0652 [&hellip;]<\/p>\n","protected":false},"featured_media":19634,"template":"","meta":[],"product_brand":[],"product_cat":[7530,23,7494],"product_tag":[487,3392,1496],"class_list":{"0":"post-19582","1":"product","2":"type-product","3":"status-publish","4":"has-post-thumbnail","6":"product_cat-nowosci","7":"product_cat-rachunkowosc","8":"product_cat-samorzad-terytorialny","9":"product_tag-komentarze","10":"product_tag-plan-kont","11":"product_tag-rachunkowosc","13":"first","14":"instock","15":"sale","16":"shipping-taxable","17":"purchasable","18":"product-type-simple"},"_links":{"self":[{"href":"http:\/\/ksiegarnia-akademicka.pl\/index.php\/wp-json\/wp\/v2\/product\/19582","targetHints":{"allow":["GET"]}}],"collection":[{"href":"http:\/\/ksiegarnia-akademicka.pl\/index.php\/wp-json\/wp\/v2\/product"}],"about":[{"href":"http:\/\/ksiegarnia-akademicka.pl\/index.php\/wp-json\/wp\/v2\/types\/product"}],"wp:featuredmedia":[{"embeddable":true,"href":"http:\/\/ksiegarnia-akademicka.pl\/index.php\/wp-json\/wp\/v2\/media\/19634"}],"wp:attachment":[{"href":"http:\/\/ksiegarnia-akademicka.pl\/index.php\/wp-json\/wp\/v2\/media?parent=19582"}],"wp:term":[{"taxonomy":"product_brand","embeddable":true,"href":"http:\/\/ksiegarnia-akademicka.pl\/index.php\/wp-json\/wp\/v2\/product_brand?post=19582"},{"taxonomy":"product_cat","embeddable":true,"href":"http:\/\/ksiegarnia-akademicka.pl\/index.php\/wp-json\/wp\/v2\/product_cat?post=19582"},{"taxonomy":"product_tag","embeddable":true,"href":"http:\/\/ksiegarnia-akademicka.pl\/index.php\/wp-json\/wp\/v2\/product_tag?post=19582"}],"curies":[{"name":"wp","href":"https:\/\/api.w.org\/{rel}","templated":true}]}}