{"id":19580,"date":"2025-01-02T09:47:39","date_gmt":"2025-01-02T08:47:39","guid":{"rendered":"http:\/\/ksiegarnia-akademicka.pl\/?post_type=product&#038;p=19580"},"modified":"2025-02-12T13:57:46","modified_gmt":"2025-02-12T12:57:46","slug":"prawo-cywilne-czesc-ogolna-z-testami-online","status":"publish","type":"product","link":"http:\/\/ksiegarnia-akademicka.pl\/index.php\/product\/prawo-cywilne-czesc-ogolna-z-testami-online\/","title":{"rendered":"Prawo cywilne &#8211; cz\u0119\u015b\u0107 og\u00f3lna z testami online"},"content":{"rendered":"<div class=\"grupa osoby\"><span class=\"meta-head\">Autor: <\/span>Hanna Witczak, Agnieszka Kawa\u0142ko<\/div>\n<div class=\"grupa osoby\">\n<p><span class=\"meta-head\">Wydawca:<\/span> C.H. Beck<\/p>\n<p>Seria Skrypty Becka<\/p>\n<\/div>\n<div class=\"grupa dane\">\n<div>Oprawa:\u00a0<span class=\"meta-value-bold\">Mi\u0119kka<\/span><\/div>\n<div>Format:\u00a0<span class=\"meta-value-bold\">16.5&#215;23.8cm<\/span><\/div>\n<div>Liczba stron:\u00a0<span class=\"meta-value-bold\">300<\/span><\/div>\n<div>Wydanie:\u00a0<span class=\"meta-value-bold\">8<\/span><\/div>\n<div>Rok wydania:\u00a0<span class=\"meta-value-bold\">2024<\/span><\/div>\n<div>J\u0119zyk wydania:\u00a0<span class=\"meta-value-bold\">polski<\/span><\/div>\n<\/div>\n<div><\/div>\n<div>W skrypcie &#8222;Prawo cywilne &#8211; cz\u0119\u015b\u0107 og\u00f3lna&#8221; opisano zagadnienia, kt\u00f3re znajduj\u0105 si\u0119 w Ksi\u0119dze pierwszej Kodeksu cywilnego, dotycz\u0105ce m.in:<\/p>\n<p>os\u00f3b fizycznych i prawnych,<br \/>\nprzedstawicielstwa,<br \/>\nczynno\u015bci prawnych,<br \/>\nprzedawnienia.<br \/>\nW celu przyswojenia i sprawdzenia wiadomo\u015bci w ksi\u0105\u017cce umieszczono r\u00f3wnie\u017c zbi\u00f3r kazus\u00f3w do poszczeg\u00f3lnych instytucji prawa cywilnego, opartych na orzecznictwie S\u0105du Najwy\u017cszego.<\/p>\n<p>W wydaniu \u00f3smym uwzgl\u0119dniono dokonane w ostatnim czasie nowelizacje przepis\u00f3w prawa cywilnego oraz uaktualniono orzecznictwo.<\/p>\n<p>Stan prawny: pa\u017adziernik 2024 r.<\/p><\/div>\n","protected":false},"excerpt":{"rendered":"<p>Autor: Hanna Witczak, Agnieszka Kawa\u0142ko Wydawca: C.H. Beck Seria Skrypty [&hellip;]<\/p>\n","protected":false},"featured_media":19581,"template":"","meta":[],"product_brand":[],"product_cat":[7491,7530,18],"product_tag":[615,691],"class_list":{"0":"post-19580","1":"product","2":"type-product","3":"status-publish","4":"has-post-thumbnail","6":"product_cat-cywilne","7":"product_cat-nowosci","8":"product_cat-prawo","9":"product_tag-prawo-cywilne","10":"product_tag-seria-skrypty-becka","12":"first","13":"instock","14":"sale","15":"shipping-taxable","16":"purchasable","17":"product-type-simple"},"_links":{"self":[{"href":"http:\/\/ksiegarnia-akademicka.pl\/index.php\/wp-json\/wp\/v2\/product\/19580","targetHints":{"allow":["GET"]}}],"collection":[{"href":"http:\/\/ksiegarnia-akademicka.pl\/index.php\/wp-json\/wp\/v2\/product"}],"about":[{"href":"http:\/\/ksiegarnia-akademicka.pl\/index.php\/wp-json\/wp\/v2\/types\/product"}],"wp:featuredmedia":[{"embeddable":true,"href":"http:\/\/ksiegarnia-akademicka.pl\/index.php\/wp-json\/wp\/v2\/media\/19581"}],"wp:attachment":[{"href":"http:\/\/ksiegarnia-akademicka.pl\/index.php\/wp-json\/wp\/v2\/media?parent=19580"}],"wp:term":[{"taxonomy":"product_brand","embeddable":true,"href":"http:\/\/ksiegarnia-akademicka.pl\/index.php\/wp-json\/wp\/v2\/product_brand?post=19580"},{"taxonomy":"product_cat","embeddable":true,"href":"http:\/\/ksiegarnia-akademicka.pl\/index.php\/wp-json\/wp\/v2\/product_cat?post=19580"},{"taxonomy":"product_tag","embeddable":true,"href":"http:\/\/ksiegarnia-akademicka.pl\/index.php\/wp-json\/wp\/v2\/product_tag?post=19580"}],"curies":[{"name":"wp","href":"https:\/\/api.w.org\/{rel}","templated":true}]}}