{"id":1927,"date":"2018-05-22T12:44:43","date_gmt":"2018-05-22T10:44:43","guid":{"rendered":"http:\/\/ksiegarnia-akademicka.pl\/index.php\/product\/zarzadzanie-wspolczesnym-przedsiebiorstwem-w-przemysle-lekkim-na-przykladzie-garbarni\/"},"modified":"2021-01-21T09:29:28","modified_gmt":"2021-01-21T08:29:28","slug":"zarzadzanie-wspolczesnym-przedsiebiorstwem-w-przemysle-lekkim-na-przykladzie-garbarni","status":"publish","type":"product","link":"http:\/\/ksiegarnia-akademicka.pl\/index.php\/product\/zarzadzanie-wspolczesnym-przedsiebiorstwem-w-przemysle-lekkim-na-przykladzie-garbarni\/","title":{"rendered":"Zarz\u0105dzanie wsp\u00f3\u0142czesnym przedsi\u0119biorstwem w przemy\u015ble lekkim na przyk\u0142adzie garbarni."},"content":{"rendered":"<p>Krzysztof \u015amiechowski<br \/>\nWojciech Werpachowski<br \/>\nJan \u017bar\u0142ok<br \/>\nWydawnictwo UTH<br \/>\nSeria: Monografie<br \/>\nIlo\u015b\u0107 stron: 349<br \/>\nRok wydania: 2009<\/p>\n<p>Rozw\u00f3j teorii zarz\u0105dzania organizacjami<br \/>\nNauka o organizacji i zarz\u0105dzaniu &#8211; rys historyczny<br \/>\nZarz\u0105dzanie przez wiedz\u0119 we wsp\u00f3\u0142czesnych organizacjach<br \/>\nCharakterystyka zak\u0142adu produkcyjnego na przyk\u0142adzie garbarni<br \/>\nProces produkcji sk\u00f3r<br \/>\nWsp\u00f3\u0142czesne podej\u015bcie i aktualne problemy zwi\u0105zane z zarz\u0105dzaniem organizacj\u0105<br \/>\nWp\u0142yw jako\u015bci wyrob\u00f3w i us\u0142ug na ekonomiczne zarz\u0105dzanie organizacj\u0105<br \/>\nFilozofia Total Quality Management Strategy (TQM)<br \/>\nBadanie procesu produkcyjnego<br \/>\nJako\u015b\u0107 eksploatacyjna wyrob\u00f3w<br \/>\nEkonomiczne aspekty realizacji cel\u00f3w strategicznych w organizacji<br \/>\nUproszczony projekt przyk\u0142adowy<br \/>\nPodsumowanie<\/p>\n","protected":false},"excerpt":{"rendered":"<p>Krzysztof \u015amiechowski Wojciech Werpachowski Jan \u017bar\u0142ok Wydawnictwo UTH Seria: Monografie [&hellip;]<\/p>\n","protected":false},"featured_media":13772,"template":"","meta":[],"product_brand":[],"product_cat":[7528,43],"product_tag":[79,153,1729,541,100],"class_list":{"0":"post-1927","1":"product","2":"type-product","3":"status-publish","4":"has-post-thumbnail","6":"product_cat-technologie-chemiczne","7":"product_cat-wydawnictwo-uth","8":"product_tag-skrypty-uth","9":"product_tag-technologie-chemiczne","10":"product_tag-tqm","11":"product_tag-zarzadzanie","12":"product_tag-zarzadzanie-jakoscia","14":"first","15":"instock","16":"shipping-taxable","17":"purchasable","18":"product-type-simple"},"_links":{"self":[{"href":"http:\/\/ksiegarnia-akademicka.pl\/index.php\/wp-json\/wp\/v2\/product\/1927","targetHints":{"allow":["GET"]}}],"collection":[{"href":"http:\/\/ksiegarnia-akademicka.pl\/index.php\/wp-json\/wp\/v2\/product"}],"about":[{"href":"http:\/\/ksiegarnia-akademicka.pl\/index.php\/wp-json\/wp\/v2\/types\/product"}],"wp:featuredmedia":[{"embeddable":true,"href":"http:\/\/ksiegarnia-akademicka.pl\/index.php\/wp-json\/wp\/v2\/media\/13772"}],"wp:attachment":[{"href":"http:\/\/ksiegarnia-akademicka.pl\/index.php\/wp-json\/wp\/v2\/media?parent=1927"}],"wp:term":[{"taxonomy":"product_brand","embeddable":true,"href":"http:\/\/ksiegarnia-akademicka.pl\/index.php\/wp-json\/wp\/v2\/product_brand?post=1927"},{"taxonomy":"product_cat","embeddable":true,"href":"http:\/\/ksiegarnia-akademicka.pl\/index.php\/wp-json\/wp\/v2\/product_cat?post=1927"},{"taxonomy":"product_tag","embeddable":true,"href":"http:\/\/ksiegarnia-akademicka.pl\/index.php\/wp-json\/wp\/v2\/product_tag?post=1927"}],"curies":[{"name":"wp","href":"https:\/\/api.w.org\/{rel}","templated":true}]}}