{"id":19100,"date":"2024-12-18T12:25:54","date_gmt":"2024-12-18T11:25:54","guid":{"rendered":"http:\/\/ksiegarnia-akademicka.pl\/?post_type=product&#038;p=19100"},"modified":"2024-12-18T12:25:54","modified_gmt":"2024-12-18T11:25:54","slug":"benjamin-franklin-i-ja-w-poszukiwaniu-recepty-na-dlugie-i-uzyteczne-zycie","status":"publish","type":"product","link":"http:\/\/ksiegarnia-akademicka.pl\/index.php\/product\/benjamin-franklin-i-ja-w-poszukiwaniu-recepty-na-dlugie-i-uzyteczne-zycie\/","title":{"rendered":"Benjamin Franklin i ja. W poszukiwaniu recepty na d\u0142ugie i u\u017cyteczne \u017cycie"},"content":{"rendered":"<div class=\"grupa osoby\"><span class=\"meta-head\">Autor:\u00a0 Eric\u00a0 Weiner<\/span><\/div>\n<div class=\"grupa osoby\"><span class=\"meta-head-blue\">T\u0142umacze:<\/span>\u00a0<span class=\"meta-value\">Kabat Jan<\/span><\/div>\n<div class=\"grupa wydawca\"><span class=\"meta-head\">Wydawca:<\/span> Wydawnictwo Naukowe PWN<\/div>\n<div class=\"grupa dane\">\n<div>Oprawa:\u00a0<span class=\"meta-value-bold\">Mi\u0119kka<\/span><\/div>\n<div>Format:\u00a0<span class=\"meta-value-bold\">14.8&#215;21.0cm<\/span><\/div>\n<div>Liczba stron:\u00a0<span class=\"meta-value-bold\">400<\/span><\/div>\n<div>Wydanie:\u00a0<span class=\"meta-value-bold\">1<\/span><\/div>\n<div>Rok wydania:\u00a0<span class=\"meta-value-bold\">2024<\/span><\/div>\n<div>J\u0119zyk wydania:\u00a0<span class=\"meta-value-bold\">polski<\/span><\/div>\n<\/div>\n<div><\/div>\n<div>W \u015blad za Benjaminem Franklinem Jeden z dw\u00f3ch nieprezydent\u00f3w widniej\u0105cych na banknotach. Naukowiec, wynalazca, podr\u00f3\u017cnik, filantrop i spo\u0142ecznik. A tak\u017ce influencer, najprawdopodobniej pierwszy w historii. Eric Weiner, dziennikarz, pisarz i podr\u00f3\u017cnik, zainspirowany niezwyk\u0142ym \u017cyciem jednego z ojc\u00f3w za\u0142o\u017cycieli, wyrusza w podr\u00f3\u017c jego \u015bladami. Stawia sobie wyj\u0105tkowo ambitny cel: \u017cy\u0107 tak, jak \u017cy\u0142 Benjamin Franklin. Pod\u0105\u017caj\u0105c za Franklinem z Filadelfii do Pary\u017ca, z Bostonu do Londynu, zg\u0142\u0119bia lekcje, kt\u00f3rych udziela mu \u201eBen\u201d, a nast\u0119pnie przekuwa jego idee w praktyczn\u0105 i ugruntowan\u0105 m\u0105dro\u015b\u0107 dla nas wszystkich. Benjamin Franklin i ja. W poszukiwaniu recepty na d\u0142ugie i u\u017cyteczne \u017cycieto biografia, dziennik podr\u00f3\u017cy i osobista recepta na szcz\u0119\u015bcie w jednym . To ksi\u0105\u017cka o ciekawo\u015bci, pracowito\u015bci, a przede wszystkim o ulotnym celu, jakim jest samodoskonalenie. To tak\u017ce niezwykle wci\u0105gaj\u0105ca, inteligentna i pouczaj\u0105ca opowie\u015b\u0107, kt\u00f3ra pokazuje, jak wiele mo\u017cemy nauczy\u0107 si\u0119, czerpi\u0105c z przesz\u0142o\u015bci.<\/div>\n","protected":false},"excerpt":{"rendered":"<p>Autor:\u00a0 Eric\u00a0 Weiner T\u0142umacze:\u00a0Kabat Jan Wydawca: Wydawnictwo Naukowe PWN Oprawa:\u00a0Mi\u0119kka [&hellip;]<\/p>\n","protected":false},"featured_media":19101,"template":"","meta":[],"product_brand":[],"product_cat":[38,7530],"product_tag":[8404,8262,4544],"class_list":{"0":"post-19100","1":"product","2":"type-product","3":"status-publish","4":"has-post-thumbnail","6":"product_cat-historia","7":"product_cat-nowosci","8":"product_tag-benjamin-franklin","9":"product_tag-biografia","10":"product_tag-historia-stanow-zjednoczonych","12":"first","13":"instock","14":"sale","15":"shipping-taxable","16":"purchasable","17":"product-type-simple"},"_links":{"self":[{"href":"http:\/\/ksiegarnia-akademicka.pl\/index.php\/wp-json\/wp\/v2\/product\/19100","targetHints":{"allow":["GET"]}}],"collection":[{"href":"http:\/\/ksiegarnia-akademicka.pl\/index.php\/wp-json\/wp\/v2\/product"}],"about":[{"href":"http:\/\/ksiegarnia-akademicka.pl\/index.php\/wp-json\/wp\/v2\/types\/product"}],"wp:featuredmedia":[{"embeddable":true,"href":"http:\/\/ksiegarnia-akademicka.pl\/index.php\/wp-json\/wp\/v2\/media\/19101"}],"wp:attachment":[{"href":"http:\/\/ksiegarnia-akademicka.pl\/index.php\/wp-json\/wp\/v2\/media?parent=19100"}],"wp:term":[{"taxonomy":"product_brand","embeddable":true,"href":"http:\/\/ksiegarnia-akademicka.pl\/index.php\/wp-json\/wp\/v2\/product_brand?post=19100"},{"taxonomy":"product_cat","embeddable":true,"href":"http:\/\/ksiegarnia-akademicka.pl\/index.php\/wp-json\/wp\/v2\/product_cat?post=19100"},{"taxonomy":"product_tag","embeddable":true,"href":"http:\/\/ksiegarnia-akademicka.pl\/index.php\/wp-json\/wp\/v2\/product_tag?post=19100"}],"curies":[{"name":"wp","href":"https:\/\/api.w.org\/{rel}","templated":true}]}}