{"id":19094,"date":"2024-12-18T08:46:31","date_gmt":"2024-12-18T07:46:31","guid":{"rendered":"http:\/\/ksiegarnia-akademicka.pl\/?post_type=product&#038;p=19094"},"modified":"2024-12-18T08:46:31","modified_gmt":"2024-12-18T07:46:31","slug":"narcyzm-grupowy-kultura-narcyzmu-nacjonalizm-agresja","status":"publish","type":"product","link":"http:\/\/ksiegarnia-akademicka.pl\/index.php\/product\/narcyzm-grupowy-kultura-narcyzmu-nacjonalizm-agresja\/","title":{"rendered":"Narcyzm grupowy Kultura narcyzmu \u2013 nacjonalizm \u2013 agresja"},"content":{"rendered":"<div class=\"grupa osoby\"><span class=\"meta-head\">Autor:\u00a0 Agnieszka Golec-de-Zavala<\/span>&nbsp;<\/p>\n<\/div>\n<div class=\"grupa osoby\"><span class=\"meta-head-blue\">T\u0142umacze:<\/span>\u00a0<span class=\"meta-value\">Tuz Adam<\/span><\/div>\n<div class=\"grupa wydawca\"><span class=\"meta-head\">Wydawca:<\/span> Smak S\u0142owa<\/div>\n<div class=\"grupa dane\">\n<div>Oprawa:\u00a0<span class=\"meta-value-bold\">Mi\u0119kka ze skrzyde\u0142kami<\/span><\/div>\n<div>Format:\u00a0<span class=\"meta-value-bold\">16.5&#215;23.8cm<\/span><\/div>\n<div>Liczba stron:\u00a0<span class=\"meta-value-bold\">296<\/span><\/div>\n<div>Wydanie:\u00a0<span class=\"meta-value-bold\">1<\/span><\/div>\n<div>Rok wydania:\u00a0<span class=\"meta-value-bold\">2024<\/span><\/div>\n<div>J\u0119zyk wydania:\u00a0<span class=\"meta-value-bold\">polski<\/span><\/div>\n<\/div>\n<div><\/div>\n<div>Narcyzm grupowy to praca prze\u0142omowa, przedstawiaj\u0105ca now\u0105 teori\u0119 narcyzmu grupowego, czyli pogl\u0105du, zgodnie z kt\u00f3rym grupa w\u0142asna jest wyj\u0105tkowa, lecz jej znaczenie nie jest w wystarczaj\u0105cym stopniu doceniane przez innych. Autorka ksi\u0105\u017cki prezentuje to poj\u0119cie na tle teorii to\u017csamo\u015bci spo\u0142ecznej, uwzgl\u0119dniaj\u0105c wyniki zwi\u0105zanych z t\u0105 teori\u0105 bada\u0144. Analizuje dorobek poprzednik\u00f3w, a tak\u017ce spo\u0142eczne i polityczne konsekwencje narcyzmu grupowego. Omawia spos\u00f3b, w jaki kie\u0142kuj\u0105ca dopiero teoria tego zjawiska i prowadzone nad ni\u0105 badania mog\u0105 pom\u00f3c w wyja\u015bnieniu dynamiki zmian psychologicznych dotycz\u0105cych pal\u0105cych kwestii spo\u0142ecznych, takich jak zmniejszaj\u0105ca si\u0119 atrakcyjno\u015b\u0107 demokracji, narastaj\u0105cy populizm, s\u0142abn\u0105ca solidarno\u015b\u0107 spo\u0142eczna, rosn\u0105cy poziom polaryzacji spo\u0142ecznej i uprzedze\u0144, nasilanie si\u0119 wrogo\u015bci mi\u0119dzygrupowej i przemocy politycznej, nier\u00f3wno\u015bci spo\u0142eczne, fa\u0142szywe wiadomo\u015bci i wiara w teorie spiskowe. W tej niezwykle aktualnej pracy autorka odnosi si\u0119 do problem\u00f3w spo\u0142ecznych, zaostrzonych przez pandemi\u0119 COVID-19, i zg\u0142\u0119bia rozpowszechnione w spo\u0142ecze\u0144stwie pogl\u0105dy, widz\u0105c w nich czynniki ryzyka zapowiadaj\u0105ce reakcje na kryzysy.<br \/>\nUkazuje r\u00f3wnie\u017c, jakie warunki sprzyjaj\u0105 rozwojowi narcyzmu grupowego. Skupiaj\u0105c si\u0119 na swoich najnowszych badaniach nad treningiem uwa\u017cno\u015bci, dokonuje przegl\u0105du interwencji os\u0142abiaj\u0105cych zwi\u0105zek mi\u0119dzy narcyzmem grupowym, uprzedzeniami i odwetow\u0105 wrogo\u015bci\u0105 mi\u0119dzygrupow\u0105. Ksi\u0105\u017cka jest cenn\u0105 lektur\u0105 dla naukowc\u00f3w, student\u00f3w psychologii i socjologii, os\u00f3b interesuj\u0105cych si\u0119 procesami spo\u0142ecznymi, a tak\u017ce zawodowo zajmuj\u0105cych si\u0119 wp\u0142ywem narcyzmu grupowego.<br \/>\nAgnieszka Golec de Zavala, profesorka psychologii, pracuje na Wydziale Psychologii w Goldsmiths, University of London w Wielkiej Brytanii, znacz\u0105co przyczyni\u0142a si\u0119 do rozwoju wiedzy w kilku r\u00f3\u017cnych dziedzinach bada\u0144, mi\u0119dzy innymi nad psychologicznymi predyktorami konserwatyzmu politycznego, rol\u0105 motywowanego poznania w konflikcie mi\u0119dzygrupowym, to\u017csamo\u015bci\u0105 spo\u0142eczn\u0105, narcyzmem, narcyzmem grupowym i uwa\u017cno\u015bci\u0105. Badaczka anga\u017cuje si\u0119 w wykorzystywanie psychologii do rozwi\u0105zywania problem\u00f3w spo\u0142ecznych, takich jak nier\u00f3wno\u015bci spo\u0142eczne i uprzedzenia. Jest beneficjentk\u0105 kilku presti\u017cowych stypendi\u00f3w naukowych, w tym Fulbright Scholarship i Marie Sklodowska-Curie Scholarships. Cz\u0119sto pracuje jako niezale\u017cna ekspertka przy ocenie propozycji przedk\u0142adanych Research Executive Agency (REA) przy Komisji Europejskiej.<\/div>\n","protected":false},"excerpt":{"rendered":"<p>Autor:\u00a0 Agnieszka Golec-de-Zavala&nbsp; T\u0142umacze:\u00a0Tuz Adam Wydawca: Smak S\u0142owa Oprawa:\u00a0Mi\u0119kka ze [&hellip;]<\/p>\n","protected":false},"featured_media":19095,"template":"","meta":[],"product_brand":[],"product_cat":[27,7530,7509],"product_tag":[1186],"class_list":{"0":"post-19094","1":"product","2":"type-product","3":"status-publish","4":"has-post-thumbnail","6":"product_cat-nauki-spoleczne","7":"product_cat-nowosci","8":"product_cat-psychologia","9":"product_tag-psychologia","11":"first","12":"instock","13":"sale","14":"shipping-taxable","15":"purchasable","16":"product-type-simple"},"_links":{"self":[{"href":"http:\/\/ksiegarnia-akademicka.pl\/index.php\/wp-json\/wp\/v2\/product\/19094","targetHints":{"allow":["GET"]}}],"collection":[{"href":"http:\/\/ksiegarnia-akademicka.pl\/index.php\/wp-json\/wp\/v2\/product"}],"about":[{"href":"http:\/\/ksiegarnia-akademicka.pl\/index.php\/wp-json\/wp\/v2\/types\/product"}],"wp:featuredmedia":[{"embeddable":true,"href":"http:\/\/ksiegarnia-akademicka.pl\/index.php\/wp-json\/wp\/v2\/media\/19095"}],"wp:attachment":[{"href":"http:\/\/ksiegarnia-akademicka.pl\/index.php\/wp-json\/wp\/v2\/media?parent=19094"}],"wp:term":[{"taxonomy":"product_brand","embeddable":true,"href":"http:\/\/ksiegarnia-akademicka.pl\/index.php\/wp-json\/wp\/v2\/product_brand?post=19094"},{"taxonomy":"product_cat","embeddable":true,"href":"http:\/\/ksiegarnia-akademicka.pl\/index.php\/wp-json\/wp\/v2\/product_cat?post=19094"},{"taxonomy":"product_tag","embeddable":true,"href":"http:\/\/ksiegarnia-akademicka.pl\/index.php\/wp-json\/wp\/v2\/product_tag?post=19094"}],"curies":[{"name":"wp","href":"https:\/\/api.w.org\/{rel}","templated":true}]}}