{"id":19092,"date":"2024-12-18T08:43:32","date_gmt":"2024-12-18T07:43:32","guid":{"rendered":"http:\/\/ksiegarnia-akademicka.pl\/?post_type=product&#038;p=19092"},"modified":"2025-04-08T09:38:29","modified_gmt":"2025-04-08T07:38:29","slug":"podstawy-elektroenergetyki","status":"publish","type":"product","link":"http:\/\/ksiegarnia-akademicka.pl\/index.php\/product\/podstawy-elektroenergetyki\/","title":{"rendered":"Podstawy elektroenergetyki"},"content":{"rendered":"<div class=\"grupa osoby\"><span class=\"meta-head\">Autor:\u00a0 Piotr\u00a0 Kacejko, Pawe\u0142 Pijarski<\/span><\/div>\n<div class=\"grupa wydawca\"><span class=\"meta-head\">Wydawca:<\/span> Wydawnictwo Naukowe PWN<\/div>\n<div class=\"grupa dane\">\n<div>Oprawa:\u00a0<span class=\"meta-value-bold\">Mi\u0119kka<\/span><\/div>\n<div>Format:\u00a0<span class=\"meta-value-bold\">16.5&#215;23.5cm<\/span><\/div>\n<div>Liczba stron:\u00a0<span class=\"meta-value-bold\">570<\/span><\/div>\n<div>Wydanie:\u00a0<span class=\"meta-value-bold\">1<\/span><\/div>\n<div>Rok wydania:\u00a0<span class=\"meta-value-bold\">2024<\/span><\/div>\n<div>J\u0119zyk wydania:\u00a0<span class=\"meta-value-bold\">polski<\/span><\/div>\n<\/div>\n<div><\/div>\n<div>Wydawnictwo Naukowe PWN ma zaszczyt zaprezentowa\u0107 Pa\u0144stwu wyj\u0105tkowe kompendium wiedzy dotycz\u0105ce PODSTAW ELEKTROENERGETYKI. Napisana przez dw\u00f3ch specjalist\u00f3w w tej dziedzinie \u2013 prof. dr. hab. in\u017c. Piotra Kacejko oraz dr. hab. in\u017c. Paw\u0142a Pijarskiego \u2013 obejmuje ca\u0142okszta\u0142t zagadnie\u0144 z zakresu elektroenergetyki. Co wa\u017cne, w skondensowanej i k\u0142ad\u0105cej nacisk na praktyk\u0119 formie i tre\u015bci. W publikacji PODSTAWY ELEKTROENERGETYKIb\u0119dziecie Pa\u0144stwo mogli m.in. przeczyta\u0107 na temat: &#8211; sytuacji energetycznej na \u015bwiecie oraz w Polsce, -budowy i modelowania element\u00f3w systemu elektroenergetycznego, -podstaw automatyki zabezpieczeniowej, -jako\u015bci energii elektrycznej, &#8211; podstaw sterowania i kierowania prac\u0105 systemu elektroenergetycznego oraz -przyk\u0142ad\u00f3w oprogramowania komputerowego stosowanego w elektroenergetyce. Ta wyj\u0105tkowa publikacja kierowana jest przede wszystkim do student\u00f3w uczelni technicznych studiuj\u0105cych na kierunkach: elektrotechnika, energetyka, in\u017cynieria \u015brodowiska (przyk\u0142adowe przedmioty: Podstawy elektroenergetyki \/ Elektroenergetyka \/ Podstawy projektowania instalacji OZE \/ In\u017cynieria odnawialnych \u017ar\u00f3de\u0142 energii). Inn\u0105 grup\u0105 Czytelnik\u00f3w, kt\u00f3rej opublikowana ksi\u0105\u017cka przyda si\u0119 w pracy zawodowej b\u0119d\u0105 in\u017cynierowie elektrycy, energetycy, specjali\u015bci z zakresu in\u017cynierii \u015brodowiska, przedstawiciele firm energetycznych i sektora OZE.<\/div>\n","protected":false},"excerpt":{"rendered":"<p>Autor:\u00a0 Piotr\u00a0 Kacejko, Pawe\u0142 Pijarski Wydawca: Wydawnictwo Naukowe PWN Oprawa:\u00a0Mi\u0119kka [&hellip;]<\/p>\n","protected":false},"featured_media":19093,"template":"","meta":[],"product_brand":[],"product_cat":[8191,7722,41,7530],"product_tag":[119,4247],"class_list":{"0":"post-19092","1":"product","2":"type-product","3":"status-publish","4":"has-post-thumbnail","6":"product_cat-elektrotechnika","7":"product_cat-energetyka","8":"product_cat-nauki-techniczne","9":"product_cat-nowosci","10":"product_tag-elektrotechnika","11":"product_tag-energetyka","13":"first","14":"instock","15":"sale","16":"shipping-taxable","17":"purchasable","18":"product-type-simple"},"_links":{"self":[{"href":"http:\/\/ksiegarnia-akademicka.pl\/index.php\/wp-json\/wp\/v2\/product\/19092","targetHints":{"allow":["GET"]}}],"collection":[{"href":"http:\/\/ksiegarnia-akademicka.pl\/index.php\/wp-json\/wp\/v2\/product"}],"about":[{"href":"http:\/\/ksiegarnia-akademicka.pl\/index.php\/wp-json\/wp\/v2\/types\/product"}],"wp:featuredmedia":[{"embeddable":true,"href":"http:\/\/ksiegarnia-akademicka.pl\/index.php\/wp-json\/wp\/v2\/media\/19093"}],"wp:attachment":[{"href":"http:\/\/ksiegarnia-akademicka.pl\/index.php\/wp-json\/wp\/v2\/media?parent=19092"}],"wp:term":[{"taxonomy":"product_brand","embeddable":true,"href":"http:\/\/ksiegarnia-akademicka.pl\/index.php\/wp-json\/wp\/v2\/product_brand?post=19092"},{"taxonomy":"product_cat","embeddable":true,"href":"http:\/\/ksiegarnia-akademicka.pl\/index.php\/wp-json\/wp\/v2\/product_cat?post=19092"},{"taxonomy":"product_tag","embeddable":true,"href":"http:\/\/ksiegarnia-akademicka.pl\/index.php\/wp-json\/wp\/v2\/product_tag?post=19092"}],"curies":[{"name":"wp","href":"https:\/\/api.w.org\/{rel}","templated":true}]}}