{"id":19090,"date":"2024-12-18T08:39:24","date_gmt":"2024-12-18T07:39:24","guid":{"rendered":"http:\/\/ksiegarnia-akademicka.pl\/?post_type=product&#038;p=19090"},"modified":"2025-01-27T13:36:48","modified_gmt":"2025-01-27T12:36:48","slug":"biomechanika-narzadu-ruchu-kobiety-w-okresie-okoloporodowym-aspekty-naukowe-i-kliniczne","status":"publish","type":"product","link":"http:\/\/ksiegarnia-akademicka.pl\/index.php\/product\/biomechanika-narzadu-ruchu-kobiety-w-okresie-okoloporodowym-aspekty-naukowe-i-kliniczne\/","title":{"rendered":"Biomechanika narz\u0105du ruchu kobiety w okresie oko\u0142oporodowym Aspekty naukowe i kliniczne"},"content":{"rendered":"<div class=\"grupa osoby\"><span class=\"meta-head\">Autor:\u00a0 Wanda\u00a0 Forczek-Karkosz<\/span><\/div>\n<div class=\"grupa wydawca\"><span class=\"meta-head\">Wydawca:<\/span> PZWL<\/div>\n<div class=\"grupa dane\">\n<div>Oprawa:\u00a0<span class=\"meta-value-bold\">Mi\u0119kka<\/span><\/div>\n<div>Format:\u00a0<span class=\"meta-value-bold\">16.5&#215;23.5cm<\/span><\/div>\n<div>Liczba stron:\u00a0<span class=\"meta-value-bold\">168<\/span><\/div>\n<div>Wydanie:\u00a0<span class=\"meta-value-bold\">1<\/span><\/div>\n<div>Rok wydania:\u00a0<span class=\"meta-value-bold\">2024<\/span><\/div>\n<div>J\u0119zyk wydania:\u00a0<span class=\"meta-value-bold\">polski<\/span><\/div>\n<\/div>\n<div><\/div>\n<div>W pierwszej cz\u0119\u015bci podr\u0119cznika przedstawiono najwa\u017cniejsze informacje i definicje podstawowe, w tym opisy budowy cia\u0142a i fundamentalnych mechanizm\u00f3w kontroli posturalnej i lokomocji cz\u0142owieka. Opisano rol\u0119 kr\u0119gos\u0142upa i miednicy, strategie utrzymywania postawy cia\u0142a, jak i prawid\u0142owy wzorzec chodu z jego determinantami. W drugiej cz\u0119\u015bci publikacji szczeg\u00f3\u0142owo opisano zmiany, kt\u00f3rym ulega cia\u0142o kobiety w okresie oko\u0142oporodowym. Autorka zwraca uwag\u0119 m.in. na zmian\u0119 masy cia\u0142a, po\u0142o\u017cenie og\u00f3lnego \u015brodka ci\u0119\u017cko\u015bci cia\u0142a, regulacj\u0119 gospodarki hormonalnej, zmiany w uk\u0142adzie mi\u0119\u015bniowym, kompleksie miedniczo-biodrowo-l\u0119d\u017awiowym oraz ukszta\u0142towaniu kr\u0119gos\u0142upa. W dalszej cz\u0119\u015bci ksi\u0105\u017cki om\u00f3wiono strategie posturalne i lokomocji typowe dla kobiet w ci\u0105\u017cy. Na uwag\u0119 zas\u0142uguje tak\u017ce rozdzia\u0142 po\u015bwi\u0119cony ocenie przyczyn upadk\u00f3w u ci\u0119\u017carnych oraz metodom ich zapobiegania wraz z praktycznymi wskaz\u00f3wkami. Publikacja uzupe\u0142nia ofert\u0119 ksi\u0105\u017cek z zakresu biomechaniki cz\u0142owieka, zw\u0142aszcza w tematyce po\u015bwi\u0119conej charakterystyce narz\u0105du ruchu kobiet w okresie oko\u0142oporodowym. B\u0119dzie bardzo pomocna w codziennej pracy lekarza po\u0142o\u017cnika, po\u0142o\u017cnej oraz fizjoterapeuty i trenera medycznego zajmuj\u0105cych si\u0119 kobietami w okresie oko\u0142oporodowym.<\/div>\n","protected":false},"excerpt":{"rendered":"<p>Autor:\u00a0 Wanda\u00a0 Forczek-Karkosz Wydawca: PZWL Oprawa:\u00a0Mi\u0119kka Format:\u00a016.5&#215;23.5cm Liczba stron:\u00a0168 Wydanie:\u00a01 [&hellip;]<\/p>\n","protected":false},"featured_media":19091,"template":"","meta":[],"product_brand":[],"product_cat":[7493,8031],"product_tag":[8402,6433,4919],"class_list":{"0":"post-19090","1":"product","2":"type-product","3":"status-publish","4":"has-post-thumbnail","6":"product_cat-medycyna","7":"product_cat-poloznictwo-ginekologia","8":"product_tag-ciaza","9":"product_tag-embriologia","10":"product_tag-ginekologia","12":"first","13":"instock","14":"sale","15":"shipping-taxable","16":"purchasable","17":"product-type-simple"},"_links":{"self":[{"href":"http:\/\/ksiegarnia-akademicka.pl\/index.php\/wp-json\/wp\/v2\/product\/19090","targetHints":{"allow":["GET"]}}],"collection":[{"href":"http:\/\/ksiegarnia-akademicka.pl\/index.php\/wp-json\/wp\/v2\/product"}],"about":[{"href":"http:\/\/ksiegarnia-akademicka.pl\/index.php\/wp-json\/wp\/v2\/types\/product"}],"wp:featuredmedia":[{"embeddable":true,"href":"http:\/\/ksiegarnia-akademicka.pl\/index.php\/wp-json\/wp\/v2\/media\/19091"}],"wp:attachment":[{"href":"http:\/\/ksiegarnia-akademicka.pl\/index.php\/wp-json\/wp\/v2\/media?parent=19090"}],"wp:term":[{"taxonomy":"product_brand","embeddable":true,"href":"http:\/\/ksiegarnia-akademicka.pl\/index.php\/wp-json\/wp\/v2\/product_brand?post=19090"},{"taxonomy":"product_cat","embeddable":true,"href":"http:\/\/ksiegarnia-akademicka.pl\/index.php\/wp-json\/wp\/v2\/product_cat?post=19090"},{"taxonomy":"product_tag","embeddable":true,"href":"http:\/\/ksiegarnia-akademicka.pl\/index.php\/wp-json\/wp\/v2\/product_tag?post=19090"}],"curies":[{"name":"wp","href":"https:\/\/api.w.org\/{rel}","templated":true}]}}