{"id":18989,"date":"2024-12-13T08:37:11","date_gmt":"2024-12-13T07:37:11","guid":{"rendered":"http:\/\/ksiegarnia-akademicka.pl\/?post_type=product&#038;p=18989"},"modified":"2025-01-27T13:21:20","modified_gmt":"2025-01-27T12:21:20","slug":"historia-medycyny-w-szesciu-niepelnych-odslonach-czesc-3-czesc-trzecia-czyli-odslona-szosta-i-ostatnia","status":"publish","type":"product","link":"http:\/\/ksiegarnia-akademicka.pl\/index.php\/product\/historia-medycyny-w-szesciu-niepelnych-odslonach-czesc-3-czesc-trzecia-czyli-odslona-szosta-i-ostatnia\/","title":{"rendered":"Historia medycyny w sze\u015bciu niepe\u0142nych ods\u0142onach Cz\u0119\u015b\u0107 3 Cz\u0119\u015b\u0107 trzecia, czyli ods\u0142ona sz\u00f3sta i ostatnia"},"content":{"rendered":"<div class=\"grupa osoby\"><span class=\"meta-head\">Autor:<\/span><\/p>\n<ul>\n<li class=\"meta-value\"><a class=\"aut\" title=\"Zobacz ksi\u0105\u017cki tego autora\" href=\"https:\/\/www.azymut.pl\/mw\/?m=105&amp;aid=158465\">Ryszard W. Gryglewski<\/a><\/li>\n<\/ul>\n<\/div>\n<div class=\"grupa wydawca\"><span class=\"meta-head\">Wydawca:<\/span>\u00a0<a class=\"wyd\" title=\"Zobacz pe\u0142n\u0105 ofert\u0119 wydawcy\" href=\"https:\/\/www.azymut.pl\/mw\/?m=105&amp;p=23367\">Wydawnictwo Uniwersytetu Jagiello\u0144skiego<\/a><\/div>\n<div class=\"grupa dane\">\n<div>Oprawa:\u00a0<span class=\"meta-value-bold\">Mi\u0119kka<\/span><\/div>\n<div>Format:\u00a0<span class=\"meta-value-bold\">17.0&#215;24.0cm<\/span><\/div>\n<div>Liczba stron:\u00a0<span class=\"meta-value-bold\">318<\/span><\/div>\n<div>Rok wydania:\u00a0<span class=\"meta-value-bold\">2024<\/span><\/div>\n<div>J\u0119zyk wydania:\u00a0<span class=\"meta-value-bold\">polski<\/span><\/div>\n<\/div>\n<div><\/div>\n<div>Historia medycyny w sze\u015bciu niepe\u0142nych ods\u0142onach jest propozycj\u0105 spojrzenia na dzieje nauki i sztuki lekarskiej przez pryzmat sze\u015bciu, zdaniem autora, g\u0142\u00f3wnych problem\u00f3w, z jakimi w przesz\u0142o\u015bci mierzy\u0142a si\u0119 medycyna i z jakimi nadal przychodzi jej si\u0119 mierzy\u0107. Pierwsza ods\u0142ona to rozwa\u017cania o konstrukcji (lub inaczej \u2013 budowie) organizmu cz\u0142owieka, nad kt\u00f3r\u0105 dyskutowali badacze zajmuj\u0105cy si\u0119 takimi dyscyplinami, jak anatomia, histologia, cytologia i genetyka. Druga ods\u0142ona jest pr\u00f3b\u0105 zrozumienia funkcji \u017cyciowych, czyli przedmiotu bada\u0144 nauk eksperymentalnych, przede wszystkim fizjologii i biochemii. Trzecia wi\u0105\u017ce si\u0119 z poznaniem przyczyn i mechanizm\u00f3w, kt\u00f3re uszkadzaj\u0105 lub niszcz\u0105 struktur\u0119 i zaburzaj\u0105 funkcje organizmu, czyli zdarze\u0144 i proces\u00f3w stoj\u0105cych u podstaw nauki o chorobach \u2013 patologii wraz z anatomi\u0105 patologiczn\u0105, patomorfologi\u0105 i patofizjologi\u0105, mikrobiologi\u0105 i bakteriologi\u0105 lekarsk\u0105. Dzi\u0119ki czwartej ods\u0142onie zbli\u017camy si\u0119 do historii pr\u00f3b rozpoznania proces\u00f3w chorobowych oraz zdolno\u015bci przewidywania ich dalszego biegu. To \u015bwiat diagnostyki i prognostyki medycznej. Pi\u0105ta ukazuje za\u015b poszukiwania metod i \u015brodk\u00f3w, kt\u00f3rych celem staje si\u0119 przywr\u00f3cenie zaburzonej homeostazy organizmu \u2013 a wi\u0119c to, co okre\u015blamy mianem terapii. Ostatnia, sz\u00f3sta, przedstawia dzieje chirurgii \u2013 nauki i sztuki poszukuj\u0105cej sposob\u00f3w bezpo\u015bredniego wnikni\u0119cia w przestrze\u0144 konstrukcji organizmu i przywr\u00f3cenia w\u0142a\u015bciwego biegu funkcji \u017cycia. Obecnie do czytelnik\u00f3w trafia trzecia i za razem ostatnia cz\u0119\u015b\u0107 monografii po\u015bwi\u0119cona w ca\u0142o\u015bci historii jednej z najstarszych specjalno\u015bci lekarskich \u2013 chirurgii. Od krzemiennego no\u017ca naszych prehistorycznych przodk\u00f3w a\u017c po rami\u0119 robota chirurgicznego mo\u017cemy \u015bledzi\u0107 wysi\u0142ki ca\u0142ych pokole\u0144 by naprawi\u0107 to co zosta\u0142o uszkodzone, czy to w wyniku choroby czy te\u017c na skutek urazu. St\u0105d te\u017c tytu\u0142 ostatniej ods\u0142ony \u2013 Naprawa.<\/div>\n","protected":false},"excerpt":{"rendered":"<p>Autor: Ryszard W. Gryglewski Wydawca:\u00a0Wydawnictwo Uniwersytetu Jagiello\u0144skiego Oprawa:\u00a0Mi\u0119kka Format:\u00a017.0&#215;24.0cm Liczba [&hellip;]<\/p>\n","protected":false},"featured_media":18990,"template":"","meta":[],"product_brand":[],"product_cat":[8302,7493],"product_tag":[6569],"class_list":{"0":"post-18989","1":"product","2":"type-product","3":"status-publish","4":"has-post-thumbnail","6":"product_cat-inne-medycyna","7":"product_cat-medycyna","8":"product_tag-historia-medycyny","10":"first","11":"instock","12":"sale","13":"shipping-taxable","14":"purchasable","15":"product-type-simple"},"_links":{"self":[{"href":"http:\/\/ksiegarnia-akademicka.pl\/index.php\/wp-json\/wp\/v2\/product\/18989","targetHints":{"allow":["GET"]}}],"collection":[{"href":"http:\/\/ksiegarnia-akademicka.pl\/index.php\/wp-json\/wp\/v2\/product"}],"about":[{"href":"http:\/\/ksiegarnia-akademicka.pl\/index.php\/wp-json\/wp\/v2\/types\/product"}],"wp:featuredmedia":[{"embeddable":true,"href":"http:\/\/ksiegarnia-akademicka.pl\/index.php\/wp-json\/wp\/v2\/media\/18990"}],"wp:attachment":[{"href":"http:\/\/ksiegarnia-akademicka.pl\/index.php\/wp-json\/wp\/v2\/media?parent=18989"}],"wp:term":[{"taxonomy":"product_brand","embeddable":true,"href":"http:\/\/ksiegarnia-akademicka.pl\/index.php\/wp-json\/wp\/v2\/product_brand?post=18989"},{"taxonomy":"product_cat","embeddable":true,"href":"http:\/\/ksiegarnia-akademicka.pl\/index.php\/wp-json\/wp\/v2\/product_cat?post=18989"},{"taxonomy":"product_tag","embeddable":true,"href":"http:\/\/ksiegarnia-akademicka.pl\/index.php\/wp-json\/wp\/v2\/product_tag?post=18989"}],"curies":[{"name":"wp","href":"https:\/\/api.w.org\/{rel}","templated":true}]}}