{"id":18985,"date":"2024-12-12T11:11:17","date_gmt":"2024-12-12T10:11:17","guid":{"rendered":"http:\/\/ksiegarnia-akademicka.pl\/?post_type=product&#038;p=18985"},"modified":"2025-01-27T13:21:47","modified_gmt":"2025-01-27T12:21:47","slug":"socrealizm-architektura-polska-1949-1956","status":"publish","type":"product","link":"http:\/\/ksiegarnia-akademicka.pl\/index.php\/product\/socrealizm-architektura-polska-1949-1956\/","title":{"rendered":"Socrealizm Architektura polska 1949-1956"},"content":{"rendered":"<div class=\"grupa osoby\"><span class=\"meta-head\">Autor:<\/span><\/p>\n<ul>\n<li class=\"meta-value\"><a class=\"aut\" title=\"Zobacz ksi\u0105\u017cki tego autora\" href=\"https:\/\/www.azymut.pl\/mw\/?m=105&amp;aid=21644\">Krzysztof Stefa\u0144ski<\/a><\/li>\n<\/ul>\n<\/div>\n<div class=\"grupa wydawca\"><span class=\"meta-head\">Wydawca:<\/span>\u00a0<a class=\"wyd\" title=\"Zobacz pe\u0142n\u0105 ofert\u0119 wydawcy\" href=\"https:\/\/www.azymut.pl\/mw\/?m=105&amp;p=31032\">Ksi\u0119\u017cy M\u0142yn<\/a><\/div>\n<div class=\"grupa dane\">\n<div>Oprawa:\u00a0<span class=\"meta-value-bold\">Mi\u0119kka<\/span><\/div>\n<div>Format:\u00a0<span class=\"meta-value-bold\">16.5&#215;23.5cm<\/span><\/div>\n<div>Liczba stron:\u00a0<span class=\"meta-value-bold\">224<\/span><\/div>\n<div>Wydanie:\u00a0<span class=\"meta-value-bold\">1<\/span><\/div>\n<div>Rok wydania:\u00a0<span class=\"meta-value-bold\">2024<\/span><\/div>\n<div>J\u0119zyk wydania:\u00a0<span class=\"meta-value-bold\">polski<\/span><\/div>\n<\/div>\n<div><\/div>\n<div>Socrealizm (realizm socjalistyczny) to doktryna artystyczna wypracowana w Zwi\u0105zku Socjalistycznych Republik Radzieckich w latach 30. XX wieku, a po 1945 roku narzucona innym krajom podporz\u0105dkowanym sowieckiej dominacji. Jej zadaniem by\u0142a polityczna indoktrynacja i propagowanie komunistycznych idei. W Polsce og\u0142oszona i wprowadzana od 1949 roku mia\u0142a obj\u0105\u0107 wszystkie dziedziny dzia\u0142alno\u015bci artystycznej: literatur\u0119, muzyk\u0119, kino, teatr i sztuki plastyczne. Szczeg\u00f3lne znaczenie mia\u0142a w tym dziele architektura kszta\u0142tuj\u0105ca przestrze\u0144 codziennego \u017cycia. W\u0142adze Polski Ludowej, oczekiwa\u0142y od architekt\u00f3w tworzenia na wielk\u0105 skal\u0119: projektowania w tym stylu i budowania ca\u0142ych dzielnic, osiedli mieszkaniowych czy te\u017c gmach\u00f3w u\u017cyteczno\u015bci publicznej. Mia\u0142a to by\u0107 architektura, jak g\u0142osi\u0142o propagandowe has\u0142o: \u201esocjalistyczna w tre\u015bci, narodowa w formie\u201d, cho\u0107 nikt nie by\u0142 w stanie w pe\u0142ni odpowiedzie\u0107, jak ma si\u0119 realizowa\u0107 owa \u201esocjalistyczna tre\u015b\u0107\u201d, ani jaka ma by\u0107 \u201enarodowa forma\u201d. Okres panowania socrealizmu by\u0142 kr\u00f3tki \u2013 niespe\u0142na sze\u015b\u0107 lat \u2013 jednak zostawi\u0142 on trwa\u0142y \u015blad w krajobrazie architektonicznym wi\u0119kszo\u015bci polskich miast. Prezentowana ksi\u0105\u017cka w klarownej, zwi\u0119z\u0142ej formie przybli\u017ca histori\u0119 kszta\u0142towania si\u0119 doktryny socrealizmu, jej wprowadzenia w Polsce, charakteryzuje podstawowe formy stosowane w tym czasie, a tak\u017ce rysuje szerok\u0105 panoram\u0119 architektury tamtych lat, skupiaj\u0105c si\u0119 na wybranych budowlach \u2013 zar\u00f3wno wielkomiejskich, jak i znamiennych dla mniejszych o\u015brodk\u00f3w \u2013 reprezentatywnych dla stylu socrealistycznego.<\/div>\n","protected":false},"excerpt":{"rendered":"<p>Autor: Krzysztof Stefa\u0144ski Wydawca:\u00a0Ksi\u0119\u017cy M\u0142yn Oprawa:\u00a0Mi\u0119kka Format:\u00a016.5&#215;23.5cm Liczba stron:\u00a0224 Wydanie:\u00a01 [&hellip;]<\/p>\n","protected":false},"featured_media":18986,"template":"","meta":[],"product_brand":[],"product_cat":[7812],"product_tag":[193,8389],"class_list":{"0":"post-18985","1":"product","2":"type-product","3":"status-publish","4":"has-post-thumbnail","6":"product_cat-architektura-i-budownictwo","7":"product_tag-architektura","8":"product_tag-socrealizm","10":"first","11":"instock","12":"sale","13":"shipping-taxable","14":"purchasable","15":"product-type-simple"},"_links":{"self":[{"href":"http:\/\/ksiegarnia-akademicka.pl\/index.php\/wp-json\/wp\/v2\/product\/18985","targetHints":{"allow":["GET"]}}],"collection":[{"href":"http:\/\/ksiegarnia-akademicka.pl\/index.php\/wp-json\/wp\/v2\/product"}],"about":[{"href":"http:\/\/ksiegarnia-akademicka.pl\/index.php\/wp-json\/wp\/v2\/types\/product"}],"wp:featuredmedia":[{"embeddable":true,"href":"http:\/\/ksiegarnia-akademicka.pl\/index.php\/wp-json\/wp\/v2\/media\/18986"}],"wp:attachment":[{"href":"http:\/\/ksiegarnia-akademicka.pl\/index.php\/wp-json\/wp\/v2\/media?parent=18985"}],"wp:term":[{"taxonomy":"product_brand","embeddable":true,"href":"http:\/\/ksiegarnia-akademicka.pl\/index.php\/wp-json\/wp\/v2\/product_brand?post=18985"},{"taxonomy":"product_cat","embeddable":true,"href":"http:\/\/ksiegarnia-akademicka.pl\/index.php\/wp-json\/wp\/v2\/product_cat?post=18985"},{"taxonomy":"product_tag","embeddable":true,"href":"http:\/\/ksiegarnia-akademicka.pl\/index.php\/wp-json\/wp\/v2\/product_tag?post=18985"}],"curies":[{"name":"wp","href":"https:\/\/api.w.org\/{rel}","templated":true}]}}