{"id":18941,"date":"2024-12-05T14:28:30","date_gmt":"2024-12-05T13:28:30","guid":{"rendered":"http:\/\/ksiegarnia-akademicka.pl\/?post_type=product&#038;p=18941"},"modified":"2025-01-27T13:28:43","modified_gmt":"2025-01-27T12:28:43","slug":"sadowe-postepowanie-egzekucyjne-przebieg-organy-koszty-komornicze","status":"publish","type":"product","link":"http:\/\/ksiegarnia-akademicka.pl\/index.php\/product\/sadowe-postepowanie-egzekucyjne-przebieg-organy-koszty-komornicze\/","title":{"rendered":"S\u0105dowe post\u0119powanie egzekucyjne Przebieg organy koszty komornicze"},"content":{"rendered":"<div class=\"grupa osoby\"><span class=\"meta-head-blue\">Redakcja:<\/span>\u00a0<span class=\"meta-value\">Go\u0142aczy\u0144ski Jacek<\/span><\/div>\n<div class=\"grupa wydawca\"><span class=\"meta-head\">Wydawca:<\/span>\u00a0<a class=\"wyd\" title=\"Zobacz pe\u0142n\u0105 ofert\u0119 wydawcy\" href=\"https:\/\/www.azymut.pl\/mw\/?m=105&amp;p=30787\">Wolters Kluwer<\/a><\/div>\n<div class=\"grupa dane\">\n<div>Oprawa:\u00a0<span class=\"meta-value-bold\">Twarda<\/span><\/div>\n<div>Format:\u00a0<span class=\"meta-value-bold\">17.0&#215;25.0cm<\/span><\/div>\n<div>Liczba stron:\u00a0<span class=\"meta-value-bold\">676<\/span><\/div>\n<div>Wydanie:\u00a0<span class=\"meta-value-bold\">1<\/span><\/div>\n<div>Rok wydania:\u00a0<span class=\"meta-value-bold\">2024<\/span><\/div>\n<div>J\u0119zyk wydania:\u00a0<span class=\"meta-value-bold\">polski<\/span><\/div>\n<\/div>\n<div><\/div>\n<div>Publikacja zawiera kompleksowy i praktyczny opis instytucji s\u0105dowego post\u0119powania egzekucyjnego. Uwzgl\u0119dnia wszystkie ostatnie zmiany prawa jej dotycz\u0105ce, w tym wprowadzone nowelizacjami Kodeksu post\u0119powania cywilnego z 2019 i 2023 roku.<\/p>\n<p>W opracowaniu om\u00f3wione zosta\u0142y m.in. zagadnienia:<br \/>\n\u2022 zawodu komornika s\u0105dowego i jego statusu ustrojowego,<br \/>\n\u2022 koszt\u00f3w post\u0119powania s\u0105dowego,<br \/>\n\u2022 klauzuli wykonalno\u015bci i tytu\u0142\u00f3w egzekucyjnych,<br \/>\n\u2022 wszcz\u0119cia, zawieszenia i umorzenia post\u0119powania,<br \/>\n\u2022 ograniczenia egzekucji oraz pow\u00f3dztwa przeciwegzekucyjnego,<br \/>\n\u2022 egzekucji \u015bwiadcze\u0144 pieni\u0119\u017cnych, tj. egzekucji z ruchomo\u015bci, zaj\u0119cia, dozoru, sprzeda\u017cy, sprzeda\u017cy licytacyjnej,<br \/>\n\u2022 egzekucji z rachunk\u00f3w bankowych i z wynagrodzenia za prac\u0119,<br \/>\n\u2022 egzekucji \u015bwiadcze\u0144 niepieni\u0119\u017cnych oraz alimentacyjnych,<br \/>\n\u2022 podzia\u0142u sumy uzyskanej z egzekucji,<br \/>\n\u2022 egzekucji z nieruchomo\u015bci,<br \/>\n\u2022 egzekucji z udzia\u0142em Skarbu Pa\u0144stwa oraz przedsi\u0119biorc\u00f3w.<\/p>\n<p>Autorzy \u2013 praktycy specjalizuj\u0105cy si\u0119 w tematyce egzekucji s\u0105dowej \u2013 nie ograniczaj\u0105 si\u0119 do prezentowania poszczeg\u00f3lnych jej instytucji, proponuj\u0105 te\u017c rozwi\u0105zania problem\u00f3w ujawniaj\u0105cych si\u0119 w ramach wyk\u0142adni i stosowania omawianych przepis\u00f3w. Przedstawione rozwa\u017cania zosta\u0142y wzbogacone o liczne odwo\u0142ania do pogl\u0105d\u00f3w doktryny oraz orzecznictwa S\u0105du Najwy\u017cszego i s\u0105d\u00f3w powszechnych.<\/p><\/div>\n","protected":false},"excerpt":{"rendered":"<p>Redakcja:\u00a0Go\u0142aczy\u0144ski Jacek Wydawca:\u00a0Wolters Kluwer Oprawa:\u00a0Twarda Format:\u00a017.0&#215;25.0cm Liczba stron:\u00a0676 Wydanie:\u00a01 Rok [&hellip;]<\/p>\n","protected":false},"featured_media":18942,"template":"","meta":[],"product_brand":[],"product_cat":[7491,18],"product_tag":[692,623,4745],"class_list":{"0":"post-18941","1":"product","2":"type-product","3":"status-publish","4":"has-post-thumbnail","6":"product_cat-cywilne","7":"product_cat-prawo","8":"product_tag-postepowanie-cywilne","9":"product_tag-postepowanie-egzekucyjne","10":"product_tag-seria-biblioteka-sadowa-2","12":"first","13":"instock","14":"sale","15":"shipping-taxable","16":"purchasable","17":"product-type-simple"},"_links":{"self":[{"href":"http:\/\/ksiegarnia-akademicka.pl\/index.php\/wp-json\/wp\/v2\/product\/18941","targetHints":{"allow":["GET"]}}],"collection":[{"href":"http:\/\/ksiegarnia-akademicka.pl\/index.php\/wp-json\/wp\/v2\/product"}],"about":[{"href":"http:\/\/ksiegarnia-akademicka.pl\/index.php\/wp-json\/wp\/v2\/types\/product"}],"wp:featuredmedia":[{"embeddable":true,"href":"http:\/\/ksiegarnia-akademicka.pl\/index.php\/wp-json\/wp\/v2\/media\/18942"}],"wp:attachment":[{"href":"http:\/\/ksiegarnia-akademicka.pl\/index.php\/wp-json\/wp\/v2\/media?parent=18941"}],"wp:term":[{"taxonomy":"product_brand","embeddable":true,"href":"http:\/\/ksiegarnia-akademicka.pl\/index.php\/wp-json\/wp\/v2\/product_brand?post=18941"},{"taxonomy":"product_cat","embeddable":true,"href":"http:\/\/ksiegarnia-akademicka.pl\/index.php\/wp-json\/wp\/v2\/product_cat?post=18941"},{"taxonomy":"product_tag","embeddable":true,"href":"http:\/\/ksiegarnia-akademicka.pl\/index.php\/wp-json\/wp\/v2\/product_tag?post=18941"}],"curies":[{"name":"wp","href":"https:\/\/api.w.org\/{rel}","templated":true}]}}