{"id":18902,"date":"2024-12-03T13:02:59","date_gmt":"2024-12-03T12:02:59","guid":{"rendered":"http:\/\/ksiegarnia-akademicka.pl\/?post_type=product&#038;p=18902"},"modified":"2024-12-03T13:03:00","modified_gmt":"2024-12-03T12:03:00","slug":"prawo-konstytucyjne-w-pigulce-testy-online","status":"publish","type":"product","link":"http:\/\/ksiegarnia-akademicka.pl\/index.php\/product\/prawo-konstytucyjne-w-pigulce-testy-online\/","title":{"rendered":"Prawo konstytucyjne w pigu\u0142ce + testy online"},"content":{"rendered":"<div>Seria: W pigu\u0142ce<\/div>\n<div class=\"grupa wydawca\"><span class=\"meta-head\">Wydawca:<\/span>\u00a0<a class=\"wyd\" title=\"Zobacz pe\u0142n\u0105 ofert\u0119 wydawcy\" href=\"https:\/\/www.azymut.pl\/mw\/?m=105&amp;p=25291\">C.H. Beck<\/a><\/div>\n<div class=\"grupa dane\">\n<div>Oprawa:\u00a0<span class=\"meta-value-bold\">Mi\u0119kka<\/span><\/div>\n<div>Format:\u00a0<span class=\"meta-value-bold\">14.5&#215;19.0cm<\/span><\/div>\n<div>Liczba stron:\u00a0<span class=\"meta-value-bold\">300<\/span><\/div>\n<div>Wydanie:\u00a0<span class=\"meta-value-bold\">2<\/span><\/div>\n<div>Rok wydania:\u00a0<span class=\"meta-value-bold\">2024<\/span><\/div>\n<div>J\u0119zyk wydania:\u00a0<span class=\"meta-value-bold\">polski<\/span><\/div>\n<\/div>\n<div><\/div>\n<div>Publikacja stanowi kompleksowe opracowanie do nauki i powt\u00f3rki przed egzaminem. W ksi\u0105\u017cce zosta\u0142y zawarte najwa\u017cniejsze zagadnienia z zakresu prawa konstytucyjnego.<\/p>\n<p>Opracowanie zosta\u0142o podzielone na 4 dzia\u0142y tematyczne, w kt\u00f3rych znajdziesz 12 cz\u0119\u015bci omawiaj\u0105cych m.in:<\/p>\n<p>Wolno\u015bci, prawa i obowi\u0105zki cz\u0142owieka i obywatela,<br \/>\n\u0179r\u00f3d\u0142a prawa,<br \/>\nW\u0142adz\u0119 ustawodawcz\u0105,<br \/>\nW\u0142adz\u0119 wykonawcz\u0105<br \/>\nW\u0142adz\u0119 s\u0105downicz\u0105,<br \/>\nOrgany kontroli pa\u0144stwowej,<br \/>\nFinanse publiczne,<br \/>\nPoszczeg\u00f3lne stany nadzwyczajne.<br \/>\nNa ko\u0144cu ka\u017cdej z cz\u0119\u015bci znajduje si\u0119 test, dzi\u0119ki kt\u00f3remu mo\u017cesz sprawdzi\u0107 poziom zdobytej wiedzy.<\/p>\n<p>Szybkie zapami\u0119tywanie informacji u\u0142atwi przejrzysta struktura<br \/>\nWyr\u00f3\u017cnienia najwa\u017cniejszych informacjiPrzyk\u0142ady u\u0142atwiaj\u0105ce zrozumienie materia\u0142uSchematy i tabele pomocne w zapami\u0119taniuTesty sprawdzaj\u0105ce poziom wiedzy<\/p><\/div>\n","protected":false},"excerpt":{"rendered":"<p>Seria: W pigu\u0142ce Wydawca:\u00a0C.H. Beck Oprawa:\u00a0Mi\u0119kka Format:\u00a014.5&#215;19.0cm Liczba stron:\u00a0300 Wydanie:\u00a02 [&hellip;]<\/p>\n","protected":false},"featured_media":18903,"template":"","meta":[],"product_brand":[],"product_cat":[7496,18],"product_tag":[873,6980],"class_list":{"0":"post-18902","1":"product","2":"type-product","3":"status-publish","4":"has-post-thumbnail","6":"product_cat-konstytucyjne","7":"product_cat-prawo","8":"product_tag-prawo-konstytucyjne","9":"product_tag-seria-w-pigulce","11":"first","12":"instock","13":"sale","14":"shipping-taxable","15":"purchasable","16":"product-type-simple"},"_links":{"self":[{"href":"http:\/\/ksiegarnia-akademicka.pl\/index.php\/wp-json\/wp\/v2\/product\/18902","targetHints":{"allow":["GET"]}}],"collection":[{"href":"http:\/\/ksiegarnia-akademicka.pl\/index.php\/wp-json\/wp\/v2\/product"}],"about":[{"href":"http:\/\/ksiegarnia-akademicka.pl\/index.php\/wp-json\/wp\/v2\/types\/product"}],"wp:featuredmedia":[{"embeddable":true,"href":"http:\/\/ksiegarnia-akademicka.pl\/index.php\/wp-json\/wp\/v2\/media\/18903"}],"wp:attachment":[{"href":"http:\/\/ksiegarnia-akademicka.pl\/index.php\/wp-json\/wp\/v2\/media?parent=18902"}],"wp:term":[{"taxonomy":"product_brand","embeddable":true,"href":"http:\/\/ksiegarnia-akademicka.pl\/index.php\/wp-json\/wp\/v2\/product_brand?post=18902"},{"taxonomy":"product_cat","embeddable":true,"href":"http:\/\/ksiegarnia-akademicka.pl\/index.php\/wp-json\/wp\/v2\/product_cat?post=18902"},{"taxonomy":"product_tag","embeddable":true,"href":"http:\/\/ksiegarnia-akademicka.pl\/index.php\/wp-json\/wp\/v2\/product_tag?post=18902"}],"curies":[{"name":"wp","href":"https:\/\/api.w.org\/{rel}","templated":true}]}}