{"id":18880,"date":"2024-12-02T15:47:25","date_gmt":"2024-12-02T14:47:25","guid":{"rendered":"http:\/\/ksiegarnia-akademicka.pl\/?post_type=product&#038;p=18880"},"modified":"2025-01-07T13:23:18","modified_gmt":"2025-01-07T12:23:18","slug":"umowy-pisma-i-pisma-procesowe-w-sprawach-handlowych-z-objasnieniami-i-wzorami-do-pobrania","status":"publish","type":"product","link":"http:\/\/ksiegarnia-akademicka.pl\/index.php\/product\/umowy-pisma-i-pisma-procesowe-w-sprawach-handlowych-z-objasnieniami-i-wzorami-do-pobrania\/","title":{"rendered":"Umowy, pisma i pisma procesowe w sprawach handlowych z obja\u015bnieniami i wzorami do pobrania"},"content":{"rendered":"<div class=\"grupa osoby\"><span class=\"meta-head\">Autor:<\/span><\/p>\n<ul>\n<li class=\"meta-value\"><a class=\"aut\" title=\"Zobacz ksi\u0105\u017cki tego autora\" href=\"https:\/\/www.azymut.pl\/mw\/?m=105&amp;aid=4288\">Robert Pabis<\/a><\/li>\n<\/ul>\n<\/div>\n<div class=\"grupa wydawca\"><span class=\"meta-head\">Wydawca:<\/span>\u00a0<a class=\"wyd\" title=\"Zobacz pe\u0142n\u0105 ofert\u0119 wydawcy\" href=\"https:\/\/www.azymut.pl\/mw\/?m=105&amp;p=25291\">C.H. Beck<\/a><\/div>\n<div class=\"grupa dane\">\n<div>Oprawa:\u00a0<span class=\"meta-value-bold\">Mi\u0119kka ze skrzyde\u0142kami<\/span><\/div>\n<div>Format:\u00a0<span class=\"meta-value-bold\">14.5&#215;20.5cm<\/span><\/div>\n<div>Liczba stron: 1032<\/div>\n<div>Wydanie: 7<\/div>\n<div>Rok wydania:\u00a0<span class=\"meta-value-bold\">2024<\/span><\/div>\n<div>J\u0119zyk wydania:\u00a0<span class=\"meta-value-bold\">polski<\/span><\/div>\n<\/div>\n<div><\/div>\n<div>\n<p>Kompleksowy zbi\u00f3r wzor\u00f3w pism zwi\u0105zanych z tworzeniem, funkcjonowaniem, restrukturyzacj\u0105 i rozwi\u0105zywaniem sp\u00f3\u0142ek handlowych wraz z ich om\u00f3wieniem oraz\u00a0<strong>edytowalnymi wersjami wzor\u00f3w<\/strong>\u00a0do pobrania.<\/p>\n<p>Kolejne, 7. wydanie jest odpowiedzi\u0105 na\u00a0<strong>najnowsze nowelizacje prawa handlowego<\/strong>, w tym uwzgl\u0119dnia ustaw\u0119 z 16.8.2023 r. o zmianie ustawy \u2013 Kodeks sp\u00f3\u0142ek handlowych oraz niekt\u00f3rych innych ustaw (Dz.U. z 2023 r. poz. 1705), kt\u00f3ra dotyczy implementacji dyrektywy w odniesieniu do transgranicznego przekszta\u0142cania, \u0142\u0105czenia i podzia\u0142u sp\u00f3\u0142ek i stanowi kolejny etap implementacji tzw. pakietu prawa sp\u00f3\u0142ek. Dodatkowo publikacja zosta\u0142a rozszerzona o wzory dotycz\u0105ce\u00a0<strong>prawa holdingowego<\/strong>, a tak\u017ce\u00a0<strong>najnowsze orzecznictwo<\/strong>\u00a0i\u00a0<strong>pogl\u0105dy doktryny<\/strong>.<\/p>\n<p><strong>Czytelnik dzi\u0119ki tej pozycji pozna:<\/strong><\/p>\n<ul type=\"disc\">\n<li>regulacje prawne dotycz\u0105ce prawa holdingowego (uwzgl\u0119dnienie interes\u00f3w wierzycieli, cz\u0142onk\u00f3w organ\u00f3w oraz drobnych wsp\u00f3lnik\u00f3w sp\u00f3\u0142ki zale\u017cnej od sp\u00f3\u0142ki dominuj\u0105cej),<\/li>\n<li>znowelizowane przepisy dotycz\u0105ce prawa grupy sp\u00f3\u0142ek i prawa koncernowego.<\/li>\n<\/ul>\n<p>Publikacja sk\u0142ada si\u0119 z trzech cz\u0119\u015bci, obejmuj\u0105cych \u0142\u0105cznie ponad 200 wzor\u00f3w:<\/p>\n<ul type=\"disc\">\n<li><strong>Cz\u0119\u015b\u0107 I<\/strong>\u00a0po\u015bwi\u0119cono\u00a0<strong>zagadnieniom zwi\u0105zanym z umowami i pismami w sprawach handlowych<\/strong>\u00a0dotycz\u0105cym: sp\u00f3\u0142ki jawnej, sp\u00f3\u0142ki partnerskiej, sp\u00f3\u0142ki komandytowej, sp\u00f3\u0142ki komandytowo-akcyjnej, sp\u00f3\u0142ki z ograniczon\u0105 odpowiedzialno\u015bci\u0105, sp\u00f3\u0142ki akcyjnej, prostej sp\u00f3\u0142ki akcyjnej, inkorporacji i fuzji sp\u00f3\u0142ek, podzia\u0142u sp\u00f3\u0142ki oraz jej przekszta\u0142cenia.<\/li>\n<li><strong>Cz\u0119\u015b\u0107 II<\/strong>\u00a0wzbogacono o\u00a0<strong>wzory pism procesowych<\/strong>\u00a0w sprawach handlowych: apelacji czy skargi kasacyjnej.<\/li>\n<li><strong>Cz\u0119\u015b\u0107 III<\/strong>\u00a0jest natomiast\u00a0<strong>odpowiedzi\u0105 na problemy, kt\u00f3re pojawiaj\u0105 si\u0119 przy zawieraniu um\u00f3w<\/strong>\u00a0ramowych, koprodukcyjnych b\u0105d\u017a innych, zwi\u0105zanych z dzia\u0142alno\u015bci\u0105 sp\u00f3\u0142ki handlowej.<\/li>\n<\/ul>\n<p>Atutem publikacji jest opatrzenie wzor\u00f3w w\u00a0<strong>istotne obja\u015bnienia prawne<\/strong>\u00a0i\u00a0<strong>odes\u0142ania do orzecznictwa<\/strong>, zwi\u0105zanego z dan\u0105 materi\u0105 prawn\u0105. Pojawiaj\u0105 si\u0119 r\u00f3wnie\u017c odniesienia do innych wzor\u00f3w co mo\u017ce pom\u00f3c przy ocenie skorzystania z danego \u015brodka prawnego oraz w\u00a0<strong>prawid\u0142owym sformu\u0142owaniu odpowiedniego dokumentu<\/strong>.<\/p>\n<p>Wydanie zosta\u0142o stworzone g\u0142\u00f3wnie dla os\u00f3b \u015bwiadcz\u0105cych profesjonaln\u0105 pomoc prawn\u0105 takich jak:\u00a0<strong>adwokaci<\/strong>\u00a0i\u00a0<strong>radcowie prawni<\/strong>. Jednak dzi\u0119ki analizie zagadnie\u0144 od stron teorii i praktyki ksi\u0105\u017cka stanowi narz\u0119dzie przydatne dla\u00a0<strong>aplikant\u00f3w<\/strong>\u00a0i\u00a0<strong>student\u00f3w prawa<\/strong>\u00a0oraz os\u00f3b zwi\u0105zanych na co dzie\u0144 z prawem handlowym.<\/p>\n<\/div>\n","protected":false},"excerpt":{"rendered":"<p>Autor: Robert Pabis Wydawca:\u00a0C.H. Beck Oprawa:\u00a0Mi\u0119kka ze skrzyde\u0142kami Format:\u00a014.5&#215;20.5cm Liczba [&hellip;]<\/p>\n","protected":false},"featured_media":18881,"template":"","meta":[],"product_brand":[],"product_cat":[7495,18],"product_tag":[429,7686],"class_list":{"0":"post-18880","1":"product","2":"type-product","3":"status-publish","4":"has-post-thumbnail","6":"product_cat-gospodarcze-i-handlowe","7":"product_cat-prawo","8":"product_tag-prawo-handlowe","9":"product_tag-seria-wzory-pism-becka","11":"first","12":"instock","13":"sale","14":"shipping-taxable","15":"purchasable","16":"product-type-simple"},"_links":{"self":[{"href":"http:\/\/ksiegarnia-akademicka.pl\/index.php\/wp-json\/wp\/v2\/product\/18880","targetHints":{"allow":["GET"]}}],"collection":[{"href":"http:\/\/ksiegarnia-akademicka.pl\/index.php\/wp-json\/wp\/v2\/product"}],"about":[{"href":"http:\/\/ksiegarnia-akademicka.pl\/index.php\/wp-json\/wp\/v2\/types\/product"}],"wp:featuredmedia":[{"embeddable":true,"href":"http:\/\/ksiegarnia-akademicka.pl\/index.php\/wp-json\/wp\/v2\/media\/18881"}],"wp:attachment":[{"href":"http:\/\/ksiegarnia-akademicka.pl\/index.php\/wp-json\/wp\/v2\/media?parent=18880"}],"wp:term":[{"taxonomy":"product_brand","embeddable":true,"href":"http:\/\/ksiegarnia-akademicka.pl\/index.php\/wp-json\/wp\/v2\/product_brand?post=18880"},{"taxonomy":"product_cat","embeddable":true,"href":"http:\/\/ksiegarnia-akademicka.pl\/index.php\/wp-json\/wp\/v2\/product_cat?post=18880"},{"taxonomy":"product_tag","embeddable":true,"href":"http:\/\/ksiegarnia-akademicka.pl\/index.php\/wp-json\/wp\/v2\/product_tag?post=18880"}],"curies":[{"name":"wp","href":"https:\/\/api.w.org\/{rel}","templated":true}]}}