{"id":18728,"date":"2024-11-22T08:32:45","date_gmt":"2024-11-22T07:32:45","guid":{"rendered":"http:\/\/ksiegarnia-akademicka.pl\/?post_type=product&#038;p=18728"},"modified":"2025-01-07T13:15:45","modified_gmt":"2025-01-07T12:15:45","slug":"aleksander-kwasniewski-biografia-polityczna-tom-1-1954-1995","status":"publish","type":"product","link":"http:\/\/ksiegarnia-akademicka.pl\/index.php\/product\/aleksander-kwasniewski-biografia-polityczna-tom-1-1954-1995\/","title":{"rendered":"Aleksander Kwa\u015bniewski Biografia polityczna tom 1 1954-1995"},"content":{"rendered":"<p>Autor:<br \/>\nMicha\u0142 Sutowski<br \/>\nWydawca: Wydawnictwo Krytyki Politycznej<br \/>\nOprawa: Twarda<br \/>\nFormat: 13.2&#215;21.0cm<br \/>\nLiczba stron: 580<br \/>\nWydanie: 1<br \/>\nRok wydania: 2024<br \/>\nJ\u0119zyk wydania: polski<\/p>\n<p>To by\u0142a najbardziej spektakularna kariera dw\u00f3ch system\u00f3w &#8211; p\u00f3\u017anej PRL i wczesnej III RP. Cudowne dziecko z Bia\u0142ogardu, b\u0142yskotliwy dzia\u0142acz studencki, zdolny redaktor naczelny i najm\u0142odszy minister, a potem polityk, kt\u00f3ry przeprowadzi\u0142 postkomunist\u00f3w przez Morze Czerwone pierwszych lat transformacji &#8211; a\u017c do pe\u0142ni w\u0142adzy w 1995 roku. Micha\u0142 Sutowski w pierwszym tomie biografii politycznej Aleksandra Kwa\u015bniewskiego \u015bledzi jego karier\u0119 od dzieci\u0144stwa do wygranych wybor\u00f3w prezydenckich, czerpi\u0105c z \u00f3wczesnych medi\u00f3w, opracowa\u0144 naukowych, akt archiwalnych, wspomnie\u0144 (tak\u017ce tych niepublikowanych), niezliczonych wywiad\u00f3w prasowych i ksi\u0105\u017ckowych, przede wszystkich jednak z licznych rozm\u00f3w z jego przyjaci\u00f3\u0142mi, znajomymi, wsp\u00f3\u0142pracownikami i przeciwnikami politycznymi. To jedyny w swoim rodzaju portret polityka, kt\u00f3ry jak nikt inny w Polsce uciele\u015bni\u0142 ducha ko\u0144c\u00f3wki XX wieku. Lektura obowi\u0105zkowa dla wszystkich zainteresowanych polskim \u017cyciem politycznym .<\/p>\n","protected":false},"excerpt":{"rendered":"<p>Autor: Micha\u0142 Sutowski Wydawca: Wydawnictwo Krytyki Politycznej Oprawa: Twarda Format: [&hellip;]<\/p>\n","protected":false},"featured_media":18729,"template":"","meta":[],"product_brand":[],"product_cat":[38],"product_tag":[8262,67],"class_list":{"0":"post-18728","1":"product","2":"type-product","3":"status-publish","4":"has-post-thumbnail","6":"product_cat-historia","7":"product_tag-biografia","8":"product_tag-historia-polski","10":"first","11":"instock","12":"sale","13":"shipping-taxable","14":"purchasable","15":"product-type-simple"},"_links":{"self":[{"href":"http:\/\/ksiegarnia-akademicka.pl\/index.php\/wp-json\/wp\/v2\/product\/18728","targetHints":{"allow":["GET"]}}],"collection":[{"href":"http:\/\/ksiegarnia-akademicka.pl\/index.php\/wp-json\/wp\/v2\/product"}],"about":[{"href":"http:\/\/ksiegarnia-akademicka.pl\/index.php\/wp-json\/wp\/v2\/types\/product"}],"wp:featuredmedia":[{"embeddable":true,"href":"http:\/\/ksiegarnia-akademicka.pl\/index.php\/wp-json\/wp\/v2\/media\/18729"}],"wp:attachment":[{"href":"http:\/\/ksiegarnia-akademicka.pl\/index.php\/wp-json\/wp\/v2\/media?parent=18728"}],"wp:term":[{"taxonomy":"product_brand","embeddable":true,"href":"http:\/\/ksiegarnia-akademicka.pl\/index.php\/wp-json\/wp\/v2\/product_brand?post=18728"},{"taxonomy":"product_cat","embeddable":true,"href":"http:\/\/ksiegarnia-akademicka.pl\/index.php\/wp-json\/wp\/v2\/product_cat?post=18728"},{"taxonomy":"product_tag","embeddable":true,"href":"http:\/\/ksiegarnia-akademicka.pl\/index.php\/wp-json\/wp\/v2\/product_tag?post=18728"}],"curies":[{"name":"wp","href":"https:\/\/api.w.org\/{rel}","templated":true}]}}