{"id":18601,"date":"2024-11-20T11:23:16","date_gmt":"2024-11-20T10:23:16","guid":{"rendered":"http:\/\/ksiegarnia-akademicka.pl\/?post_type=product&#038;p=18601"},"modified":"2024-11-20T13:39:54","modified_gmt":"2024-11-20T12:39:54","slug":"sens-o-tym-co-wzmacnia","status":"publish","type":"product","link":"http:\/\/ksiegarnia-akademicka.pl\/index.php\/product\/sens-o-tym-co-wzmacnia\/","title":{"rendered":"Sens O tym co wzmacnia"},"content":{"rendered":"<p>Autor:<br \/>\nJan Kaczkowski<br \/>\nWydawca: WAM<br \/>\nOprawa: Twarda<br \/>\nFormat: 12.5&#215;19.5cm<br \/>\nLiczba stron: 192<br \/>\nWydanie: 1<br \/>\nRok wydania: 2024<br \/>\nJ\u0119zyk wydania: polski<\/p>\n<p>B\u00f3g nie jest poza naszym matriksem, jest w nim, jest w nas, jest dramatycznie blisko ka\u017cdego. Bez wzgl\u0119du na to, czy nam si\u0119 \u017cycie wali czy nie. B\u00f3g jest sta\u0142y, niezmienny, wierny. To my bywamy niewierni. Rozumowo to za\u0142o\u017cenie jeste\u015bmy w stanie przyj\u0105\u0107, emocjonalnie trudniej. Ale musimy to sobie powtarza\u0107, bo inaczej przestaniemy Mu ufa\u0107 i zwariujemy. Ksi\u0105dz Jan Kaczkowski, wyj\u0105tkowy i szczery do b\u00f3lu, daje wskaz\u00f3wki, jak przeprogramowa\u0107 siebie, pouk\u0142ada\u0107 relacje, u\u015bwiadomi\u0107 sobie, co jest najwa\u017cniejsze. Bo \u017cycie to jednorazowy i niepowtarzalny projekt, a cz\u0142owiek jest w stanie przekroczy\u0107 siebie, zadziwia\u0107 swoj\u0105 szlachetno\u015bci\u0105 i odnale\u017a\u0107 sens.<\/p>\n","protected":false},"excerpt":{"rendered":"<p>Autor: Jan Kaczkowski Wydawca: WAM Oprawa: Twarda Format: 12.5&#215;19.5cm Liczba [&hellip;]<\/p>\n","protected":false},"featured_media":18618,"template":"","meta":[],"product_brand":[],"product_cat":[7505,7506,27,7509],"product_tag":[1186,1660,6273],"class_list":{"0":"post-18601","1":"product","2":"type-product","3":"status-publish","4":"has-post-thumbnail","6":"product_cat-etyka","7":"product_cat-filozofia","8":"product_cat-nauki-spoleczne","9":"product_cat-psychologia","10":"product_tag-psychologia","11":"product_tag-samorealizacja","12":"product_tag-teologia","14":"first","15":"instock","16":"sale","17":"shipping-taxable","18":"purchasable","19":"product-type-simple"},"_links":{"self":[{"href":"http:\/\/ksiegarnia-akademicka.pl\/index.php\/wp-json\/wp\/v2\/product\/18601","targetHints":{"allow":["GET"]}}],"collection":[{"href":"http:\/\/ksiegarnia-akademicka.pl\/index.php\/wp-json\/wp\/v2\/product"}],"about":[{"href":"http:\/\/ksiegarnia-akademicka.pl\/index.php\/wp-json\/wp\/v2\/types\/product"}],"wp:featuredmedia":[{"embeddable":true,"href":"http:\/\/ksiegarnia-akademicka.pl\/index.php\/wp-json\/wp\/v2\/media\/18618"}],"wp:attachment":[{"href":"http:\/\/ksiegarnia-akademicka.pl\/index.php\/wp-json\/wp\/v2\/media?parent=18601"}],"wp:term":[{"taxonomy":"product_brand","embeddable":true,"href":"http:\/\/ksiegarnia-akademicka.pl\/index.php\/wp-json\/wp\/v2\/product_brand?post=18601"},{"taxonomy":"product_cat","embeddable":true,"href":"http:\/\/ksiegarnia-akademicka.pl\/index.php\/wp-json\/wp\/v2\/product_cat?post=18601"},{"taxonomy":"product_tag","embeddable":true,"href":"http:\/\/ksiegarnia-akademicka.pl\/index.php\/wp-json\/wp\/v2\/product_tag?post=18601"}],"curies":[{"name":"wp","href":"https:\/\/api.w.org\/{rel}","templated":true}]}}