{"id":18581,"date":"2024-11-18T14:16:16","date_gmt":"2024-11-18T13:16:16","guid":{"rendered":"http:\/\/ksiegarnia-akademicka.pl\/?post_type=product&#038;p=18581"},"modified":"2024-11-20T13:48:37","modified_gmt":"2024-11-20T12:48:37","slug":"wprowadzenie-do-logiki-dla-prawnikow","status":"publish","type":"product","link":"http:\/\/ksiegarnia-akademicka.pl\/index.php\/product\/wprowadzenie-do-logiki-dla-prawnikow\/","title":{"rendered":"Wprowadzenie do logiki dla prawnik\u00f3w"},"content":{"rendered":"<p>Nale\u017cy do serii:<br \/>\nSERIA AKADEMICKA<br \/>\nAutor:<br \/>\nOktawian Nawrot<br \/>\nWydawca: Wolters Kluwer<br \/>\nOprawa: Mi\u0119kka<br \/>\nFormat: 17.0&#215;24.0cm<br \/>\nLiczba stron: 390<br \/>\nWydanie: 6<br \/>\nRok wydania: 2024<br \/>\nJ\u0119zyk wydania: polski<\/p>\n<p>Wprowadzenie do logiki dla prawnik\u00f3w to, ciesz\u0105cy si\u0119 ju\u017c od kilkunastu lat zainteresowaniem i przychylno\u015bci\u0105 student\u00f3w, podr\u0119cznik akademicki. Wyr\u00f3\u017cnia go prostota j\u0119zyka, klarowno\u015b\u0107 wywodu oraz liczne przyk\u0142ady odnosz\u0105ce si\u0119 zar\u00f3wno do praktyki stosowania prawa, jak i sytuacji, kt\u00f3rych Czytelnik nieb\u0119d\u0105cy jeszcze zawodowym prawnikiem mo\u017ce do\u015bwiadcza\u0107 w \u017cyciu codziennym.<\/p>\n<p>W ksi\u0105\u017cce przedstawiono najwa\u017cniejsze zagadnienia z zakresu semiotyki logicznej, klasycznej logiki formalnej oraz og\u00f3lnej metodologii nauk z podkre\u015bleniem element\u00f3w szczeg\u00f3lnie przydatnych w pracy my\u015blowej prawnika. Om\u00f3wiono te\u017c m.in. kwestie interpretacji tekst\u00f3w prawnych, wnioskowanie prawnicze, problematyk\u0119 wypowiedzi modalnych i deontycznych oraz logik\u0119 erotetyczn\u0105.<\/p>\n<p>G\u0142\u00f3wnymi adresatami podr\u0119cznika s\u0105 studenci prawa i administracji. B\u0119dzie on r\u00f3wnie\u017c pomocny studentom innych kierunk\u00f3w spo\u0142ecznych, a tak\u017ce humanistycznych, maj\u0105cych w programie studi\u00f3w przedmioty logika lub og\u00f3lna metodologia nauk.<\/p>\n","protected":false},"excerpt":{"rendered":"<p>Nale\u017cy do serii: SERIA AKADEMICKA Autor: Oktawian Nawrot Wydawca: Wolters [&hellip;]<\/p>\n","protected":false},"featured_media":18627,"template":"","meta":[],"product_brand":[],"product_cat":[7497,18],"product_tag":[234,1008],"class_list":{"0":"post-18581","1":"product","2":"type-product","3":"status-publish","4":"has-post-thumbnail","6":"product_cat-ogolne-zagadnienia-prawa","7":"product_cat-prawo","8":"product_tag-logika","9":"product_tag-prawo","11":"first","12":"instock","13":"sale","14":"shipping-taxable","15":"purchasable","16":"product-type-simple"},"_links":{"self":[{"href":"http:\/\/ksiegarnia-akademicka.pl\/index.php\/wp-json\/wp\/v2\/product\/18581","targetHints":{"allow":["GET"]}}],"collection":[{"href":"http:\/\/ksiegarnia-akademicka.pl\/index.php\/wp-json\/wp\/v2\/product"}],"about":[{"href":"http:\/\/ksiegarnia-akademicka.pl\/index.php\/wp-json\/wp\/v2\/types\/product"}],"wp:featuredmedia":[{"embeddable":true,"href":"http:\/\/ksiegarnia-akademicka.pl\/index.php\/wp-json\/wp\/v2\/media\/18627"}],"wp:attachment":[{"href":"http:\/\/ksiegarnia-akademicka.pl\/index.php\/wp-json\/wp\/v2\/media?parent=18581"}],"wp:term":[{"taxonomy":"product_brand","embeddable":true,"href":"http:\/\/ksiegarnia-akademicka.pl\/index.php\/wp-json\/wp\/v2\/product_brand?post=18581"},{"taxonomy":"product_cat","embeddable":true,"href":"http:\/\/ksiegarnia-akademicka.pl\/index.php\/wp-json\/wp\/v2\/product_cat?post=18581"},{"taxonomy":"product_tag","embeddable":true,"href":"http:\/\/ksiegarnia-akademicka.pl\/index.php\/wp-json\/wp\/v2\/product_tag?post=18581"}],"curies":[{"name":"wp","href":"https:\/\/api.w.org\/{rel}","templated":true}]}}