{"id":18551,"date":"2024-11-14T10:14:53","date_gmt":"2024-11-14T09:14:53","guid":{"rendered":"http:\/\/ksiegarnia-akademicka.pl\/?post_type=product&#038;p=18551"},"modified":"2025-11-05T11:52:11","modified_gmt":"2025-11-05T10:52:11","slug":"prawo-miedzynarodowe-publiczne","status":"publish","type":"product","link":"http:\/\/ksiegarnia-akademicka.pl\/index.php\/product\/prawo-miedzynarodowe-publiczne\/","title":{"rendered":"Prawo mi\u0119dzynarodowe publiczne"},"content":{"rendered":"<p>Nale\u017cy do serii:<br \/>\nPODR\u0118CZNIKI PRAWNICZE<br \/>\nAutor:<br \/>\nAdam \u0141azowski<br \/>\nBarbara Sonczyk<br \/>\nRedakcja: Zawidzka-\u0141ojek Anna<br \/>\nWydawca: C.H. Beck<br \/>\nOprawa: Mi\u0119kka<br \/>\nFormat: 14.5&#215;20.5cm<br \/>\nLiczba stron: 398<br \/>\nWydanie: 5<br \/>\nRok wydania: 2022<br \/>\nJ\u0119zyk wydania: polski<\/p>\n<p>Podr\u0119cznik &#8222;Prawo mi\u0119dzynarodowe publiczne&#8221; to kompendium wiedzy z zakresu prawa mi\u0119dzynarodowego publicznego.<\/p>\n<p>Przedstawione zagadnienia obejmuj\u0105 m.in.:<\/p>\n<p>problematyk\u0119 \u017ar\u00f3de\u0142 prawa mi\u0119dzynarodowego,<br \/>\nproblematyk\u0119 podmiot\u00f3w tego\u017c systemu prawnego,<br \/>\nsposoby za\u0142atwiania spor\u00f3w mi\u0119dzynarodowych,<br \/>\nstatus jednostek w prawie mi\u0119dzynarodowym,<br \/>\naspekty prawne dzia\u0142alno\u015bci organizacji mi\u0119dzynarodowych.<br \/>\nPrawo mi\u0119dzynarodowe jako dziedzina przedstawione jest w spos\u00f3b dynamiczny, przy zachowaniu proporcji mi\u0119dzy teoretycznymi i praktycznymi aspektami funkcjonowania tego szczeg\u00f3lnego porz\u0105dku prawnego. Rozwa\u017cania doktrynalne wzbogacone s\u0105 analiz\u0105 praktyki mi\u0119dzynarodowej oraz orzecznictwa.<\/p>\n<p>W ka\u017cdym z rozdzia\u0142\u00f3w Czytelniczka i Czytelnik znajd\u0105 wykazy zalecanej literatury, kt\u00f3re mog\u0105 pos\u0142u\u017cy\u0107 jako punkt wyj\u015bcia dla dalszych studi\u00f3w nad prawem mi\u0119dzynarodowym publicznym.<\/p>\n<p>Publikacja jest adresowana przede wszystkim do student\u00f3w prawa oraz stosunk\u00f3w mi\u0119dzynarodowych.<\/p>\n","protected":false},"excerpt":{"rendered":"<p>Nale\u017cy do serii: PODR\u0118CZNIKI PRAWNICZE Autor: Adam \u0141azowski Barbara Sonczyk [&hellip;]<\/p>\n","protected":false},"featured_media":21343,"template":"","meta":[],"product_brand":[],"product_cat":[7530,18,7719],"product_tag":[1027,701],"class_list":{"0":"post-18551","1":"product","2":"type-product","3":"status-publish","4":"has-post-thumbnail","6":"product_cat-nowosci","7":"product_cat-prawo","8":"product_cat-prawo-miedzynarodowe","9":"product_tag-prawo-miedzynarodowe","10":"product_tag-seria-podreczniki-prawnicze","12":"first","13":"instock","14":"sale","15":"shipping-taxable","16":"purchasable","17":"product-type-simple"},"_links":{"self":[{"href":"http:\/\/ksiegarnia-akademicka.pl\/index.php\/wp-json\/wp\/v2\/product\/18551","targetHints":{"allow":["GET"]}}],"collection":[{"href":"http:\/\/ksiegarnia-akademicka.pl\/index.php\/wp-json\/wp\/v2\/product"}],"about":[{"href":"http:\/\/ksiegarnia-akademicka.pl\/index.php\/wp-json\/wp\/v2\/types\/product"}],"wp:featuredmedia":[{"embeddable":true,"href":"http:\/\/ksiegarnia-akademicka.pl\/index.php\/wp-json\/wp\/v2\/media\/21343"}],"wp:attachment":[{"href":"http:\/\/ksiegarnia-akademicka.pl\/index.php\/wp-json\/wp\/v2\/media?parent=18551"}],"wp:term":[{"taxonomy":"product_brand","embeddable":true,"href":"http:\/\/ksiegarnia-akademicka.pl\/index.php\/wp-json\/wp\/v2\/product_brand?post=18551"},{"taxonomy":"product_cat","embeddable":true,"href":"http:\/\/ksiegarnia-akademicka.pl\/index.php\/wp-json\/wp\/v2\/product_cat?post=18551"},{"taxonomy":"product_tag","embeddable":true,"href":"http:\/\/ksiegarnia-akademicka.pl\/index.php\/wp-json\/wp\/v2\/product_tag?post=18551"}],"curies":[{"name":"wp","href":"https:\/\/api.w.org\/{rel}","templated":true}]}}