{"id":18524,"date":"2024-11-13T08:38:42","date_gmt":"2024-11-13T07:38:42","guid":{"rendered":"http:\/\/ksiegarnia-akademicka.pl\/?post_type=product&#038;p=18524"},"modified":"2024-11-20T14:18:33","modified_gmt":"2024-11-20T13:18:33","slug":"ochrona-zabytkow-komentarz","status":"publish","type":"product","link":"http:\/\/ksiegarnia-akademicka.pl\/index.php\/product\/ochrona-zabytkow-komentarz\/","title":{"rendered":"Ochrona zabytk\u00f3w Komentarz"},"content":{"rendered":"<p>Autor:<br \/>\nAnna Michalak<br \/>\nArtur Ginter<br \/>\nWydawca: Wolters Kluwer<br \/>\nOprawa: Mi\u0119kka<br \/>\nLiczba stron: 601<br \/>\nWydanie: 2<br \/>\nRok wydania: 2024<br \/>\nJ\u0119zyk wydania: polski<\/p>\n<p>W komentarzu przeanalizowano formalnoprawne aspekty ochrony zabytk\u00f3w, odwo\u0142uj\u0105c si\u0119 do praktyki orzeczniczej s\u0105d\u00f3w administracyjnych. Omawiana ustawa zawiera szereg przepis\u00f3w reguluj\u0105cych zar\u00f3wno prawa, jak i obowi\u0105zki w\u0142a\u015bcicieli zabytk\u00f3w oraz instytucji odpowiedzialnych za ich ochron\u0119.<\/p>\n<p>Publikacja wskazuje problemy interpretacyjne, z jakimi mierz\u0105 si\u0119 urz\u0119dnicy stosuj\u0105cy przepisy, a tak\u017ce na trudno\u015bci napotykane przez podmioty realizuj\u0105ce inwestycje.<\/p>\n<p>Autorzy om\u00f3wili r\u00f3wnie\u017c przepisy ustawy z 13 lipca 2023 r. o zmianie ustawy o ochronie zabytk\u00f3w i opiece nad zabytkami, kt\u00f3rej celem jest regulacja przepis\u00f3w dotycz\u0105cych amatorskiego poszukiwania zabytk\u00f3w w Polsce. Wprowadzi\u0142a ona m.in. wy\u0142\u0105czenie z amatorskich poszukiwa\u0144 miejsc podlegaj\u0105cych ochronie konserwatorskiej, miejsc poch\u00f3wk\u00f3w, ka\u017ani i pomnik\u00f3w zag\u0142ady. Nowelizacja zacznie obowi\u0105zywa\u0107 od 1 maja 2025 r.<\/p>\n<p>Ksi\u0105\u017cka przeznaczona jest dla adwokat\u00f3w, prokurator\u00f3w, radc\u00f3w prawnych i s\u0119dzi\u00f3w, jak r\u00f3wnie\u017c pracownik\u00f3w wojew\u00f3dzkich urz\u0119d\u00f3w ochrony zabytk\u00f3w, zawodowych archeolog\u00f3w, poszukiwaczy, badaczy architektury, konserwator\u00f3w dzie\u0142 sztuki, muzealnik\u00f3w oraz posiadaczy zabytk\u00f3w.<\/p>\n","protected":false},"excerpt":{"rendered":"<p>Autor: Anna Michalak Artur Ginter Wydawca: Wolters Kluwer Oprawa: Mi\u0119kka [&hellip;]<\/p>\n","protected":false},"featured_media":18653,"template":"","meta":[],"product_brand":[],"product_cat":[7497,18],"product_tag":[1008,8330,4603],"class_list":{"0":"post-18524","1":"product","2":"type-product","3":"status-publish","4":"has-post-thumbnail","6":"product_cat-ogolne-zagadnienia-prawa","7":"product_cat-prawo","8":"product_tag-prawo","9":"product_tag-prawo-ochrony-zabytkow","10":"product_tag-seria-komentarze-praktyczne","12":"first","13":"instock","14":"sale","15":"shipping-taxable","16":"purchasable","17":"product-type-simple"},"_links":{"self":[{"href":"http:\/\/ksiegarnia-akademicka.pl\/index.php\/wp-json\/wp\/v2\/product\/18524","targetHints":{"allow":["GET"]}}],"collection":[{"href":"http:\/\/ksiegarnia-akademicka.pl\/index.php\/wp-json\/wp\/v2\/product"}],"about":[{"href":"http:\/\/ksiegarnia-akademicka.pl\/index.php\/wp-json\/wp\/v2\/types\/product"}],"wp:featuredmedia":[{"embeddable":true,"href":"http:\/\/ksiegarnia-akademicka.pl\/index.php\/wp-json\/wp\/v2\/media\/18653"}],"wp:attachment":[{"href":"http:\/\/ksiegarnia-akademicka.pl\/index.php\/wp-json\/wp\/v2\/media?parent=18524"}],"wp:term":[{"taxonomy":"product_brand","embeddable":true,"href":"http:\/\/ksiegarnia-akademicka.pl\/index.php\/wp-json\/wp\/v2\/product_brand?post=18524"},{"taxonomy":"product_cat","embeddable":true,"href":"http:\/\/ksiegarnia-akademicka.pl\/index.php\/wp-json\/wp\/v2\/product_cat?post=18524"},{"taxonomy":"product_tag","embeddable":true,"href":"http:\/\/ksiegarnia-akademicka.pl\/index.php\/wp-json\/wp\/v2\/product_tag?post=18524"}],"curies":[{"name":"wp","href":"https:\/\/api.w.org\/{rel}","templated":true}]}}